{"id":19787,"date":"2021-09-03T14:05:08","date_gmt":"2021-09-03T14:05:08","guid":{"rendered":"https:\/\/pyx4.com\/?page_id=19787"},"modified":"2022-09-09T15:54:03","modified_gmt":"2022-09-09T15:54:03","slug":"privacidad","status":"publish","type":"page","link":"https:\/\/pyx4.com\/es\/privacidad\/","title":{"rendered":"Privacidad"},"content":{"rendered":"<div class=\"gb-container gb-container-0e3e21f2\"><div class=\"gb-inside-container\">\n\n<h3 class=\"wp-block-heading\"><strong>1. Almacenamiento y uso de sus datos personales<\/strong><\/h3>\n\n\n\n<p>Los datos personales relativos al Usuario, recogidos directamente a trav\u00e9s de los formularios e indirectamente durante su navegaci\u00f3n hacia y en el Sitio, as\u00ed como toda la informaci\u00f3n futura, se destinan \u00fanicamente al uso exclusivo del Editor, as\u00ed como, en su caso, de las dem\u00e1s empresas de PYX4 encargadas de la distribuci\u00f3n de los servicios de PYX4, en funci\u00f3n de la localizaci\u00f3n geogr\u00e1fica del Usuario, en el marco de la implementaci\u00f3n de los servicios ofrecidos a los usuarios en el Sitio, as\u00ed como para el establecimiento de estad\u00edsticas de uso interno, y no son objeto de ninguna comunicaci\u00f3n o transferencia a terceros, salvo a los proveedores de servicios t\u00e9cnicos encargados de la gesti\u00f3n del Sitio, que est\u00e1n obligados a respetar la confidencialidad de la informaci\u00f3n y a utilizarla \u00fanicamente para la operaci\u00f3n muy precisa para la que deben intervenir.<\/p>\n\n\n\n<p>Este archivo s\u00f3lo es accesible para la direcci\u00f3n y el personal de marketing y ventas de <strong>PYX4<\/strong>.<\/p>\n\n\n\n<p>De acuerdo con la ley francesa sobre <a href=\"https:\/\/www.cnil.fr\/fr\/loi-78-17-du-6-janvier-1978-modifiee\" rel=\"noopener\">inform\u00e1tica y libertades<\/a>, puede ejercer su derecho de acceso y rectificaci\u00f3n de sus datos personales dirigi\u00e9ndose a<\/p>\n\n\n\n<p><strong>Edouard KODSI (Director de la publicaci\u00f3n)<\/strong><\/p>\n\n\n\n<p><strong>Newton Offices Lyon<\/strong><\/p>\n\n\n\n<p><strong>55 ter Av. Ren\u00e9 Cassin, 69009 Lyon<\/strong><\/p>\n\n\n\n<p>y\/o por correo electr\u00f3nico a <strong>contact[at]pyx4.com<\/strong> (v\u00e9ase \u00a73.1).<\/p>\n\n\n\n<h3 class=\"wp-block-heading\"><strong>2. Consentimiento y tratamiento de sus datos personales<\/strong><\/h3>\n\n\n\n<p>Al marcar la casilla de consentimiento obligatorio antes de enviar cada formulario en el sitio web <a href=\"https:\/\/pyx4.com\/\">pyx4.com<\/a> (\u00abAutorizo a PYX4 a ponerse en contacto conmigo de forma personalizada sobre sus servicios. Sus datos personales nunca ser\u00e1n comunicados a terceros\u00bb) usted autoriza expl\u00edcitamente el almacenamiento y el tratamiento de sus datos con el fin de informarle de nuestros servicios o informaci\u00f3n comercial.<\/p>\n\n\n\n<p>Usted autoriza :<\/p>\n\n\n\n<ul class=\"wp-block-list\"><li><strong>Un asesor de PYX4 <\/strong> se pondr\u00e1 en contacto con usted para cualquier relaci\u00f3n comercial<\/li><\/ul>\n\n\n\n<ul class=\"wp-block-list\"><li><strong>El departamento de marketing<\/strong> para enviarle informaci\u00f3n personalizada sobre nuestros servicios<\/li><\/ul>\n\n\n\n<ul class=\"wp-block-list\"><li><strong>Nuestra soluci\u00f3n de marketing conductual<\/strong> (Hubspot) Utilizamos la plataforma de marketing Hubspot para rastrear la navegaci\u00f3n de los visitantes en el sitio, recoger informaci\u00f3n sobre sus preferencias y gestionar los formularios del sitio. Hubspot registra informaci\u00f3n sobre las p\u00e1ginas que visita, la duraci\u00f3n de su visita, las p\u00e1ginas de las que procede, etc. La fecha de caducidad que se indica a continuaci\u00f3n representa el tiempo de vida de una cookie en su navegador, sabiendo que cuando caduque, y si el Usuario se conecta de nuevo al Sitio, se colocar\u00e1 autom\u00e1ticamente una nueva cookie en el ordenador del Usuario. Estos datos de comportamiento se almacenan en la Uni\u00f3n Europea.<\/li><\/ul>\n\n\n\n<p><strong>Consejo: <\/strong>\u00bfno desea dar su consentimiento? Ll\u00e1menos directamente al +33 (0)4 72 43 01 16. A continuaci\u00f3n, responderemos a sus preguntas por tel\u00e9fono.<\/p>\n\n\n\n<h3 class=\"wp-block-heading\"><strong>3. Retirada del consentimiento para sus datos personales<\/strong><\/h3>\n\n\n\n<h4 class=\"wp-block-heading\"><strong>3.1. Derecho de acceso a sus datos personales<\/strong><\/h4>\n\n\n\n<p>Tiene derecho a acceder, modificar y\/o eliminar sus datos personales en cualquier momento poni\u00e9ndose en contacto con nuestro departamento de inform\u00e1tica:<\/p>\n\n\n\n<p><strong>Por correo:<\/strong><\/p>\n\n\n\n<p><strong>PYX4<\/strong><\/p>\n\n\n\n<p><strong>Newton Offices Lyon<\/strong><\/p>\n\n\n\n<p><strong>55 ter Av. Ren\u00e9 Cassin, 69009 Lyon<\/strong><\/p>\n\n\n\n<p>acompa\u00f1ada de una copia de un documento de identidad. Idealmente, por correo certificado con acuse de recibo.<\/p>\n\n\n\n<p>En <strong>nuestras oficinas:<\/strong> con una prueba de identidad. La CNIL especifica: \u00abPuede ir acompa\u00f1ado de la persona que desee. La consulta debe durar lo suficiente como para tomar nota de forma c\u00f3moda y completa. Es posible solicitar una copia de los datos\u00bb.<\/p>\n\n\n\n<p>El responsable del fichero tiene un plazo m\u00e1ximo de respuesta de 2 meses a partir de la fecha de la solicitud, tanto si se hace por correo como en persona. La CNIL precisa: \u00abSi la solicitud est\u00e1 incompleta (por ejemplo, ausencia de un documento de identidad), el responsable del fichero tiene derecho a pedir informaci\u00f3n adicional: el plazo se suspende entonces y vuelve a correr una vez que se hayan facilitado estos elementos\u00bb.<\/p>\n\n\n\n<p>Los l\u00edmites del derecho de acceso se especifican en el sitio web de la CNIL y <a href=\"https:\/\/www.cnil.fr\/fr\/respecter-les-droits-des-personnes\" rel=\"noopener\">pueden consultarse haciendo clic aqu\u00ed<\/a>.<\/p>\n\n\n\n<h4 class=\"wp-block-heading\"><strong>3.2) Modificaci\u00f3n de sus suscripciones<\/strong><\/h4>\n\n\n\n<p>Tambi\u00e9n puede modificar libremente sus suscripciones a nuestras comunicaciones haciendo clic en \u00abModificar mis preferencias\u00bb en la parte inferior de cada una de nuestras comunicaciones enviadas por correo electr\u00f3nico.<\/p>\n\n\n\n<p>Para darse de baja de todas las comunicaciones de <strong>PYX4<\/strong>, debe hacer clic en el enlace para darse de baja que aparece en la parte inferior de nuestros correos electr\u00f3nicos. A continuaci\u00f3n, puede elegir:<\/p>\n\n\n\n<ul class=\"wp-block-list\"><li>Cambiar sus preferencias para recibir nuestras comunicaciones<\/li><li>Cancelar la suscripci\u00f3n a todas las comunicaciones de marketing y ventas hasta que vuelva a dar su consentimiento en el sitio web.<\/li><\/ul>\n\n<\/div><\/div>","protected":false},"excerpt":{"rendered":"<p>Su privacidad es nuestra prioridad<\/p>\n","protected":false},"author":8,"featured_media":0,"parent":0,"menu_order":15,"comment_status":"closed","ping_status":"closed","template":"","meta":{"_acf_changed":false,"inline_featured_image":false,"footnotes":""},"type_contenu":[],"secteur_activite":[],"produit_pyx4":[],"class_list":["post-19787","page","type-page","status-publish"],"acf":[],"_links":{"self":[{"href":"https:\/\/pyx4.com\/es\/wp-json\/wp\/v2\/pages\/19787","targetHints":{"allow":["GET"]}}],"collection":[{"href":"https:\/\/pyx4.com\/es\/wp-json\/wp\/v2\/pages"}],"about":[{"href":"https:\/\/pyx4.com\/es\/wp-json\/wp\/v2\/types\/page"}],"author":[{"embeddable":true,"href":"https:\/\/pyx4.com\/es\/wp-json\/wp\/v2\/users\/8"}],"replies":[{"embeddable":true,"href":"https:\/\/pyx4.com\/es\/wp-json\/wp\/v2\/comments?post=19787"}],"version-history":[{"count":6,"href":"https:\/\/pyx4.com\/es\/wp-json\/wp\/v2\/pages\/19787\/revisions"}],"predecessor-version":[{"id":27712,"href":"https:\/\/pyx4.com\/es\/wp-json\/wp\/v2\/pages\/19787\/revisions\/27712"}],"wp:attachment":[{"href":"https:\/\/pyx4.com\/es\/wp-json\/wp\/v2\/media?parent=19787"}],"wp:term":[{"taxonomy":"type_contenu","embeddable":true,"href":"https:\/\/pyx4.com\/es\/wp-json\/wp\/v2\/type_contenu?post=19787"},{"taxonomy":"secteur_activite","embeddable":true,"href":"https:\/\/pyx4.com\/es\/wp-json\/wp\/v2\/secteur_activite?post=19787"},{"taxonomy":"produit_pyx4","embeddable":true,"href":"https:\/\/pyx4.com\/es\/wp-json\/wp\/v2\/produit_pyx4?post=19787"}],"curies":[{"name":"wp","href":"https:\/\/api.w.org\/{rel}","templated":true}]}}