{"id":19785,"date":"2021-09-03T14:04:30","date_gmt":"2021-09-03T14:04:30","guid":{"rendered":"https:\/\/pyx4.com\/?page_id=19785"},"modified":"2022-09-09T15:52:31","modified_gmt":"2022-09-09T15:52:31","slug":"informacion-legal","status":"publish","type":"page","link":"https:\/\/pyx4.com\/es\/informacion-legal\/","title":{"rendered":"Informaci\u00f3n legal"},"content":{"rendered":"<div class=\"gb-container gb-container-4f5eed7e\"><div class=\"gb-inside-container\">\n\n<h2 class=\"gb-headline gb-headline-c5e1ab07 gb-headline-text\"><span class=\"ez-toc-section\" id=\"Definiciones\"><\/span>Definiciones<span class=\"ez-toc-section-end\"><\/span><\/h2>\n\n\n\n<p>Cliente: toda persona f\u00edsica profesional o capaz en el sentido de los art\u00edculos 1123 y siguientes del C\u00f3digo Civil franc\u00e9s, o persona jur\u00eddica, que visite el Sitio objeto de las presentes condiciones generales.<\/p>\n\n\n\n<p>Servicios : <a href=\"https:\/\/pyx4.com\" data-type=\"URL\">pyx4.com<\/a> proporciona a los clientes :<\/p>\n\n\n\n<p>Contenido: Todos los elementos que constituyen la informaci\u00f3n presente en el Sitio, en particular textos &#8211; im\u00e1genes &#8211; v\u00eddeos.<\/p>\n\n\n\n<p>Informaci\u00f3n al cliente: En lo sucesivo, la \u00abInformaci\u00f3n (s)\u00bb que corresponde a todos los datos personales que puede tener pyx4.com para la gesti\u00f3n de su cuenta, la gesti\u00f3n de las relaciones con los clientes y para fines de an\u00e1lisis y estad\u00edsticas.<\/p>\n\n\n\n<p>Usuario: usuario de Internet que se conecta y\/o utiliza el sitio web mencionado.<\/p>\n\n\n\n<p>Informaci\u00f3n personal: \u00abInformaci\u00f3n que permite, bajo cualquier forma, directa o indirectamente, la identificaci\u00f3n de las personas f\u00edsicas a las que se aplica\u00bb (art\u00edculo 4 de la ley n\u00b0 78-17 de 6 de enero de 1978).<\/p>\n\n\n\n<p>Los t\u00e9rminos \u00abdatos personales\u00bb, \u00abinteresado\u00bb, \u00absubencargado del tratamiento\u00bb y \u00abdatos sensibles\u00bb tienen el significado definido por el Reglamento General de Protecci\u00f3n de Datos (RGPD: n\u00b0 2016-679)<\/p>\n\n\n\n<h2 class=\"gb-headline gb-headline-15f2ef5a gb-headline-text\"><span class=\"ez-toc-section\" id=\"1_Presentacion_del_sitio_web\"><\/span>1. Presentaci\u00f3n del sitio web<span class=\"ez-toc-section-end\"><\/span><\/h2>\n\n\n\n<p>De conformidad con el art\u00edculo 6 de la Ley n\u00ba 2004-575 de 21 de junio de 2004 sobre la confianza en la econom\u00eda digital, se informa a los usuarios del sitio web <a href=\"https:\/\/pyx4.com\">pyx4.com<\/a> de la identidad de las distintas partes que participan en su creaci\u00f3n y seguimiento <\/p>\n\n\n\n<ul class=\"wp-block-list\"><li>Propietario: SAS PYX4 Capital social de 970 637,00\u20ac N\u00famero de IVA: FR23504331554 &#8211; Newton Offices &#8211; 55 ter Av. Ren\u00e9 Cassin 69009 Lyon <\/li><li>Responsable de la publicaci\u00f3n: PYX4 &#8211; info@pyx4.com El responsable de la publicaci\u00f3n es una persona f\u00edsica o jur\u00eddica <\/li><li>Webmaster : PYX4 &#8211; info[a]pyx4.com Host : Kinsa &#8211; Blvd #92581 West Hollywood California 90069 Santa Monica <\/li><li>Responsable de la protecci\u00f3n de datos : PYX4 &#8211; info[a]pyx4.com<\/li><\/ul>\n\n\n\n<h2 class=\"gb-headline gb-headline-e56fc5f4 gb-headline-text\"><span class=\"ez-toc-section\" id=\"2_Condiciones_generales_de_uso_del_sitio_y_de_los_servicios_ofrecidos\"><\/span>2. Condiciones generales de uso del sitio y de los servicios ofrecidos<span class=\"ez-toc-section-end\"><\/span><\/h2>\n\n\n\n<p>El Sitio constituye una obra intelectual protegida por las disposiciones del C\u00f3digo de la Propiedad Intelectual y los Reglamentos Internacionales aplicables. <br>El Cliente no podr\u00e1 en ning\u00fan caso reutilizar, transferir o explotar por cuenta propia la totalidad o parte de los elementos o trabajos del Sitio. <br>El uso del sitio <a href=\"https:\/\/pyx4.com\">pyx4.com<\/a> implica la aceptaci\u00f3n plena y completa de las condiciones generales de uso descritas a continuaci\u00f3n. <br>Estas condiciones de uso pueden ser modificadas o completadas en cualquier momento, por lo que se invita a los usuarios del sitio web <a href=\"https:\/\/pyx4.com\">pyx4.com<\/a> a consultarlas regularmente. Este sitio web es normalmente accesible para los usuarios en todo momento. <br>No obstante, <a href=\"https:\/\/pyx4.com\">pyx4.com<\/a> puede decidir interrumpir el sitio web por motivos de mantenimiento t\u00e9cnico y se esforzar\u00e1 por informar a los usuarios de las fechas y horas de la intervenci\u00f3n con antelaci\u00f3n. <br>Del mismo modo, los avisos legales pueden modificarse en cualquier momento: no obstante, son vinculantes para el usuario, al que se le invita a consultarlos con la mayor frecuencia posible para tener conocimiento de ellos.<br><br><br><br><br><\/p>\n\n\n\n<h2 class=\"gb-headline gb-headline-c2c98ae7 gb-headline-text\"><span class=\"ez-toc-section\" id=\"3_Descripcion_de_los_servicios_prestados\"><\/span>3. Descripci\u00f3n de los servicios prestados<span class=\"ez-toc-section-end\"><\/span><\/h2>\n\n\n\n<p>El objetivo del sitio web <a href=\"https:\/\/pyx4.com\">pyx4.com<\/a> es ofrecer informaci\u00f3n sobre todas las actividades de la empresa. PYX4 se esfuerza por ofrecer en el sitio web <a href=\"https:\/\/pyx4.com\">pyx4.com<\/a> una informaci\u00f3n lo m\u00e1s exacta posible. Sin embargo, no se le puede responsabilizar de las omisiones, inexactitudes y deficiencias en la actualizaci\u00f3n, ya sean culpa suya o de los terceros asociados que proporcionan esta informaci\u00f3n. Toda la informaci\u00f3n que aparece en el sitio web <a href=\"https:\/\/pyx4.com\">pyx4.com<\/a> se ofrece a t\u00edtulo informativo y est\u00e1 sujeta a cambios. Adem\u00e1s, la informaci\u00f3n del sitio web <a href=\"https:\/\/pyx4.com\">pyx4.com<\/a> no es exhaustiva. Se da a condici\u00f3n de que se hayan hecho modificaciones desde que se puso en l\u00ednea.<\/p>\n\n\n\n<h2 class=\"gb-headline gb-headline-d82ab739 gb-headline-text\"><span class=\"ez-toc-section\" id=\"4_Limitaciones_contractuales_de_los_datos_tecnicos\"><\/span>4. Limitaciones contractuales de los datos t\u00e9cnicos<span class=\"ez-toc-section-end\"><\/span><\/h2>\n\n\n\n<p>PYX4 no se hace responsable de los da\u00f1os materiales relacionados con el uso del sitio. Adem\u00e1s, el usuario del sitio se compromete a acceder al mismo utilizando un equipo reciente, libre de virus y con un navegador actualizado. El sitio <a href=\"https:\/\/pyx4.com\">pyx4.com<\/a> est\u00e1 alojado en un proveedor de servicios de la Uni\u00f3n Europea de acuerdo con las disposiciones del Reglamento General de Protecci\u00f3n de Datos (RGPD: n\u00b0 2016-679). El anfitri\u00f3n garantiza la continuidad de su servicio las 24 horas del d\u00eda, todos los d\u00edas del a\u00f1o. Sin embargo, se reserva el derecho de interrumpir el servicio de alojamiento durante el menor tiempo posible, en particular para fines de mantenimiento, para mejorar sus infraestructuras, en caso de fallo de sus infraestructuras o si los Servicios generan un tr\u00e1fico considerado anormal. PYX4 y el anfitri\u00f3n no podr\u00e1n ser considerados responsables en caso de mal funcionamiento de la red Internet, de las l\u00edneas telef\u00f3nicas o de los equipos inform\u00e1ticos y telef\u00f3nicos vinculados, en particular, a la congesti\u00f3n de la red que impida el acceso al servidor.<\/p>\n\n\n\n<h2 class=\"gb-headline gb-headline-e3595eaf gb-headline-text\"><span class=\"ez-toc-section\" id=\"5_Propiedad_intelectual_y_falsificacion\"><\/span>5. Propiedad intelectual y falsificaci\u00f3n<span class=\"ez-toc-section-end\"><\/span><\/h2>\n\n\n\n<p>PYX4 es el propietario de los derechos de propiedad intelectual y posee los derechos de uso sobre todos los elementos accesibles en el sitio web, en particular los textos, im\u00e1genes, gr\u00e1ficos, logotipos, v\u00eddeos, iconos y sonidos. Cualquier reproducci\u00f3n, representaci\u00f3n, modificaci\u00f3n, publicaci\u00f3n, adaptaci\u00f3n de la totalidad o parte de los elementos del sitio, cualquiera que sea el medio o procedimiento utilizado, est\u00e1 prohibida, salvo autorizaci\u00f3n previa por escrito de PYX4. Toda utilizaci\u00f3n no autorizada del sitio o de alguno de los elementos que contiene se considerar\u00e1 constitutiva de infracci\u00f3n y ser\u00e1 perseguida de conformidad con las disposiciones de los art\u00edculos L.335-2 y siguientes del C\u00f3digo de la Propiedad Intelectual.<\/p>\n\n\n\n<h2 class=\"wp-block-heading\"><span class=\"ez-toc-section\" id=\"6_Limitaciones_de_responsabilidad\"><\/span>6. Limitaciones de responsabilidad <span class=\"ez-toc-section-end\"><\/span><\/h2>\n\n\n\n<p>PYX4 act\u00faa como editor del sitio. <br>PYX4 es responsable de la calidad y veracidad de los contenidos que publica. <br>PYX4 no se hace responsable de los da\u00f1os directos e indirectos causados al equipo del usuario al acceder al sitio web <a href=\"https:\/\/pyx4.com\" data-type=\"URL\" data-id=\"pyx4.com\">pyx4.com<\/a>, y que sean consecuencia bien del uso de un equipo que no cumpla las especificaciones indicadas en el punto 4, bien de la aparici\u00f3n de un error o incompatibilidad. <br>PYX4 no se hace responsable de los da\u00f1os indirectos (como la p\u00e9rdida de mercado o la p\u00e9rdida de oportunidades) derivados del uso del sitio web <a href=\"https:\/\/pyx4.com\">pyx4.com<\/a>. Los usuarios disponen de zonas interactivas (posibilidad de hacer preguntas en la zona de contacto). <br>PYX4 se reserva el derecho de eliminar, sin previo aviso, cualquier contenido publicado en este espacio que contravenga la legislaci\u00f3n aplicable en Francia, en particular las disposiciones relativas a la protecci\u00f3n de datos. En su caso, PYX4 tambi\u00e9n se reserva el derecho de exigir la responsabilidad civil y\/o penal del usuario, especialmente en el caso de mensajes de car\u00e1cter racista, insultante, difamatorio o pornogr\u00e1fico, sea cual sea el medio utilizado (texto, fotograf\u00edas, etc.).<\/p>\n\n\n\n<h2 class=\"gb-headline gb-headline-020904ec gb-headline-text\"><span class=\"ez-toc-section\" id=\"7_Gestion_de_datos_personales\"><\/span>7. Gesti\u00f3n de datos personales <span class=\"ez-toc-section-end\"><\/span><\/h2>\n\n\n\n<p>El Cliente est\u00e1 informado de la normativa relativa a la comunicaci\u00f3n de marketing, la ley de 21 de junio de 2014 para la confianza en la Econom\u00eda Digital, la Ley de Protecci\u00f3n de Datos de 06 de agosto de 2004, as\u00ed como el Reglamento General de Protecci\u00f3n de Datos (RGPD: n\u00b0 2016-679) <\/p>\n\n\n\n<h3 class=\"gb-headline gb-headline-9d529916 gb-headline-text\">7.1 Responsables de la recogida de datos personales<\/h3>\n\n\n\n<p>Para los Datos Personales recogidos en el marco de la creaci\u00f3n de la cuenta personal del Usuario y su navegaci\u00f3n en el Sitio, el responsable del tratamiento de los Datos Personales es: PYX4. Como responsable del tratamiento de los datos que recoge, PYX4 se compromete a respetar las disposiciones legales vigentes. En particular, es su responsabilidad establecer las finalidades de su tratamiento de datos, proporcionar a sus prospectos y clientes, a partir de la recogida de sus consentimientos, una informaci\u00f3n completa sobre el tratamiento de sus datos personales y mantener un registro del tratamiento conforme a la realidad. Siempre que PYX4 procesa Datos Personales, toma todas las medidas razonables para garantizar la exactitud y pertinencia de los Datos Personales recogidos.<\/p>\n\n\n\n<h3 class=\"gb-headline gb-headline-fd6366a7 gb-headline-text\">7.2 Finalidad de los datos recogidos <\/h3>\n\n\n\n<p>PYX4 es susceptible de tratar total o parcialmente los datos: para permitir la navegaci\u00f3n en el Sitio, la gesti\u00f3n y la trazabilidad de los servicios solicitados por el usuario: datos de conexi\u00f3n y uso del Sitio, facturaci\u00f3n, historial de pedidos, etc. para prevenir y luchar contra el fraude inform\u00e1tico (spamming, hacking&#8230;): equipo inform\u00e1tico utilizado para la navegaci\u00f3n, direcci\u00f3n IP, para mejorar la navegaci\u00f3n en el Sitio: datos de conexi\u00f3n y uso para realizar encuestas de satisfacci\u00f3n opcionales en <a href=\"https:\/\/pyx4.com\">pyx4.com<\/a>: direcci\u00f3n de correo electr\u00f3nico para realizar campa\u00f1as de comunicaci\u00f3n (sms, correo electr\u00f3nico). PYX4 no vende sus datos personales, que s\u00f3lo se utilizan con fines estad\u00edsticos y de an\u00e1lisis <\/p>\n\n\n\n<h3 class=\"gb-headline gb-headline-d3cc4727 gb-headline-text\">7.3 Derecho de acceso, rectificaci\u00f3n y oposici\u00f3n <\/h3>\n\n\n\n<p>De acuerdo con la normativa europea vigente, los usuarios de <a href=\"https:\/\/pyx4.com\" data-type=\"URL\" data-id=\"pyx4.com\">pyx4.com<\/a> tienen los siguientes derechos: derecho de acceso (art\u00edculo 15 RGPD) y rectificaci\u00f3n (art\u00edculo 16 RGPD), actualizaci\u00f3n, integridad de los datos de los Usuarios derecho de bloqueo o supresi\u00f3n de los datos personales de los Usuarios (art\u00edculo 17 RGPD), cuando sean inexactos, incompletos, equ\u00edvocos, obsoletos, o cuya recogida, utilizaci\u00f3n, derecho a retirar el consentimiento en cualquier momento (art\u00edculo 13-2c del RGPD) derecho a limitar el tratamiento de los datos de los Usuarios (art\u00edculo 18 del RGPD) derecho a oponerse al tratamiento de los datos de los Usuarios (art\u00edculo 21 del RGPD) derecho a la portabilidad de los datos facilitados por los Usuarios, cuando dichos datos sean objeto de un tratamiento automatizado basado en su consentimiento o en un contrato (art\u00edculo 20 del RGPD) derecho a definir el destino de los datos de los Usuarios tras su fallecimiento y a elegir a qui\u00e9n <a href=\"https:\/\/pyx4.com\">pyx4.com<\/a> comunicar\u00e1 (o no) sus datos a un tercero que haya designado previamente. Tan pronto como <a href=\"https:\/\/pyx4.com\">pyx4.com<\/a> tenga conocimiento del fallecimiento de un Usuario y en ausencia de instrucciones por su parte, <a href=\"https:\/\/pyx4.com\">pyx4.com<\/a> se compromete a destruir sus datos, salvo que su conservaci\u00f3n sea necesaria a efectos probatorios o para cumplir una obligaci\u00f3n legal. Por \u00faltimo, los usuarios de <a href=\"https:\/\/pyx4.com\">pyx4.com<\/a> pueden presentar una reclamaci\u00f3n ante las autoridades de control, en particular la CNIL (<a href=\"https:\/\/www.cnil.fr\/fr\/plaintes\" rel=\"noopener\">https:\/\/www.cnil.fr\/fr\/plaintes<\/a>) <\/p>\n\n\n\n<h3 class=\"gb-headline gb-headline-3761c838 gb-headline-text\">7.4 No divulgaci\u00f3n de datos personales <\/h3>\n\n\n\n<p><a href=\"https:\/\/pyx4.com\">pyx4.com<\/a> no tratar\u00e1, alojar\u00e1 o transferir\u00e1 la Informaci\u00f3n recogida sobre sus Clientes a un pa\u00eds situado fuera de la Uni\u00f3n Europea o reconocido como \u00abno adecuado\u00bb por la Comisi\u00f3n Europea sin informar previamente al cliente. No obstante, PYX4 sigue siendo libre de elegir a sus subcontratistas t\u00e9cnicos y comerciales siempre que presenten garant\u00edas suficientes respecto a las exigencias del Reglamento General de Protecci\u00f3n de Datos (RGPD: n\u00b0 2016-679). PYX4 se compromete a tomar todas las precauciones necesarias para preservar la seguridad de la Informaci\u00f3n y, en particular, para que no sea comunicada a personas no autorizadas. No obstante, si se pone en conocimiento de PYX4 un incidente que afecte a la integridad o confidencialidad de la Informaci\u00f3n del Cliente, \u00e9ste deber\u00e1 informar al Cliente a la mayor brevedad posible y comunicarle las medidas correctoras adoptadas. Adem\u00e1s, PYX4 no recoge ning\u00fan \u00abdato sensible\u00bb.<\/p>\n\n\n\n<h2 class=\"gb-headline gb-headline-5cb1ad69 gb-headline-text\"><span class=\"ez-toc-section\" id=\"8_Notificacion_de_incidentes\"><\/span>8. Notificaci\u00f3n de incidentes <span class=\"ez-toc-section-end\"><\/span><\/h2>\n\n\n\n<p>A pesar de nuestros esfuerzos, ning\u00fan m\u00e9todo de transmisi\u00f3n por Internet y ning\u00fan m\u00e9todo de almacenamiento electr\u00f3nico es completamente seguro. Por lo tanto, no podemos garantizar una seguridad absoluta. Si tenemos conocimiento de una violaci\u00f3n de la seguridad, lo notificaremos a los usuarios afectados para que puedan tomar las medidas oportunas. Nuestros procedimientos de notificaci\u00f3n de incidentes tienen en cuenta nuestras obligaciones legales, tanto a nivel nacional como europeo. Nos comprometemos a informar plenamente a nuestros clientes de todo lo relacionado con la seguridad de su cuenta y a proporcionarles toda la informaci\u00f3n necesaria para ayudarles a cumplir sus propias obligaciones de informaci\u00f3n reglamentaria. Ninguna informaci\u00f3n personal del usuario del sitio web <a href=\"https:\/\/pyx4.com\">https:\/\/pyx4.com<\/a> se publica sin el conocimiento del usuario, se intercambia, se transfiere, se cede o se vende en ning\u00fan medio a terceros. S\u00f3lo la asunci\u00f3n de la recompra de <a href=\"https:\/\/pyx4.com\">https:\/\/pyx4.com<\/a> y sus derechos permitir\u00eda la transmisi\u00f3n de dicha informaci\u00f3n al eventual comprador que a su vez estar\u00eda obligado a la misma obligaci\u00f3n de conservaci\u00f3n y modificaci\u00f3n de los datos respecto al usuario del sitio <a href=\"https:\/\/pyx4.com\">https:\/\/pyx4.com<\/a>. Seguridad Para garantizar la seguridad y la confidencialidad de los Datos Personales y de los Datos Personales de Salud, https:\/\/pyx4.com utiliza redes protegidas por dispositivos est\u00e1ndar como cortafuegos, seudonimizaci\u00f3n, cifrado y contrase\u00f1as. Al procesar los datos personales, <a href=\"https:\/\/pyx4.com\">https:\/\/pyx4.com<\/a> tien toma todas las medidas razonables para protegerlos de la p\u00e9rdida, el uso indebido, el acceso no autorizado, la divulgaci\u00f3n, la alteraci\u00f3n o la destrucci\u00f3n.<\/p>\n\n\n\n<h2 class=\"gb-headline gb-headline-22a3f88c gb-headline-text\"><span class=\"ez-toc-section\" id=\"9_Enlaces_de_hipertexto_cookies_y_etiquetas_de_Internet\"><\/span>9. Enlaces de hipertexto, cookies y etiquetas de Internet <span class=\"ez-toc-section-end\"><\/span><\/h2>\n\n\n\n<p>El sitio web <a href=\"https:\/\/pyx4.com\">https:\/\/pyx4.com<\/a> contiene una serie de hiperv\u00ednculos a otros sitios web, creados con la autorizaci\u00f3n de https:\/\/pyx4.com. Sin embargo, https:\/\/pyx4.com no tiene la posibilidad de comprobar el contenido de los sitios as\u00ed visitados, y en consecuencia no asumir\u00e1 ninguna responsabilidad al respecto. A menos que decida desactivar las cookies, usted acepta que el sitio las utilice. Usted puede desactivar estas cookies en cualquier momento y de forma gratuita utilizando las opciones de desactivaci\u00f3n que se le ofrecen y que se recuerdan a continuaci\u00f3n, sabiendo que esto puede reducir o impedir el acceso a la totalidad o parte de los Servicios ofrecidos por el sitio <\/p>\n\n\n\n<h3 class=\"gb-headline gb-headline-e4acdf45 gb-headline-text\">9.1 \u00abCOOKIES <\/h3>\n\n\n\n<p>Una \u00abcookie\u00bb es un peque\u00f1o archivo de informaci\u00f3n que se env\u00eda al navegador del Usuario y se almacena en el terminal del mismo (por ejemplo, ordenador, smartphone), (en adelante, \u00abCookies\u00bb). Este archivo incluye informaci\u00f3n como el nombre de dominio del usuario, el proveedor de servicios de Internet del usuario, el sistema operativo del usuario y la fecha y hora de acceso. Las cookies no pueden en ning\u00fan caso da\u00f1ar el terminal del Usuario. <a href=\"https:\/\/pyx4.com\">https:\/\/pyx4.com<\/a> es susceptible de procesar la informaci\u00f3n del Usuario relativa a su visita al Sitio, como las p\u00e1ginas consultadas y las b\u00fasquedas realizadas. Esta informaci\u00f3n permite a <a href=\"https:\/\/pyx4.com\">https:\/\/pyx4.com<\/a> mejorar el contenido del Sitio y la experiencia de navegaci\u00f3n del Usuario. Las cookies facilitan la navegaci\u00f3n y\/o la prestaci\u00f3n de los servicios ofrecidos por el Sitio, pudiendo el Usuario configurar su navegador para que le permita decidir si las acepta o no, de forma que las cookies se almacenen en el terminal o, por el contrario, las rechace, ya sea de forma sistem\u00e1tica o en funci\u00f3n de su emisor. El Usuario tambi\u00e9n puede configurar su software de navegaci\u00f3n para que se le proponga la aceptaci\u00f3n o el rechazo de las Cookies cada cierto tiempo, antes de que una Cookie sea susceptible de ser grabada en su terminal. <a href=\"https:\/\/pyx4.com\">https:\/\/pyx4.com<\/a> informa al Usuario que, en este caso, es posible que no est\u00e9n disponibles todas las funcionalidades de su software de navegaci\u00f3n. Si el Usuario rechaza el almacenamiento de Cookies en su terminal o navegador, o si el Usuario elimina las almacenadas, se le informa de que su navegaci\u00f3n y experiencia en el Sitio puede verse limitada. Tambi\u00e9n podr\u00eda darse el caso de que <a href=\"https:\/\/pyx4.com\">https:\/\/pyx4.com<\/a> o uno de sus proveedores de servicios no pueda reconocer, por motivos de compatibilidad t\u00e9cnica, el tipo de navegador utilizado por el terminal, el idioma y la configuraci\u00f3n de la pantalla o el pa\u00eds desde el que el terminal parece estar conectado a Internet. En su caso, <a href=\"https:\/\/pyx4.com\">https:\/\/pyx4.com<\/a> declina toda responsabilidad por las consecuencias vinculadas al funcionamiento degradado del Sitio y de cualquier servicio ofrecido por <a href=\"https:\/\/pyx4.com\">https:\/\/pyx4.com<\/a>, resultantes de (i) el rechazo de las Cookies por parte del Usuario (ii) la imposibilidad para <a href=\"https:\/\/pyx4.com\">https:\/\/pyx4.com<\/a> de registrar o consultar las Cookies necesarias para su funcionamiento debido a la elecci\u00f3n del Usuario. Para la gesti\u00f3n de las Cookies y las elecciones del Usuario, la configuraci\u00f3n de cada navegador es diferente. Se describe en el men\u00fa de ayuda del navegador, que mostrar\u00e1 c\u00f3mo el Usuario puede modificar sus deseos respecto a las Cookies. En cualquier momento, el Usuario puede optar por expresar y modificar sus deseos con respecto a las Cookies. <a href=\"https:\/\/pyx4.com\">https:\/\/pyx4.com<\/a> tambi\u00e9n puede utilizar los servicios de proveedores de servicios externos para ayudarle a recopilar y procesar la informaci\u00f3n descrita en esta secci\u00f3n. Por \u00faltimo, al hacer clic en los iconos dedicados a las redes sociales Twitter, Facebook, Linkedin y Google Plus que aparecen en el Sitio Web <a href=\"https:\/\/pyx4.com\">https:\/\/pyx4.com<\/a> o en su aplicaci\u00f3n m\u00f3vil y si el Usuario ha aceptado el dep\u00f3sito de cookies al continuar navegando en el Sitio Web <a href=\"https:\/\/pyx4.com\">https:\/\/pyx4.com<\/a> o en la aplicaci\u00f3n m\u00f3vil, Twitter, Facebook, Linkedin y Google Plus tambi\u00e9n podr\u00e1n depositar cookies en sus terminales (ordenador, tableta, tel\u00e9fono m\u00f3vil). Este tipo de cookies s\u00f3lo se depositan en sus terminales si usted lo consiente, al continuar su navegaci\u00f3n en el Sitio Web o en la aplicaci\u00f3n m\u00f3vil de <a href=\"https:\/\/pyx4.com\">https:\/\/pyx4.com<\/a>. No obstante, en cualquier momento, el Usuario puede revocar su consentimiento para que <a href=\"https:\/\/pyx4.com\">https:\/\/pyx4.com<\/a> deposite este tipo de cookies <\/p>\n\n\n\n<h3 class=\"gb-headline gb-headline-20416b2a gb-headline-text\">9.2. ETIQUETAS DE INTERNET <\/h3>\n\n\n\n<p><a href=\"https:\/\/pyx4.com\">https:\/\/pyx4.com<\/a> puede emplear ocasionalmente balizas web (tambi\u00e9n conocidas como \u00abetiquetas\u00bb, etiquetas de acci\u00f3n, GIFs de un solo p\u00edxel, GIFs transparentes, GIFs invisibles y GIFs uno a uno) y desplegarlas a trav\u00e9s de un socio de an\u00e1lisis web que puede estar ubicado (y por lo tanto almacenar informaci\u00f3n sobre ellos, incluyendo la direcci\u00f3n IP del Usuario) en un pa\u00eds extranjero. Estas balizas se colocan tanto en los anuncios en l\u00ednea que permiten a los usuarios acceder al Sitio, como en las distintas p\u00e1ginas del mismo. Esta tecnolog\u00eda permite a <a href=\"https:\/\/pyx4.com\">https:\/\/pyx4.com<\/a> evaluar las respuestas de los visitantes al Sitio y la eficacia de sus acciones (por ejemplo, el n\u00famero de veces que se abre una p\u00e1gina y la informaci\u00f3n consultada), as\u00ed como el uso de este Sitio por parte del Usuario. El proveedor de servicios externo puede recopilar informaci\u00f3n sobre los visitantes del Sitio y de otros sitios web a trav\u00e9s de estas etiquetas, compilar informes sobre la actividad del Sitio para <a href=\"https:\/\/pyx4.com\">https:\/\/pyx4.com<\/a> y prestar otros servicios relacionados con el uso del Sitio y de Internet.<\/p>\n\n\n\n<h2 class=\"gb-headline gb-headline-2a4d022c gb-headline-text\"><span class=\"ez-toc-section\" id=\"10_Legislacion_y_jurisdiccion_aplicables\"><\/span>10. Legislaci\u00f3n y jurisdicci\u00f3n aplicables<span class=\"ez-toc-section-end\"><\/span><\/h2>\n\n\n\n<p>Cualquier litigio relacionado con el uso del sitio web <a href=\"https:\/\/pyx4.com\">https:\/\/pyx4.com<\/a> est\u00e1 sujeto a la legislaci\u00f3n francesa. Salvo en los casos en que la ley no lo permita, la jurisdicci\u00f3n exclusiva se otorga a los tribunales competentes de Lyon<\/p>\n\n<\/div><\/div>","protected":false},"excerpt":{"rendered":"<p>Definiciones Cliente: toda persona f\u00edsica profesional o capaz en el sentido de los art\u00edculos 1123 y siguientes del C\u00f3digo Civil franc\u00e9s, o persona jur\u00eddica, que &#8230; <a title=\"Informaci\u00f3n legal\" class=\"read-more\" href=\"https:\/\/pyx4.com\/es\/informacion-legal\/\" aria-label=\"Leer m\u00e1s sobre Informaci\u00f3n legal\">Lire la suite<\/a><\/p>\n","protected":false},"author":8,"featured_media":0,"parent":0,"menu_order":14,"comment_status":"closed","ping_status":"closed","template":"","meta":{"_acf_changed":false,"inline_featured_image":false,"footnotes":""},"type_contenu":[],"secteur_activite":[],"produit_pyx4":[],"class_list":["post-19785","page","type-page","status-publish"],"acf":[],"_links":{"self":[{"href":"https:\/\/pyx4.com\/es\/wp-json\/wp\/v2\/pages\/19785","targetHints":{"allow":["GET"]}}],"collection":[{"href":"https:\/\/pyx4.com\/es\/wp-json\/wp\/v2\/pages"}],"about":[{"href":"https:\/\/pyx4.com\/es\/wp-json\/wp\/v2\/types\/page"}],"author":[{"embeddable":true,"href":"https:\/\/pyx4.com\/es\/wp-json\/wp\/v2\/users\/8"}],"replies":[{"embeddable":true,"href":"https:\/\/pyx4.com\/es\/wp-json\/wp\/v2\/comments?post=19785"}],"version-history":[{"count":5,"href":"https:\/\/pyx4.com\/es\/wp-json\/wp\/v2\/pages\/19785\/revisions"}],"predecessor-version":[{"id":27709,"href":"https:\/\/pyx4.com\/es\/wp-json\/wp\/v2\/pages\/19785\/revisions\/27709"}],"wp:attachment":[{"href":"https:\/\/pyx4.com\/es\/wp-json\/wp\/v2\/media?parent=19785"}],"wp:term":[{"taxonomy":"type_contenu","embeddable":true,"href":"https:\/\/pyx4.com\/es\/wp-json\/wp\/v2\/type_contenu?post=19785"},{"taxonomy":"secteur_activite","embeddable":true,"href":"https:\/\/pyx4.com\/es\/wp-json\/wp\/v2\/secteur_activite?post=19785"},{"taxonomy":"produit_pyx4","embeddable":true,"href":"https:\/\/pyx4.com\/es\/wp-json\/wp\/v2\/produit_pyx4?post=19785"}],"curies":[{"name":"wp","href":"https:\/\/api.w.org\/{rel}","templated":true}]}}