{"id":19569,"date":"2021-09-03T10:22:33","date_gmt":"2021-09-03T10:22:33","guid":{"rendered":"https:\/\/pyx4.com\/?page_id=19569"},"modified":"2021-09-04T07:30:30","modified_gmt":"2021-09-04T07:30:30","slug":"programador-full-stack","status":"publish","type":"page","link":"https:\/\/pyx4.com\/es\/reclutamiento\/programador-full-stack\/","title":{"rendered":"Programador Full Stack H\/M"},"content":{"rendered":"\n<h2 class=\"wp-block-heading\"><span class=\"ez-toc-section\" id=\"Tipo_de_contrato_A_tiempo_completo\"><\/span><strong>Tipo de contrato:<\/strong> A tiempo completo<span class=\"ez-toc-section-end\"><\/span><\/h2>\n\n\n\n<h2 class=\"wp-block-heading\"><span class=\"ez-toc-section\" id=\"Ubicacion_MONTREAL\"><\/span><strong>Ubicaci\u00f3n:<\/strong> MONTREAL<span class=\"ez-toc-section-end\"><\/span><\/h2>\n\n\n\n<h3 class=\"gb-headline gb-headline-ea97467c gb-headline-text\"><strong>La empresa :<\/strong><\/h3>\n\n\n\n<p>PYX4 es una empresa de software <strong>franco-canadiense<\/strong> que desarrolla y comercializa una suite de software para la gesti\u00f3n de organizaciones basada en procesos. Sus clientes son empresas que quieren <strong>cambiar y optimizar sus operaciones<\/strong>. PYX4 ya ha convencido a Orange, Areva, Demathieu &amp; Bard, DP WORLD, EDF ENR, el Banco de Francia, el Ministerio de Defensa, BIM in motion y muchas peque\u00f1as y medianas empresas y compa\u00f1\u00edas \u00e1giles<\/p>\n\n\n\n<p>El paquete de software PYX4 se basa en 4 m\u00f3dulos:<\/p>\n\n\n\n<ul class=\"wp-block-list\"><li><a href=\"https:\/\/pyx4.com\/es\/soluciones\/plataforma-pyx4\/pyx4-process\/\" data-type=\"page\" data-id=\"19241\"><strong>PYX4 Process<\/strong><\/a> : Modelizaci\u00f3n y descripci\u00f3n gr\u00e1fica de los procesos<\/li><li><a href=\"https:\/\/pyx4.com\/es\/soluciones\/plataforma-pyx4\/pyx4-improver\/\" data-type=\"page\" data-id=\"19243\"><strong>PYX4 Improver<\/strong><\/a>: Gesti\u00f3n del proceso de mejora continua<\/li><li><a href=\"https:\/\/pyx4.com\/solutions\/produits\/pyx4-risk\/\"><strong>PYX4 Risk<\/strong><\/a> : Gesti\u00f3n de riesgos y oportunidades<\/li><li><a href=\"https:\/\/pyx4.com\/solutions\/produits\/pyx4-store\/\"><strong>PYX4 Store<\/strong><\/a> Armonizaci\u00f3n de las pr\u00e1cticas organizativas<\/li><\/ul>\n\n\n\n<p>Con una orientaci\u00f3n decidida <strong>hacia la innovaci\u00f3n<\/strong>, PYX4 desarrolla la aplicaci\u00f3n seg\u00fan una arquitectura multientidad que se apoya en tecnolog\u00edas modernas y de alto rendimiento (Ruby on rails, React, etc.). Este conjunto se diferencia por su ergonom\u00eda y su manejo intuitivo.<\/p>\n\n\n\n<p>Como parte del desarrollo de su estructura canadiense, PYX4 est\u00e1 reclutando varios desarrolladores Full Stack que se unir\u00e1n a <strong>un equipo de desarrollo que trabaja en modo \u00e1gil (SCRUM)<\/strong>.<\/p>\n\n\n\n<p>Situado en el <strong>coraz\u00f3n del Plateau Mont-Royal<\/strong> (a 2 minutos de la estaci\u00f3n de metro) en un lugar propicio para los intercambios y la colaboraci\u00f3n, las misiones que se le confiar\u00e1n son :<\/p>\n\n\n\n<h2 class=\"wp-block-heading\"><span class=\"ez-toc-section\" id=\"El_puesto\"><\/span><strong>El puesto :<\/strong><span class=\"ez-toc-section-end\"><\/span><\/h2>\n\n\n\n<p>Al unirse a nuestro equipo, ser\u00e1 responsable de:<\/p>\n\n\n\n<ul class=\"wp-block-list\"><li>Analizar, desarrollar, mejorar y mantener m\u00f3dulos, principalmente utilizando tecnolog\u00edas REACT \/ Ruby on Rails.<\/li><li>Participar en todas las fases del ciclo de desarrollo: an\u00e1lisis, arquitectura, dise\u00f1o, implementaci\u00f3n, pruebas e integraci\u00f3n, despliegue.<\/li><li>Implantaci\u00f3n de arquitecturas de aplicaci\u00f3n robustas.<\/li><li>Proponer las soluciones tecnol\u00f3gicas m\u00e1s adecuadas para garantizar la sostenibilidad de nuestras aplicaciones.<\/li><li>Dise\u00f1ar y desarrollar componentes tecnol\u00f3gicos reutilizables.<\/li><li>Elaborar documentos t\u00e9cnicos.<\/li><\/ul>\n\n\n\n<h2 class=\"wp-block-heading\"><span class=\"ez-toc-section\" id=\"Competencias_tecnicas\"><\/span><strong>Competencias t\u00e9cnicas :<\/strong><span class=\"ez-toc-section-end\"><\/span><\/h2>\n\n\n\n<ul class=\"wp-block-list\"><li>Front-end : <strong>REACT, REDUX<\/strong>, <strong>Javascript<\/strong>, Html5, SASS,<\/li><li>Back-end : <strong>Ruby on Rails, GraphQL<\/strong><\/li><li>Base de datos: MySQL<\/li><li>Gestor de versiones: Git<\/li><li>Administraci\u00f3n del sistema: Linux (Debian),  <\/li><li>Otros: Elasticsearch<\/li><\/ul>\n\n\n\n<h2 class=\"wp-block-heading\"><span class=\"ez-toc-section\" id=\"Su_perfil\"><\/span><strong>Su perfil:<\/strong><span class=\"ez-toc-section-end\"><\/span><\/h2>\n\n\n\n<ul class=\"wp-block-list\"><li>Escribir c\u00f3digo de calidad respetando las mejores pr\u00e1cticas (rubocop, linting)<\/li><li>Escribir pruebas es algo natural para usted (unidad, integraci\u00f3n, e2e)<\/li><li>Estar familiarizado con la revisi\u00f3n de c\u00f3digo, ser proactivo y escuchar bien<\/li><li>Tienes una mentalidad artesanal hacia el c\u00f3digo existente: si lo tocas, lo arreglas<\/li><li>Le gusta dar su opini\u00f3n sobre cuestiones de arquitectura de software y bases de datos<\/li><li>Antepones el \u00e9xito del equipo al tuyo propio<\/li><\/ul>\n\n\n\n<h2 class=\"wp-block-heading\"><span class=\"ez-toc-section\" id=\"Otros_requisitos\"><\/span>Otros requisitos :<span class=\"ez-toc-section-end\"><\/span><\/h2>\n\n\n\n<ul class=\"wp-block-list\"><li>Comunicador natural, din\u00e1mico y met\u00f3dico<\/li><li>Sentido del trabajo en equipo<\/li><li>Comunicaci\u00f3n profesional eficaz en ingl\u00e9s y franc\u00e9s<\/li><li>Movilidad a nuestra sede en Lyon (Francia) para misiones ocasionales<\/li><\/ul>\n\n\n\n<p>Aproveche la oportunidad de incorporarse a una empresa din\u00e1mica de dimensi\u00f3n internacional que le ofrecer\u00e1 verdaderas perspectivas de desarrollo<\/p>\n\n\n\n<p><strong>Env\u00ede su CV + carta de presentaci\u00f3n a jobs@pyx4.com<\/strong><\/p>\n","protected":false},"excerpt":{"rendered":"<p>\u00danete al equipo de PYX4!<\/p>\n","protected":false},"author":8,"featured_media":0,"parent":19261,"menu_order":1,"comment_status":"closed","ping_status":"closed","template":"","meta":{"_acf_changed":false,"inline_featured_image":false,"footnotes":""},"type_contenu":[],"secteur_activite":[],"produit_pyx4":[],"class_list":["post-19569","page","type-page","status-publish"],"acf":[],"_links":{"self":[{"href":"https:\/\/pyx4.com\/es\/wp-json\/wp\/v2\/pages\/19569","targetHints":{"allow":["GET"]}}],"collection":[{"href":"https:\/\/pyx4.com\/es\/wp-json\/wp\/v2\/pages"}],"about":[{"href":"https:\/\/pyx4.com\/es\/wp-json\/wp\/v2\/types\/page"}],"author":[{"embeddable":true,"href":"https:\/\/pyx4.com\/es\/wp-json\/wp\/v2\/users\/8"}],"replies":[{"embeddable":true,"href":"https:\/\/pyx4.com\/es\/wp-json\/wp\/v2\/comments?post=19569"}],"version-history":[{"count":3,"href":"https:\/\/pyx4.com\/es\/wp-json\/wp\/v2\/pages\/19569\/revisions"}],"predecessor-version":[{"id":20142,"href":"https:\/\/pyx4.com\/es\/wp-json\/wp\/v2\/pages\/19569\/revisions\/20142"}],"up":[{"embeddable":true,"href":"https:\/\/pyx4.com\/es\/wp-json\/wp\/v2\/pages\/19261"}],"wp:attachment":[{"href":"https:\/\/pyx4.com\/es\/wp-json\/wp\/v2\/media?parent=19569"}],"wp:term":[{"taxonomy":"type_contenu","embeddable":true,"href":"https:\/\/pyx4.com\/es\/wp-json\/wp\/v2\/type_contenu?post=19569"},{"taxonomy":"secteur_activite","embeddable":true,"href":"https:\/\/pyx4.com\/es\/wp-json\/wp\/v2\/secteur_activite?post=19569"},{"taxonomy":"produit_pyx4","embeddable":true,"href":"https:\/\/pyx4.com\/es\/wp-json\/wp\/v2\/produit_pyx4?post=19569"}],"curies":[{"name":"wp","href":"https:\/\/api.w.org\/{rel}","templated":true}]}}