{"id":19566,"date":"2021-09-03T10:21:57","date_gmt":"2021-09-03T10:21:57","guid":{"rendered":"https:\/\/pyx4.com\/?page_id=19566"},"modified":"2021-09-04T07:29:17","modified_gmt":"2021-09-04T07:29:17","slug":"consultor-senior-bpm","status":"publish","type":"page","link":"https:\/\/pyx4.com\/es\/reclutamiento\/consultor-senior-bpm\/","title":{"rendered":"Consultor senior BPM H\/M"},"content":{"rendered":"\n<h2 class=\"wp-block-heading\"><span class=\"ez-toc-section\" id=\"Tipo_de_contrato_A_tiempo_completo\"><\/span><strong>Tipo de contrato:<\/strong> A tiempo completo<span class=\"ez-toc-section-end\"><\/span><\/h2>\n\n\n\n<h2 class=\"wp-block-heading\"><span class=\"ez-toc-section\" id=\"Ubicacion_Francia\"><\/span><strong>Ubicaci\u00f3n:<\/strong> Francia<span class=\"ez-toc-section-end\"><\/span><\/h2>\n\n\n\n<h3 class=\"gb-headline gb-headline-72de7a30 gb-headline-text\"><strong>La empresa :<\/strong><\/h3>\n\n\n\n<p>PYX4 es una empresa de software <strong>franco-canadiense<\/strong> que desarrolla y comercializa una suite de software para la gesti\u00f3n de organizaciones basadas en procesos. Sus clientes son empresas que quieren <strong>cambiar y optimizar sus operaciones<\/strong>. PYX4 ya ha convencido a Orange, Areva, Demathieu &amp; Bard, DP WORLD, EDF ENR, el Banco de Francia, el Ministerio de Defensa, BIM in motion y muchas peque\u00f1as y medianas empresas y compa\u00f1\u00edas \u00e1giles<\/p>\n\n\n\n<p>El paquete de software PYX4 se basa en 4 m\u00f3dulos:<\/p>\n\n\n\n<ul class=\"wp-block-list\"><li><a href=\"https:\/\/pyx4.com\/es\/soluciones\/plataforma-pyx4\/pyx4-process\/\" data-type=\"page\" data-id=\"19241\"><strong>PYX4 Process<\/strong><\/a> : Modelizaci\u00f3n y descripci\u00f3n gr\u00e1fica de los procesos<\/li><li><a href=\"https:\/\/pyx4.com\/solutions\/produits\/pyx4-improver\/\"><strong>PYX4 Improver<\/strong><\/a>: Gesti\u00f3n del proceso de mejora continua<\/li><li><a href=\"https:\/\/pyx4.com\/es\/soluciones\/plataforma-pyx4\/pyx4-risk\/\" data-type=\"page\" data-id=\"19247\"><strong>PYX4 Risk<\/strong><\/a> : Gesti\u00f3n de riesgos y oportunidades<\/li><li><a href=\"https:\/\/pyx4.com\/es\/soluciones\/plataforma-pyx4\/pyx4-store\/\" data-type=\"page\" data-id=\"19249\"><strong>PYX4 Store<\/strong><\/a> Armonizaci\u00f3n de las pr\u00e1cticas organizativas<\/li><\/ul>\n\n\n\n<p>Con una orientaci\u00f3n decidida <strong>hacia la innovaci\u00f3n<\/strong>, PYX4 desarrolla la aplicaci\u00f3n seg\u00fan una arquitectura multientidad que se apoya en tecnolog\u00edas modernas y de alto rendimiento (Ruby on rails, React, etc.). Este conjunto se diferencia por su ergonom\u00eda y su manejo intuitivo.<\/p>\n\n\n\n<p>En el marco del desarrollo de su estructura canadiense, PYX4 contrata a varios desarrolladores Full Stack que enriquecer\u00e1n <strong>un equipo de desarrollo que funciona en modo \u00e1gil (SCRUM)<\/strong>.<\/p>\n\n\n\n<h2 class=\"wp-block-heading\"><span class=\"ez-toc-section\" id=\"El_puesto\"><\/span><strong>El puesto:<\/strong><span class=\"ez-toc-section-end\"><\/span><\/h2>\n\n\n\n<p><strong>Al unirse a nuestro equipo basado en el 7\u00ba distrito de Lyon, ser\u00e1 responsable de :<\/strong><\/p>\n\n\n\n<ul class=\"wp-block-list\"><li>Garantizar el \u00e9xito de la implantaci\u00f3n de la soluci\u00f3n en las instalaciones de nuestros clientes mediante servicios de apoyo\/formaci\u00f3n.<\/li><li>Mantener una relaci\u00f3n de confianza con nuestros clientes para garantizar que la soluci\u00f3n satisface sus necesidades empresariales.<\/li><li>Gestor de cuentas para una parte de la cartera de clientes.<\/li><li>Proponer soluciones a sus problemas, en particular a trav\u00e9s de propuestas de upselling o apoyo adicional como gestor de cuentas.<\/li><li>Apoyando al equipo de ventas, aportar\u00e1 la dimensi\u00f3n empresarial a la venta realizando demostraciones y ofreciendo apoyo para maximizar las posibilidades de \u00e9xito del cliente potencial.<\/li><li>Mantener una relaci\u00f3n de confianza con nuestros clientes para garantizar que la soluci\u00f3n satisface sus necesidades empresariales.<\/li><li>Desarrollar la venta de los servicios de la Unidad de Negocio.<\/li><li>Participar en el desarrollo de contenidos publicados en nuestros medios sociales sobre los campos de especializaci\u00f3n de Pyx4.<\/li><li>Participar en la especificaci\u00f3n de alto nivel de la soluci\u00f3n. Validar que las soluciones implementadas en el conjunto de software satisfacen las necesidades de los clientes.<\/li><li>Estar al tanto de las tendencias del negocio y de los nuevos problemas de los clientes, participar en la priorizaci\u00f3n de los desarrollos<br><\/li><\/ul>\n\n\n\n<h2 class=\"wp-block-heading\"><span class=\"ez-toc-section\" id=\"Su_perfil\"><\/span><strong>Su perfil:<\/strong><span class=\"ez-toc-section-end\"><\/span><\/h2>\n\n\n\n<ul class=\"wp-block-list\"><li>BAC+5 o equivalente<\/li><li>&gt; 8 a\u00f1os de experiencia<\/li><li>Experiencia significativa (+ 5 a\u00f1os) como consultor BPM \/ RISK<\/li><li>Buen conocimiento de las personas de calidad\/rendimiento\/control interno<\/li><li>Antepones el \u00e9xito del equipo al tuyo propio<\/li><\/ul>\n\n\n\n<p><strong>Posibilidad de teletrabajo &lt;&#8211;<\/strong><\/p>\n\n\n\n<p>Su lugar de residencia no requiere la necesidad de estar en la zona de Lyon, sin embargo se recomienda una presencia en la agencia cada 15 d\u00edas<br><\/p>\n\n\n\n<h2 class=\"wp-block-heading\"><span class=\"ez-toc-section\" id=\"Otros_requisitos\"><\/span><strong>Otros requisitos :<\/strong><span class=\"ez-toc-section-end\"><\/span><\/h2>\n\n\n\n<ul class=\"wp-block-list\"><li>Comunicador natural, din\u00e1mico y met\u00f3dico<\/li><li>Sentido del trabajo en equipo<\/li><li>Comunicaci\u00f3n profesional eficaz en ingl\u00e9s y franc\u00e9s<\/li><li>Movilidad en toda Francia y Europa\u00a1Obtenga<br>la oportunidad de incorporarse a una empresa din\u00e1mica de dimensi\u00f3n internacional que le ofrecer\u00e1 verdaderas perspectivas de desarrollo!<br><\/li><\/ul>\n\n\n\n<p>Aproveche la oportunidad de incorporarse a una empresa din\u00e1mica de dimensi\u00f3n internacional que le ofrecer\u00e1 verdaderas perspectivas de desarrollo<\/p>\n\n\n\n<p><strong>Env\u00ede su CV + carta de presentaci\u00f3n a jobs@pyx4.com<\/strong><\/p>\n","protected":false},"excerpt":{"rendered":"<p>\u00danete al equipo de PYX4!<\/p>\n","protected":false},"author":8,"featured_media":0,"parent":19261,"menu_order":1,"comment_status":"closed","ping_status":"closed","template":"","meta":{"_acf_changed":false,"inline_featured_image":false,"footnotes":""},"type_contenu":[],"secteur_activite":[],"produit_pyx4":[],"class_list":["post-19566","page","type-page","status-publish"],"acf":[],"_links":{"self":[{"href":"https:\/\/pyx4.com\/es\/wp-json\/wp\/v2\/pages\/19566","targetHints":{"allow":["GET"]}}],"collection":[{"href":"https:\/\/pyx4.com\/es\/wp-json\/wp\/v2\/pages"}],"about":[{"href":"https:\/\/pyx4.com\/es\/wp-json\/wp\/v2\/types\/page"}],"author":[{"embeddable":true,"href":"https:\/\/pyx4.com\/es\/wp-json\/wp\/v2\/users\/8"}],"replies":[{"embeddable":true,"href":"https:\/\/pyx4.com\/es\/wp-json\/wp\/v2\/comments?post=19566"}],"version-history":[{"count":4,"href":"https:\/\/pyx4.com\/es\/wp-json\/wp\/v2\/pages\/19566\/revisions"}],"predecessor-version":[{"id":20140,"href":"https:\/\/pyx4.com\/es\/wp-json\/wp\/v2\/pages\/19566\/revisions\/20140"}],"up":[{"embeddable":true,"href":"https:\/\/pyx4.com\/es\/wp-json\/wp\/v2\/pages\/19261"}],"wp:attachment":[{"href":"https:\/\/pyx4.com\/es\/wp-json\/wp\/v2\/media?parent=19566"}],"wp:term":[{"taxonomy":"type_contenu","embeddable":true,"href":"https:\/\/pyx4.com\/es\/wp-json\/wp\/v2\/type_contenu?post=19566"},{"taxonomy":"secteur_activite","embeddable":true,"href":"https:\/\/pyx4.com\/es\/wp-json\/wp\/v2\/secteur_activite?post=19566"},{"taxonomy":"produit_pyx4","embeddable":true,"href":"https:\/\/pyx4.com\/es\/wp-json\/wp\/v2\/produit_pyx4?post=19566"}],"curies":[{"name":"wp","href":"https:\/\/api.w.org\/{rel}","templated":true}]}}