{"id":19261,"date":"2021-07-01T09:40:00","date_gmt":"2021-07-01T09:40:00","guid":{"rendered":"https:\/\/pyx4.com\/?page_id=19261"},"modified":"2021-09-04T10:51:39","modified_gmt":"2021-09-04T10:51:39","slug":"reclutamiento","status":"publish","type":"page","link":"https:\/\/pyx4.com\/es\/reclutamiento\/","title":{"rendered":"Reclutamiento"},"content":{"rendered":"<div class=\"gb-container gb-container-88c315f3\"><div class=\"gb-inside-container\">\n<div class=\"gb-grid-wrapper gb-grid-wrapper-8c2da279\">\n<div class=\"gb-grid-column gb-grid-column-78422c5f\"><div class=\"gb-container gb-container-78422c5f\"><div class=\"gb-inside-container\">\n\n<h2 class=\"gb-headline gb-headline-0ccdf061 gb-headline-text\"><span class=\"ez-toc-section\" id=\"Unete_al_equipo_de_PYX4\"><\/span>\u00danete al equipo de PYX4<span class=\"ez-toc-section-end\"><\/span><\/h2>\n\n\n\n<p>En PYX4, la experiencia es un est\u00e1ndar que debemos aplicar en todas las etapas del viaje del cliente. Para garantizar este resultado, nos apoyamos sobre todo en la dimensi\u00f3n humana y en el talento de nuestros expertos comerciales, desde el desarrollo del software hasta el enfoque comercial, pasando por nuestros consultores.<\/p>\n\n\n\n<p>\u00danase a un equipo din\u00e1mico en el que la dimensi\u00f3n humana es una prioridad.<\/p>\n\n<\/div><\/div><\/div>\n\n<div class=\"gb-grid-column gb-grid-column-5194d64c\"><div class=\"gb-container gb-container-5194d64c\"><div class=\"gb-inside-container\">\n\n<div class=\"wp-block-image job-thumbnail\"><figure class=\"aligncenter size-large\"><img decoding=\"async\" width=\"1024\" height=\"682\" src=\"https:\/\/pyx4.com\/wp-content\/uploads\/2021\/05\/pexels-sora-shimazaki-5673488-1-1024x682.jpg\" alt=\"\" class=\"wp-image-13813\" srcset=\"https:\/\/pyx4.com\/wp-content\/uploads\/2021\/05\/pexels-sora-shimazaki-5673488-1-1024x682.jpg 1024w, https:\/\/pyx4.com\/wp-content\/uploads\/2021\/05\/pexels-sora-shimazaki-5673488-1-300x200.jpg 300w, https:\/\/pyx4.com\/wp-content\/uploads\/2021\/05\/pexels-sora-shimazaki-5673488-1-768x512.jpg 768w, https:\/\/pyx4.com\/wp-content\/uploads\/2021\/05\/pexels-sora-shimazaki-5673488-1-1536x1024.jpg 1536w, https:\/\/pyx4.com\/wp-content\/uploads\/2021\/05\/pexels-sora-shimazaki-5673488-1.jpg 2000w\" sizes=\"(max-width: 1024px) 100vw, 1024px\" \/><\/figure><\/div>\n\n<\/div><\/div><\/div>\n<\/div>\n<\/div><\/div>\n\n<div class=\"gb-container gb-container-24d38812\"><div class=\"gb-inside-container\">\n\n<h2 class=\"gb-headline gb-headline-db725011 gb-headline-text\"><span class=\"ez-toc-section\" id=\"Puestos_a_cubrir\"><\/span>Puestos a cubrir<span class=\"ez-toc-section-end\"><\/span><\/h2>\n\n\n<div class=\"gb-grid-column gb-grid-column-c6220efe\"><div class=\"gb-container gb-container-c6220efe job-wrapper\"><div class=\"gb-inside-container\">\n<div class=\"gb-grid-wrapper gb-grid-wrapper-60d5d37b\">\n<div class=\"gb-grid-column gb-grid-column-986a2a83\"><div class=\"gb-container gb-container-986a2a83\"><div class=\"gb-inside-container\">\n\n<span class=\"job-type\">CDI<\/span><span class=\"job-type\">Montreal<\/span>\n\n\n\n<h4 class=\"gb-headline gb-headline-90bbebf2 gb-headline-text wp-block-heading\"><strong><strong><strong><strong>Consultor Senior BPM &#8211; (H\/M) &#8211; Ubicaci\u00f3n: LYON (FR)<\/strong><\/strong><\/strong><\/strong><\/h4>\n\n\n\n<p>Si la satisfacci\u00f3n del cliente y la innovaci\u00f3n est\u00e1n en el centro de sus preocupaciones, \u00a1no busque m\u00e1s que esta oferta para usted! Se trata de un equipo din\u00e1mico en el que la dimensi\u00f3n humana es importante.<\/p>\n\n<\/div><\/div><\/div>\n\n<div class=\"gb-grid-column gb-grid-column-8f8d5efa\"><div class=\"gb-container gb-container-8f8d5efa\"><div class=\"gb-inside-container\">\n<div class=\"gb-button-wrapper gb-button-wrapper-6e60bbda\">\n\n<a class=\"gb-button gb-button-153fc271 gb-button-text\" href=\"https:\/\/pyx4.com\/es\/reclutamiento\/consultor-senior-bpm\/\">Ver la oferta &gt;<\/a>\n\n<\/div>\n<\/div><\/div><\/div>\n<\/div>\n<\/div><\/div><\/div>\n\n<div class=\"gb-grid-column gb-grid-column-308fb5f5\"><div class=\"gb-container gb-container-308fb5f5 job-wrapper\"><div class=\"gb-inside-container\">\n<div class=\"gb-grid-wrapper gb-grid-wrapper-ffa51323\">\n<div class=\"gb-grid-column gb-grid-column-c2e42017\"><div class=\"gb-container gb-container-c2e42017\"><div class=\"gb-inside-container\">\n\n<span class=\"job-type\">A tiempo completo<\/span><span class=\"job-type\">Montreal<\/span>\n\n\n\n<h4 class=\"gb-headline gb-headline-90bbebf2 gb-headline-text wp-block-heading\"><strong>Programador Full Stack (M\/F)<\/strong> &#8211; Ubicaci\u00f3n: MONTREAL (CA)<\/h4>\n\n\n\n<p>Se trata de una oportunidad para incorporarse a una empresa internacional y din\u00e1mica que le ofrecer\u00e1 verdaderas perspectivas de desarrollo. En el marco del desarrollo de nuestra estructura en Canad\u00e1, estamos contratando a varios programadores-analistas. No busques m\u00e1s, \u00a1este trabajo es para ti!<\/p>\n\n<\/div><\/div><\/div>\n\n<div class=\"gb-grid-column gb-grid-column-afe43066\"><div class=\"gb-container gb-container-afe43066\"><div class=\"gb-inside-container\">\n<div class=\"gb-button-wrapper gb-button-wrapper-97e25842\">\n\n<a class=\"gb-button gb-button-3013724e gb-button-text\" href=\"https:\/\/pyx4.com\/es\/reclutamiento\/programador-full-stack\/\">Ver la oferta &gt;<\/a>\n\n<\/div>\n<\/div><\/div><\/div>\n<\/div>\n<\/div><\/div><\/div>\n\n<div class=\"gb-grid-column gb-grid-column-304246ec\"><div class=\"gb-container gb-container-304246ec job-wrapper\"><div class=\"gb-inside-container\">\n<div class=\"gb-grid-wrapper gb-grid-wrapper-2172da99\">\n<div class=\"gb-grid-column gb-grid-column-ccbb7003\"><div class=\"gb-container gb-container-ccbb7003\"><div class=\"gb-inside-container\">\n\n<span class=\"job-type\">V.I.E<\/span><span class=\"job-type\">Montreal<\/span>\n\n\n\n<h4 class=\"gb-headline gb-headline-90bbebf2 gb-headline-text wp-block-heading\"><strong>Programador Full Stack (H\/M)<\/strong> &#8211; Ubicaci\u00f3n: LYON (FR) a MONTREAL (CA) &#8211; V.I.E.<\/h4>\n\n\n\n<p>Se trata de una oportunidad para incorporarse a una empresa internacional y din\u00e1mica que le ofrecer\u00e1 verdaderas perspectivas de desarrollo. En el marco del desarrollo de nuestra estructura en Canad\u00e1, estamos contratando a varios programadores-analistas. No busques m\u00e1s, \u00a1este trabajo es para ti!<\/p>\n\n<\/div><\/div><\/div>\n\n<div class=\"gb-grid-column gb-grid-column-57352f25\"><div class=\"gb-container gb-container-57352f25\"><div class=\"gb-inside-container\">\n<div class=\"gb-button-wrapper gb-button-wrapper-61cb2060\">\n\n<a class=\"gb-button gb-button-d3f4e168 gb-button-text\" href=\"https:\/\/pyx4.com\/es\/reclutamiento\/programador-full-stack\/\">Ver la oferta &gt;<\/a>\n\n<\/div>\n<\/div><\/div><\/div>\n<\/div>\n<\/div><\/div><\/div>\n<\/div><\/div>","protected":false},"excerpt":{"rendered":"<p>Nuestros puestos vacantes<\/p>\n","protected":false},"author":8,"featured_media":0,"parent":0,"menu_order":9,"comment_status":"closed","ping_status":"closed","template":"","meta":{"_acf_changed":false,"inline_featured_image":false,"footnotes":""},"type_contenu":[],"secteur_activite":[],"produit_pyx4":[],"class_list":["post-19261","page","type-page","status-publish"],"acf":[],"_links":{"self":[{"href":"https:\/\/pyx4.com\/es\/wp-json\/wp\/v2\/pages\/19261","targetHints":{"allow":["GET"]}}],"collection":[{"href":"https:\/\/pyx4.com\/es\/wp-json\/wp\/v2\/pages"}],"about":[{"href":"https:\/\/pyx4.com\/es\/wp-json\/wp\/v2\/types\/page"}],"author":[{"embeddable":true,"href":"https:\/\/pyx4.com\/es\/wp-json\/wp\/v2\/users\/8"}],"replies":[{"embeddable":true,"href":"https:\/\/pyx4.com\/es\/wp-json\/wp\/v2\/comments?post=19261"}],"version-history":[{"count":4,"href":"https:\/\/pyx4.com\/es\/wp-json\/wp\/v2\/pages\/19261\/revisions"}],"predecessor-version":[{"id":20419,"href":"https:\/\/pyx4.com\/es\/wp-json\/wp\/v2\/pages\/19261\/revisions\/20419"}],"wp:attachment":[{"href":"https:\/\/pyx4.com\/es\/wp-json\/wp\/v2\/media?parent=19261"}],"wp:term":[{"taxonomy":"type_contenu","embeddable":true,"href":"https:\/\/pyx4.com\/es\/wp-json\/wp\/v2\/type_contenu?post=19261"},{"taxonomy":"secteur_activite","embeddable":true,"href":"https:\/\/pyx4.com\/es\/wp-json\/wp\/v2\/secteur_activite?post=19261"},{"taxonomy":"produit_pyx4","embeddable":true,"href":"https:\/\/pyx4.com\/es\/wp-json\/wp\/v2\/produit_pyx4?post=19261"}],"curies":[{"name":"wp","href":"https:\/\/api.w.org\/{rel}","templated":true}]}}