{"id":19256,"date":"2021-09-02T17:41:36","date_gmt":"2021-09-02T17:41:36","guid":{"rendered":"https:\/\/pyx4.com\/?page_id=19256"},"modified":"2022-07-22T07:54:19","modified_gmt":"2022-07-22T07:54:19","slug":"contacto","status":"publish","type":"page","link":"https:\/\/pyx4.com\/es\/contacto\/","title":{"rendered":"Contacto"},"content":{"rendered":"\n<p><\/p>\n\n\n<div class=\"gb-container gb-container-8ce423fd\"><div class=\"gb-inside-container\">\n<div class=\"gb-grid-wrapper gb-grid-wrapper-87ca5024\">\n<div class=\"gb-grid-column gb-grid-column-4cb5a315\"><div class=\"gb-container gb-container-4cb5a315\"><div class=\"gb-inside-container\">\n\n<h2 class=\"gb-headline gb-headline-135e6318 gb-headline-text\">Si tiene alguna pregunta o necesita informaci\u00f3n, nos pondremos en contacto con usted lo antes posible.<\/h2>\n\n\n\n<p>P\u00f3ngase en contacto con nosotros hoy mismo para saber c\u00f3mo podemos ayudar a su empresa. Rellene el formulario de al lado y nuestros expertos le asesorar\u00e1n sobre las mejores soluciones para gestionar su mapa de procesos, la mejora continua y la gesti\u00f3n de riesgos.\n<\/p>\n\n\n<div class=\"gb-container gb-container-a623b29a\"><div class=\"gb-inside-container\">\n<div class=\"gb-grid-wrapper gb-grid-wrapper-14097cd4\">\n<div class=\"gb-grid-column gb-grid-column-ac3ee8c4\"><div class=\"gb-container gb-container-ac3ee8c4\"><div class=\"gb-inside-container\">\n\n<p class=\"gb-headline gb-headline-f7115f71 gb-headline-text\"><strong>Sede centralPYX4<\/strong><br>En Newton Offices<br>55 ter Av. Ren\u00e9 Cassin<br>69009 LYON<br>Tel: +33 (0)4 72 43 01 16<br>FRANCIA<br><br><br><\/p>\n\n<\/div><\/div><\/div>\n\n<div class=\"gb-grid-column gb-grid-column-2fa6f31f\"><div class=\"gb-container gb-container-2fa6f31f\"><div class=\"gb-inside-container\">\n\n<p class=\"gb-headline gb-headline-180fc4f2 gb-headline-text\"><br>Chez Montreal Cowork<br>4388 St Denis St #300,<br>Montreal, QC H2J 2L1,<br>Tel: +1 438 504 4683<br>CANADA<br><br><br><\/p>\n\n<\/div><\/div><\/div>\n<\/div>\n<\/div><\/div>\n<\/div><\/div><\/div>\n\n<div class=\"gb-grid-column gb-grid-column-6ee908c8\"><div class=\"gb-container gb-container-6ee908c8\"><div class=\"gb-inside-container\">\n\n<!--[if lte IE 8]>\n<script charset=\"utf-8\" type=\"text\/javascript\" src=\"\/\/js.hsforms.net\/forms\/v2-legacy.js\"><\/script>\n<![endif]-->\n<script charset=\"utf-8\" type=\"text\/javascript\" src=\"\/\/js.hsforms.net\/forms\/v2.js\"><\/script>\n<script>\n  hbspt.forms.create({\n\tregion: \"na1\",\n\tportalId: \"5554318\",\n\tformId: \"627bf0b1-6286-4151-bc94-5f3d28b848e1\"\n});\n<\/script>\n\n<\/div><\/div><\/div>\n<\/div>\n<\/div><\/div>","protected":false},"excerpt":{"rendered":"","protected":false},"author":8,"featured_media":0,"parent":0,"menu_order":10,"comment_status":"closed","ping_status":"closed","template":"","meta":{"_acf_changed":false,"inline_featured_image":false,"footnotes":""},"type_contenu":[],"secteur_activite":[],"produit_pyx4":[],"class_list":["post-19256","page","type-page","status-publish"],"acf":[],"_links":{"self":[{"href":"https:\/\/pyx4.com\/es\/wp-json\/wp\/v2\/pages\/19256","targetHints":{"allow":["GET"]}}],"collection":[{"href":"https:\/\/pyx4.com\/es\/wp-json\/wp\/v2\/pages"}],"about":[{"href":"https:\/\/pyx4.com\/es\/wp-json\/wp\/v2\/types\/page"}],"author":[{"embeddable":true,"href":"https:\/\/pyx4.com\/es\/wp-json\/wp\/v2\/users\/8"}],"replies":[{"embeddable":true,"href":"https:\/\/pyx4.com\/es\/wp-json\/wp\/v2\/comments?post=19256"}],"version-history":[{"count":5,"href":"https:\/\/pyx4.com\/es\/wp-json\/wp\/v2\/pages\/19256\/revisions"}],"predecessor-version":[{"id":27321,"href":"https:\/\/pyx4.com\/es\/wp-json\/wp\/v2\/pages\/19256\/revisions\/27321"}],"wp:attachment":[{"href":"https:\/\/pyx4.com\/es\/wp-json\/wp\/v2\/media?parent=19256"}],"wp:term":[{"taxonomy":"type_contenu","embeddable":true,"href":"https:\/\/pyx4.com\/es\/wp-json\/wp\/v2\/type_contenu?post=19256"},{"taxonomy":"secteur_activite","embeddable":true,"href":"https:\/\/pyx4.com\/es\/wp-json\/wp\/v2\/secteur_activite?post=19256"},{"taxonomy":"produit_pyx4","embeddable":true,"href":"https:\/\/pyx4.com\/es\/wp-json\/wp\/v2\/produit_pyx4?post=19256"}],"curies":[{"name":"wp","href":"https:\/\/api.w.org\/{rel}","templated":true}]}}