{"id":19254,"date":"2022-03-04T09:15:56","date_gmt":"2022-03-04T09:15:56","guid":{"rendered":"https:\/\/pyx4.com\/?page_id=19254"},"modified":"2022-07-22T08:06:23","modified_gmt":"2022-07-22T08:06:23","slug":"socios","status":"publish","type":"page","link":"https:\/\/pyx4.com\/es\/socios\/","title":{"rendered":"Socios PYX4"},"content":{"rendered":"\n<p><\/p>\n\n\n<div class=\"gb-container gb-container-310f1471\"><div class=\"gb-inside-container\">\n<div class=\"gb-grid-wrapper gb-grid-wrapper-a1f85c55\">\n<div class=\"gb-grid-column gb-grid-column-055d11d8\"><div class=\"gb-container gb-container-055d11d8\"><div class=\"gb-inside-container\">\n\n<h2 class=\"gb-headline gb-headline-c1fb2d1c gb-headline-text\">Socios locales para ayudar<br>a las empresas a optimizar su rendimiento<br><\/h2>\n\n\n\n<p><strong>El programa de asociaci\u00f3n PYX4<\/strong> se basa en una relaci\u00f3n de confianza y en la b\u00fasqueda de oportunidades comunes. Apoyamos a nuestros socios con un equipo dedicado y formaci\u00f3n personalizada.<\/p>\n\n\n<div class=\"gb-container gb-container-82e9e5f3\"><div class=\"gb-inside-container\">\n<div class=\"gb-grid-wrapper gb-grid-wrapper-a1bf7f95\">\n<div class=\"gb-grid-column gb-grid-column-670144fa\"><div class=\"gb-container gb-container-670144fa\"><div class=\"gb-inside-container\">\n\n<p class=\"gb-headline gb-headline-8f65ba11 gb-headline-text\"><strong>Sede central PYX4<\/strong><br>En Newton Offices<br>55 ter Av. Ren\u00e9 Cassin<br>69009 LYON<br>Tel: +33 (0)4 72 43 01 16<br>FRANCIA<br><br><br><\/p>\n\n<\/div><\/div><\/div>\n\n<div class=\"gb-grid-column gb-grid-column-61df334c\"><div class=\"gb-container gb-container-61df334c\"><div class=\"gb-inside-container\">\n\n<p class=\"gb-headline gb-headline-ecbfbb50 gb-headline-text\"><br>At Montreal Cowork<br>4388 St Denis St #300,<br>Montreal, QC H2J 2L1,<br>Tel: +1 438 504 4683<br>CANADA<br><br><br><\/p>\n\n<\/div><\/div><\/div>\n<\/div>\n<\/div><\/div>\n<\/div><\/div><\/div>\n\n<div class=\"gb-grid-column gb-grid-column-f5a9fa25\"><div class=\"gb-container gb-container-f5a9fa25\"><div class=\"gb-inside-container\">\n\n<script charset=\"utf-8\" type=\"text\/javascript\" src=\"\/\/js.hsforms.net\/forms\/v2.js\"><\/script>\n<script>\n  hbspt.forms.create({\n    region: \"na1\",\n    portalId: \"5554318\",\n    formId: \"627bf0b1-6286-4151-bc94-5f3d28b848e1\"\n  });\n<\/script>\n\n<\/div><\/div><\/div>\n<\/div>\n<\/div><\/div>","protected":false},"excerpt":{"rendered":"<p>Un programa de asociaci\u00f3n en el que todos salen ganando<br \/>\nprograma de asociaci\u00f3n en el que todos ganan<\/p>\n","protected":false},"author":8,"featured_media":0,"parent":0,"menu_order":7,"comment_status":"closed","ping_status":"closed","template":"","meta":{"_acf_changed":false,"inline_featured_image":false,"footnotes":""},"type_contenu":[],"secteur_activite":[],"produit_pyx4":[],"class_list":["post-19254","page","type-page","status-publish"],"acf":[],"_links":{"self":[{"href":"https:\/\/pyx4.com\/es\/wp-json\/wp\/v2\/pages\/19254","targetHints":{"allow":["GET"]}}],"collection":[{"href":"https:\/\/pyx4.com\/es\/wp-json\/wp\/v2\/pages"}],"about":[{"href":"https:\/\/pyx4.com\/es\/wp-json\/wp\/v2\/types\/page"}],"author":[{"embeddable":true,"href":"https:\/\/pyx4.com\/es\/wp-json\/wp\/v2\/users\/8"}],"replies":[{"embeddable":true,"href":"https:\/\/pyx4.com\/es\/wp-json\/wp\/v2\/comments?post=19254"}],"version-history":[{"count":7,"href":"https:\/\/pyx4.com\/es\/wp-json\/wp\/v2\/pages\/19254\/revisions"}],"predecessor-version":[{"id":27320,"href":"https:\/\/pyx4.com\/es\/wp-json\/wp\/v2\/pages\/19254\/revisions\/27320"}],"wp:attachment":[{"href":"https:\/\/pyx4.com\/es\/wp-json\/wp\/v2\/media?parent=19254"}],"wp:term":[{"taxonomy":"type_contenu","embeddable":true,"href":"https:\/\/pyx4.com\/es\/wp-json\/wp\/v2\/type_contenu?post=19254"},{"taxonomy":"secteur_activite","embeddable":true,"href":"https:\/\/pyx4.com\/es\/wp-json\/wp\/v2\/secteur_activite?post=19254"},{"taxonomy":"produit_pyx4","embeddable":true,"href":"https:\/\/pyx4.com\/es\/wp-json\/wp\/v2\/produit_pyx4?post=19254"}],"curies":[{"name":"wp","href":"https:\/\/api.w.org\/{rel}","templated":true}]}}