{"id":19252,"date":"2021-07-01T15:00:19","date_gmt":"2021-07-01T15:00:19","guid":{"rendered":"https:\/\/pyx4.com\/?page_id=19252"},"modified":"2025-11-06T15:45:54","modified_gmt":"2025-11-06T15:45:54","slug":"a-proposito","status":"publish","type":"page","link":"https:\/\/pyx4.com\/es\/a-proposito\/","title":{"rendered":"Sobre PYX4"},"content":{"rendered":"<div class=\"gb-container gb-container-88701a3f\"><div class=\"gb-inside-container\">\n<div class=\"gb-container gb-container-71d6a486\"><div class=\"gb-inside-container\">\n<div class=\"gb-grid-wrapper gb-grid-wrapper-73ecf772\">\n<div class=\"gb-grid-column gb-grid-column-64548d9d\"><div class=\"gb-container gb-container-64548d9d\"><div class=\"gb-inside-container\">\n<div class=\"wp-block-image\">\n<figure class=\"aligncenter size-full\"><img decoding=\"async\" width=\"768\" height=\"768\" src=\"https:\/\/pyx4.com\/wp-content\/uploads\/2021\/08\/Edouard-Kodsi.png\" alt=\"\" class=\"wp-image-18104\" srcset=\"https:\/\/pyx4.com\/wp-content\/uploads\/2021\/08\/Edouard-Kodsi.png 768w, https:\/\/pyx4.com\/wp-content\/uploads\/2021\/08\/Edouard-Kodsi-300x300.png 300w, https:\/\/pyx4.com\/wp-content\/uploads\/2021\/08\/Edouard-Kodsi-150x150.png 150w\" sizes=\"(max-width: 768px) 100vw, 768px\" \/><\/figure>\n<\/div>\n<\/div><\/div><\/div>\n\n<div class=\"gb-grid-column gb-grid-column-0eeb7ef7\"><div class=\"gb-container gb-container-0eeb7ef7\"><div class=\"gb-inside-container\">\n\n<h2 class=\"gb-headline gb-headline-45528f49\"><span class=\"ez-toc-section\" id=\"Nuestro_objetivo_es_ser_reconocidos_como_activadores_y_aceleradores_del_cambio_sostenible_en_las_organizaciones\"><\/span><span class=\"gb-icon\"><svg xmlns=\"https:\/\/www.w3.org\/2000\/svg\" viewBox=\"0 0 40 28\"><path d=\"M30.6 28c-5.2 0-9.4-4.2-9.4-9.4C21.2 8 25.5 1 25.7.7l.5-.7H33l-.6 2C31.9 3.9 31 7.4 31 8.6v.6c2.4.1 4.6 1.1 6.3 2.8 1.7 1.8 2.7 4.1 2.7 6.6 0 5.2-4.2 9.4-9.4 9.4zM27.9 3.1c-1 2-3.6 7.7-3.6 15.5 0 3.4 2.8 6.2 6.2 6.2s6.2-2.8 6.2-6.2-2.7-6.2-6.1-6.2h-.1c-1.4 0-2-.7-2.4-1.3-.4-.7-.4-1.5-.4-2.4 0-1.2.6-3.7 1-5.5l-.8-.1zm2.7 6.1zM9.4 28C4.2 28 0 23.8 0 18.6 0 8 4.3 1 4.5.7l.4-.7h6.8l-.6 2c-.6 1.9-1.4 5.5-1.4 6.6v.6c2.4.1 4.6 1.1 6.3 2.8 1.7 1.8 2.7 4.1 2.7 6.6 0 5.2-4.2 9.4-9.3 9.4zM6.7 3.1c-1 2-3.6 7.7-3.6 15.5 0 3.4 2.8 6.2 6.2 6.2s6.2-2.8 6.2-6.2-2.7-6.2-6.1-6.2c-1.4 0-2-.7-2.4-1.3-.4-.7-.4-1.5-.4-2.4 0-1.2.6-3.7 1-5.5l-.9-.1zm2.7 6.1z\"><\/path><\/svg><\/span><span class=\"gb-headline-text\"><em>Nuestro objetivo es ser reconocidos como activadores y aceleradores del cambio sostenible en las organizaciones.<\/em><\/span><span class=\"ez-toc-section-end\"><\/span><\/h2>\n\n<\/div><\/div><\/div>\n<\/div>\n<\/div><\/div>\n\n<div class=\"gb-container gb-container-baa4d7a3 shadow\"><div class=\"gb-inside-container\">\n<div class=\"gb-grid-wrapper gb-grid-wrapper-10d3fd48\">\n<div class=\"gb-grid-column gb-grid-column-f9acc0f5\"><div class=\"gb-container gb-container-f9acc0f5\"><div class=\"gb-inside-container\">\n<div class=\"gb-container gb-container-5293bfab\"><div class=\"gb-inside-container\">\n<div class=\"gb-container gb-container-be3d3434\"><div class=\"gb-inside-container\">\n\n<h3 class=\"gb-headline gb-headline-8062610a gb-headline-text\">Nuestro director general<\/h3>\n\n<\/div><\/div>\n\n<div class=\"gb-container gb-container-b12a5562\"><div class=\"gb-inside-container\">\n\n<h2 class=\"gb-headline gb-headline-87ffa45b gb-headline-text\"><span class=\"ez-toc-section\" id=\"Edouard_Kodsi\"><\/span><strong>Edouard<\/strong> Kodsi<span class=\"ez-toc-section-end\"><\/span><\/h2>\n\n<\/div><\/div>\n\n<div class=\"gb-container gb-container-3b9efa40\"><div class=\"gb-inside-container\">\n\n<p> <span class=\"has-inline-color has-white-color\">Edouard Kodsi, de nacionalidad canadiense, tiene una doble formaci\u00f3n en Ciencias Aplicadas (Ingenier\u00eda Qu\u00edmica) y Psicolog\u00eda\/Sociolog\u00eda, que complement\u00f3 con una licenciatura en Gesti\u00f3n de la Calidad. Edouard ha desarrollado su experiencia durante casi una d\u00e9cada en consultor\u00eda de calidad, BPM e integraci\u00f3n a trav\u00e9s de una empresa de consultor\u00eda que fund\u00f3 en Montreal. Edouard comparte con sus asociados el deseo de poner en juego su competencia, su energ\u00eda y su capacidad para hacer crecer su empresa federando los talentos de sus equipos.<\/span> <\/p>\n\n<\/div><\/div>\n<\/div><\/div>\n<\/div><\/div><\/div>\n<\/div>\n\n<div class=\"gb-grid-wrapper gb-grid-wrapper-8a7ea1c8\">\n<div class=\"gb-grid-column gb-grid-column-159aace3\"><div class=\"gb-container gb-container-159aace3\"><div class=\"gb-inside-container\">\n<div class=\"gb-container gb-container-a040f67c\"><div class=\"gb-inside-container\">\n<div class=\"gb-container gb-container-3b831c0f\"><div class=\"gb-inside-container\">\n\n<h3 class=\"gb-headline gb-headline-c341e0cb gb-headline-text\"><strong>Nuestros valores<\/strong><\/h3>\n\n<\/div><\/div>\n\n<div class=\"gb-container gb-container-796f7a77\"><div class=\"gb-inside-container\">\n\n<h2 class=\"gb-headline gb-headline-d8ffdf62 gb-headline-text\"><span class=\"ez-toc-section\" id=\"se_ilustran_a_traves_de_4_ejes\"><\/span>se ilustran <strong>a trav\u00e9s de 4 ejes<\/strong><span class=\"ez-toc-section-end\"><\/span><\/h2>\n\n<\/div><\/div>\n\n<div class=\"gb-container gb-container-80bff6aa\"><div class=\"gb-inside-container\">\n\n<p><\/p>\n\n<\/div><\/div>\n<\/div><\/div>\n<\/div><\/div><\/div>\n<\/div>\n<\/div><\/div>\n<\/div><\/div>\n\n<div class=\"gb-container gb-container-cde594b2\"><div class=\"gb-inside-container\">\n<div class=\"gb-container gb-container-6a0ba418\"><div class=\"gb-inside-container\">\n<div class=\"gb-grid-wrapper gb-grid-wrapper-a8960837\">\n<div class=\"gb-grid-column gb-grid-column-a2f94d8a\"><div class=\"gb-container gb-container-a2f94d8a box white improver\" id=\"box-survol\"><a class=\"gb-container-link\" href=\"https:\/\/pyx4.com\/solutions\/produits\/pyx4-process\/\"><\/a><div class=\"gb-inside-container\">\n\n<h4 class=\"gb-headline gb-headline-5346f350 gb-headline-text\">Benevolencia<\/h4>\n\n\n\n<p>Considerar a los dem\u00e1s de forma sincera y respetuosa, favoreciendo al mismo tiempo al colectivo.<\/p>\n\n<\/div><\/div><\/div>\n\n<div class=\"gb-grid-column gb-grid-column-17efc9d9\"><div class=\"gb-container gb-container-17efc9d9 box white pyx4\" id=\"box-survol\"><a class=\"gb-container-link\" href=\"https:\/\/pyx4.com\/solutions\/produits\/pyx4-improver\/\"><\/a><div class=\"gb-inside-container\">\n\n<h4 class=\"gb-headline gb-headline-a58f9d81 gb-headline-text\">Responsabilidad<\/h4>\n\n\n\n<p>Ser fiables en el cumplimiento de nuestras misiones, siendo al mismo tiempo aut\u00f3nomos y libres en nuestras acciones.<\/p>\n\n<\/div><\/div><\/div>\n\n<div class=\"gb-grid-column gb-grid-column-5dad2d6f\"><div class=\"gb-container gb-container-5dad2d6f box white process\" id=\"box-survol\"><a class=\"gb-container-link\" href=\"https:\/\/pyx4.com\/solutions\/produits\/pyx4-risk\/\"><\/a><div class=\"gb-inside-container\">\n\n<h4 class=\"gb-headline gb-headline-6c58dd2f gb-headline-text\">Pragmatismo<\/h4>\n\n\n\n<p>Favorecer soluciones realistas y concretas para nuestros retos y los de nuestros clientes.<\/p>\n\n<\/div><\/div><\/div>\n\n<div class=\"gb-grid-column gb-grid-column-3eb39d38\"><div class=\"gb-container gb-container-3eb39d38 box white risk\" id=\"box-survol\"><a class=\"gb-container-link\" href=\"https:\/\/pyx4.com\/solutions\/produits\/pyx4-risk\/\"><\/a><div class=\"gb-inside-container\">\n\n<h4 class=\"gb-headline gb-headline-de9106f2 gb-headline-text\">Rigor<\/h4>\n\n\n\n<p>Actuar con conciencia e integridad reduciendo la distancia entre las palabras y los actos.<\/p>\n\n<\/div><\/div><\/div>\n<\/div>\n<\/div><\/div>\n<\/div><\/div>\n\n<div class=\"gb-container gb-container-cf2cedf6 timeline-wrapper\"><div class=\"gb-inside-container\">\n<div class=\"gb-container gb-container-4fb8bb0a\"><div class=\"gb-inside-container\">\n<div class=\"gb-grid-wrapper gb-grid-wrapper-900a7eec\">\n<div class=\"gb-grid-column gb-grid-column-aa5b378e\"><div class=\"gb-container gb-container-aa5b378e\"><div class=\"gb-inside-container\">\n<div class=\"gb-container gb-container-abc303e6\"><div class=\"gb-inside-container\">\n<div class=\"gb-container gb-container-59f93260\"><div class=\"gb-inside-container\">\n\n<h3 class=\"gb-headline gb-headline-81272660 gb-headline-text\"><strong>Nuestra historia<\/strong><\/h3>\n\n<\/div><\/div>\n\n<div class=\"gb-container gb-container-b0d48f64\"><div class=\"gb-inside-container\">\n\n<h2 class=\"gb-headline gb-headline-ab21e869 gb-headline-text\"><span class=\"ez-toc-section\" id=\"UN_CONJUNTO_INTEGRADO\"><\/span><strong>UN CONJUNTO INTEGRADO<\/strong><span class=\"ez-toc-section-end\"><\/span><\/h2>\n\n<\/div><\/div>\n\n<div class=\"gb-container gb-container-181db959\"><div class=\"gb-inside-container\">\n\n<p>Nuestra suite consta de cuatro m\u00f3dulos complementarios dedicados a la gesti\u00f3n de organizaciones. Con PYX4, benef\u00edciese de la plataforma m\u00e1s sencilla e intuitiva del mercado<\/p>\n\n<\/div><\/div>\n<\/div><\/div>\n<\/div><\/div><\/div>\n\n<div class=\"gb-grid-column gb-grid-column-757327cc\"><div class=\"gb-container gb-container-757327cc\"><div class=\"gb-inside-container\"><\/div><\/div><\/div>\n<\/div>\n<\/div><\/div>\n\n<div class=\"gb-container gb-container-1a120e36\"><div class=\"gb-inside-container\">\n\n<section class=\"timeline timeline-section\">\n   <div class=\"container\">\n      <div class=\"timeline-item\">\n         <div class=\"timeline-img\"><\/div>\n         <div class=\"timeline-content js--fadeInLeft\">\n            <h2 class=\"h2-timeline\"><span class=\"ez-toc-section\" id=\"PYX4_Risk_Modulo_complementario_dedicado_a_la_gestion_de_riesgos\"><\/span>PYX4 Risk: M\u00f3dulo complementario dedicado a la gesti\u00f3n de riesgos<span class=\"ez-toc-section-end\"><\/span><\/h2>\n            <div class=\"date\">2020<\/div>\n            <p>La aventura contin\u00faa.<\/p>\n         <\/div>\n      <\/div>\n      <div class=\"timeline-item\">\n         <div class=\"timeline-img\"><\/div>\n         <div class=\"timeline-content timeline-card js--fadeInRight\">\n            <div class=\"timeline-img-header\">\n               <h2 class=\"h2-timeline\"><span class=\"ez-toc-section\" id=\"Nueva_version_de_PYX4_Improver\"><\/span>Nueva versi\u00f3n de PYX4 Improver<span class=\"ez-toc-section-end\"><\/span><\/h2><\/div>\n            <div class=\"date\">2019<\/div>\n            <p>Ergonom\u00eda y nuevas opciones revisadas para un uso a\u00fan m\u00e1s eficiente.<\/p>\n         <\/div>\n      <\/div>\n      <div class=\"timeline-item\">\n         <div class=\"timeline-img\"><\/div>\n         <div class=\"timeline-content js--fadeInLeft\">\n            <div class=\"date\">2017<\/div>\n            <h2 class=\"h2-timeline\"><span class=\"ez-toc-section\" id=\"Lanzamiento_de_la_tienda_PYX4\"><\/span>Lanzamiento de la tienda PYX4<span class=\"ez-toc-section-end\"><\/span><\/h2>\n            <p>Lanzamiento de PYX4 Store, una plataforma comunitaria y colaborativa, cuyo objetivo es compartir las mejores pr\u00e1cticas por sectores.<\/p>\n         <\/div>\n      <\/div>\n     <div class=\"timeline-item\">\n         <div class=\"timeline-img\"><\/div>\n         <div class=\"timeline-content timeline-card js--fadeInRight\">\n            <div class=\"timeline-img-header\">\n               <h2 class=\"h2-timeline\"><span class=\"ez-toc-section\" id=\"Primera_edicion_del_Barometro_de_Calidad\"><\/span>Primera edici\u00f3n del Bar\u00f3metro de Calidad<span class=\"ez-toc-section-end\"><\/span><\/h2><\/div>\n            <div class=\"date\">2016<\/div>\n            <p>Lanzamiento del Bar\u00f3metro de Calidad para federar y reforzar el conocimiento de las empresas.<\/p>\n         <\/div>\n      <\/div>\n      <div class=\"timeline-item\">\n         <div class=\"timeline-img\"><\/div>\n         <div class=\"timeline-content js--fadeInLeft\">\n            <div class=\"date\">2016<\/div>\n            <h2 class=\"h2-timeline\"><span class=\"ez-toc-section\" id=\"La_aplicacion_PYX4_crece_rapidamente\"><\/span>La aplicaci\u00f3n PYX4 crece r\u00e1pidamente<span class=\"ez-toc-section-end\"><\/span><\/h2>\n            <p>La aplicaci\u00f3n PYX4 est\u00e1 creciendo r\u00e1pidamente, y en agosto de 2015 supera los 3000 usuarios.<\/p>\n         <\/div>\n      <\/div>\n   <\/div>\n      \n      <div class=\"timeline-item\">\n         <div class=\"timeline-img\"><\/div>\n         <div class=\"timeline-content timeline-card js--fadeInRight\">\n            <div class=\"timeline-img-header\">\n               <h2 class=\"h2-timeline\"><span class=\"ez-toc-section\" id=\"OTC_Agregator_y_ACG_Management_invierten\"><\/span>OTC Agregator y ACG Management invierten<span class=\"ez-toc-section-end\"><\/span><\/h2><\/div>\n            <div class=\"date\">2015<\/div>\n            <p>OTC Agregator y ACG Management invierten simult\u00e1neamente 1,4 y 1,6 millones de euros en el proyecto PYX4. Objetivos: intensificar la I+D y acelerar el desarrollo internacional.\n<\/p>\n         <\/div>\n      <\/div>\n      <div class=\"timeline-item\">\n         <div class=\"timeline-img\"><\/div>\n         <div class=\"timeline-content js--fadeInLeft\">\n            <div class=\"date\">2015<\/div>\n            <h2 class=\"h2-timeline\"><span class=\"ez-toc-section\" id=\"PYX4_Improver_Primer_modulo_complementario\"><\/span>PYX4 Improver: Primer m\u00f3dulo complementario<span class=\"ez-toc-section-end\"><\/span><\/h2>\n            <p>Se lanza PYX4 Improver, el primer m\u00f3dulo complementario de PYX4 Process, que responde a una fuerte demanda del mercado en materia de gesti\u00f3n de la calidad y mejora continua.<\/p>\n         <\/div>\n      <\/div>\n      <div class=\"timeline-item\">\n         <div class=\"timeline-img\"><\/div>\n         <div class=\"timeline-content timeline-card js--fadeInRight\">\n            <div class=\"timeline-img-header\">\n               <h2 class=\"h2-timeline\"><span class=\"ez-toc-section\" id=\"La_solucion_PYX4_es_citada_por_Gartner\"><\/span>La soluci\u00f3n PYX4 es citada por Gartner<span class=\"ez-toc-section-end\"><\/span><\/h2><\/div>\n            <div class=\"date\">2015<\/div>\n            <p>La soluci\u00f3n PYX4 es citada por Gartner como \u00abProveedor Representativo\u00bb en la Gu\u00eda de Mercado para el An\u00e1lisis de Procesos de Negocio 2015.<\/p>\n         <\/div>\n      <\/div>\n      <div class=\"timeline-item\">\n         <div class=\"timeline-img\"><\/div>\n         <div class=\"timeline-content js--fadeInLeft\">\n            <div class=\"date\">2013<\/div>\n            <h2 class=\"h2-timeline\"><span class=\"ez-toc-section\" id=\"Lanzamiento_de_PYX4\"><\/span>Lanzamiento de PYX4<span class=\"ez-toc-section-end\"><\/span><\/h2>\n            <p>Lanzamiento de PYX4, el descendiente de referencia en el mercado de Qualigram BPM&#8230; \u00a1La revoluci\u00f3n est\u00e1 en marcha!<\/p>\n         <\/div>\n      <\/div>\n   \n<\/section>\n\n<\/div><\/div>\n<\/div><div class=\"gb-shapes\"><div class=\"gb-shape gb-shape-1\"><svg xmlns=\"http:\/\/www.w3.org\/2000\/svg\" viewBox=\"0 0 1200 100\" preserveAspectRatio=\"none\"><path d=\"M1200 77.2L400 0 0 77.2V100h1200z\"\/><\/svg><\/div><div class=\"gb-shape gb-shape-2\"><svg xmlns=\"http:\/\/www.w3.org\/2000\/svg\" viewBox=\"0 0 1200 100\" preserveAspectRatio=\"none\"><path d=\"M1200 100H0V0l400 77.2L1200 0z\"\/><\/svg><\/div><\/div><\/div>\n\n<div class=\"gb-container gb-container-0c243a50\"><div class=\"gb-inside-container\">\n<div class=\"gb-grid-wrapper gb-grid-wrapper-156b8d35\">\n<div class=\"gb-grid-column gb-grid-column-31c354b2\"><div class=\"gb-container gb-container-31c354b2\"><div class=\"gb-inside-container\">\n<div class=\"gb-container gb-container-9c23fd9b\"><div class=\"gb-inside-container\">\n\n<h3 class=\"gb-headline gb-headline-8b39a42b gb-headline-text\"><strong><strong>DESCUBRE PYX4<\/strong><\/strong><\/h3>\n\n<\/div><\/div>\n\n<div class=\"gb-container gb-container-0acf6b4c\"><div class=\"gb-inside-container\">\n\n<h2 class=\"gb-headline gb-headline-1ca3d9f6 gb-headline-text\"><span class=\"ez-toc-section\" id=\"SIGUE_CON_LA_MISMA_EN_EL_DESCUBRIMIENTO_DE_PYX4\"><\/span><strong><strong>SIGUE CON LA MISMA<\/strong><\/strong> EN EL DESCUBRIMIENTO DE PYX4<span class=\"ez-toc-section-end\"><\/span><\/h2>\n\n<\/div><\/div>\n\n<div class=\"gb-container gb-container-6842a556\"><div class=\"gb-inside-container\">\n\n<p>\u00bfQuiere saber m\u00e1s sobre PYX4, nuestro equipo o nuestros productos? A continuaci\u00f3n, haga clic en uno de los siguientes enlaces para continuar su visita.<\/p>\n\n<\/div><\/div>\n<\/div><\/div><\/div>\n\n<div class=\"gb-grid-column gb-grid-column-740f3921\"><div class=\"gb-container gb-container-740f3921 box pyx4\" id=\"box-survol\"><a class=\"gb-container-link\" href=\"https:\/\/pyx4.com\/es\/el-equipo-pyx4\/\"><\/a><div class=\"gb-inside-container\">\n<div class=\"gb-container gb-container-8a470a2c\"><div class=\"gb-inside-container\">\n\n<h4 class=\"gb-headline gb-headline-40cb30f0 gb-headline-text\"><strong>Nuestro equipo<\/strong><\/h4>\n\n<\/div><\/div>\n\n<div class=\"gb-container gb-container-d1554c47\"><div class=\"gb-inside-container\">\n\n<p><span class=\"has-inline-color has-gray-color\">\u00a1Descubre el equipo de PYX4! Compuesto por expertos en negocios, se dedicar\u00e1 a su proyecto.<\/span><\/p>\n\n\n<div class=\"gb-button-wrapper gb-button-wrapper-0ec6e8bd\">\n\n<a class=\"gb-button gb-button-0b97342b\" href=\"https:\/\/pyx4.com\/es\/el-equipo-pyx4\/\"><span class=\"gb-button-text\"><strong>Descubra<\/strong><\/span><span class=\"gb-icon\"><svg aria-hidden=\"true\" role=\"img\" height=\"1em\" width=\"1em\" viewBox=\"0 0 256 512\" xmlns=\"https:\/\/www.w3.org\/2000\/svg\"><path fill=\"currentColor\" d=\"M224.3 273l-136 136c-9.4 9.4-24.6 9.4-33.9 0l-22.6-22.6c-9.4-9.4-9.4-24.6 0-33.9l96.4-96.4-96.4-96.4c-9.4-9.4-9.4-24.6 0-33.9L54.3 103c9.4-9.4 24.6-9.4 33.9 0l136 136c9.5 9.4 9.5 24.6.1 34z\"><\/path><\/svg><\/span><\/a>\n\n<\/div>\n<\/div><\/div>\n<\/div><\/div><\/div>\n\n<div class=\"gb-grid-column gb-grid-column-fb780c02\"><div class=\"gb-container gb-container-fb780c02 box pyx4\" id=\"box-survol\"><a class=\"gb-container-link\" href=\"https:\/\/pyx4.com\/es\/soluciones\/plataforma-pyx4\/\"><\/a><div class=\"gb-inside-container\">\n<div class=\"gb-container gb-container-2f191a36\"><div class=\"gb-inside-container\">\n\n<h4 class=\"gb-headline gb-headline-b32e5743 gb-headline-text\"><strong>Plataforma PYX4<\/strong><\/h4>\n\n<\/div><\/div>\n\n<div class=\"gb-container gb-container-958945cd\"><div class=\"gb-inside-container\">\n\n<p><span class=\"has-inline-color has-gray-color\">Descubra la suite PYX4 compuesta por 4 m\u00f3dulos dedicados a la gesti\u00f3n de organizaciones.<\/span><\/p>\n\n\n<div class=\"gb-button-wrapper gb-button-wrapper-b53b7209\">\n\n<a class=\"gb-button gb-button-0d5b048d\" href=\"https:\/\/pyx4.com\/es\/soluciones\/plataforma-pyx4\/\"><span class=\"gb-button-text\"><strong>Descubra<\/strong><\/span><span class=\"gb-icon\"><svg aria-hidden=\"true\" role=\"img\" height=\"1em\" width=\"1em\" viewBox=\"0 0 256 512\" xmlns=\"https:\/\/www.w3.org\/2000\/svg\"><path fill=\"currentColor\" d=\"M224.3 273l-136 136c-9.4 9.4-24.6 9.4-33.9 0l-22.6-22.6c-9.4-9.4-9.4-24.6 0-33.9l96.4-96.4-96.4-96.4c-9.4-9.4-9.4-24.6 0-33.9L54.3 103c9.4-9.4 24.6-9.4 33.9 0l136 136c9.5 9.4 9.5 24.6.1 34z\"><\/path><\/svg><\/span><\/a>\n\n<\/div>\n<\/div><\/div>\n<\/div><\/div><\/div>\n<\/div>\n<\/div><\/div>\n\n<div class=\"gb-container gb-container-f1df9e66\"><div class=\"gb-inside-container\">\n<div class=\"gb-container gb-container-71fbfcf3\"><div class=\"gb-inside-container\">\n<div class=\"gb-grid-wrapper gb-grid-wrapper-8664eda7\">\n<div class=\"gb-grid-column gb-grid-column-39e95569\"><div class=\"gb-container gb-container-39e95569\"><div class=\"gb-inside-container\">\n<div class=\"gb-container gb-container-12c3652e\"><div class=\"gb-inside-container\">\n<div class=\"gb-container gb-container-00cf6259\"><div class=\"gb-inside-container\">\n\n<h3 class=\"gb-headline gb-headline-229c31c0 gb-headline-text\"><strong>\u00bfLe interesa nuestro equipo?<\/strong><\/h3>\n\n\n\n<p class=\"has-white-color has-text-color\">\u00bfTe gusta que te desaf\u00eden, progresar, aprender, asumir nuevos retos? Entonces \u00fanete a nuestro equipo din\u00e1mico, creativo y apasionado<\/p>\n\n<\/div><\/div>\n\n<div class=\"gb-container gb-container-67e94499\"><div class=\"gb-inside-container\">\n\n<p class=\"has-white-color has-text-color has-normal-font-size\"><\/p>\n\n<\/div><\/div>\n\n<div class=\"gb-container gb-container-ab8cc3ed\"><div class=\"gb-inside-container\">\n<div class=\"gb-button-wrapper gb-button-wrapper-a02c5168\">\n\n<a class=\"gb-button gb-button-417196ae gb-button-text btn\" href=\"https:\/\/pyx4.com\/es\/reclutamiento\/\">Ver las ofertas de empleo<\/a>\n\n<\/div>\n<\/div><\/div>\n<\/div><\/div>\n<\/div><\/div><\/div>\n\n<div class=\"gb-grid-column gb-grid-column-5e0ba2dc\"><div class=\"gb-container gb-container-5e0ba2dc\"><div class=\"gb-inside-container\">\n\n<figure class=\"wp-block-image size-large is-resized is-style-default\"><img decoding=\"async\" src=\"https:\/\/pyx4.com\/wp-content\/uploads\/2021\/07\/Webinar-pana-1-1024x1024.png\" alt=\"\" class=\"wp-image-15476\" width=\"528\" srcset=\"https:\/\/pyx4.com\/wp-content\/uploads\/2021\/07\/Webinar-pana-1-1024x1024.png 1024w, https:\/\/pyx4.com\/wp-content\/uploads\/2021\/07\/Webinar-pana-1-300x300.png 300w, https:\/\/pyx4.com\/wp-content\/uploads\/2021\/07\/Webinar-pana-1-150x150.png 150w, https:\/\/pyx4.com\/wp-content\/uploads\/2021\/07\/Webinar-pana-1-768x768.png 768w, https:\/\/pyx4.com\/wp-content\/uploads\/2021\/07\/Webinar-pana-1-1536x1536.png 1536w, https:\/\/pyx4.com\/wp-content\/uploads\/2021\/07\/Webinar-pana-1.png 2000w\" sizes=\"(max-width: 1024px) 100vw, 1024px\" \/><\/figure>\n\n<\/div><\/div><\/div>\n<\/div>\n<\/div><\/div>\n<\/div><\/div>","protected":false},"excerpt":{"rendered":"<p>Nuestra misi\u00f3n es crear soluciones que desarrollen la complicidad entre las personas y sus organizaciones para construir su \u00e9xito.<\/p>\n","protected":false},"author":8,"featured_media":0,"parent":0,"menu_order":7,"comment_status":"closed","ping_status":"closed","template":"","meta":{"_acf_changed":false,"inline_featured_image":false,"footnotes":""},"type_contenu":[],"secteur_activite":[],"produit_pyx4":[],"class_list":["post-19252","page","type-page","status-publish"],"acf":[],"_links":{"self":[{"href":"https:\/\/pyx4.com\/es\/wp-json\/wp\/v2\/pages\/19252","targetHints":{"allow":["GET"]}}],"collection":[{"href":"https:\/\/pyx4.com\/es\/wp-json\/wp\/v2\/pages"}],"about":[{"href":"https:\/\/pyx4.com\/es\/wp-json\/wp\/v2\/types\/page"}],"author":[{"embeddable":true,"href":"https:\/\/pyx4.com\/es\/wp-json\/wp\/v2\/users\/8"}],"replies":[{"embeddable":true,"href":"https:\/\/pyx4.com\/es\/wp-json\/wp\/v2\/comments?post=19252"}],"version-history":[{"count":7,"href":"https:\/\/pyx4.com\/es\/wp-json\/wp\/v2\/pages\/19252\/revisions"}],"predecessor-version":[{"id":36876,"href":"https:\/\/pyx4.com\/es\/wp-json\/wp\/v2\/pages\/19252\/revisions\/36876"}],"wp:attachment":[{"href":"https:\/\/pyx4.com\/es\/wp-json\/wp\/v2\/media?parent=19252"}],"wp:term":[{"taxonomy":"type_contenu","embeddable":true,"href":"https:\/\/pyx4.com\/es\/wp-json\/wp\/v2\/type_contenu?post=19252"},{"taxonomy":"secteur_activite","embeddable":true,"href":"https:\/\/pyx4.com\/es\/wp-json\/wp\/v2\/secteur_activite?post=19252"},{"taxonomy":"produit_pyx4","embeddable":true,"href":"https:\/\/pyx4.com\/es\/wp-json\/wp\/v2\/produit_pyx4?post=19252"}],"curies":[{"name":"wp","href":"https:\/\/api.w.org\/{rel}","templated":true}]}}