{"id":19231,"date":"2021-09-02T17:12:25","date_gmt":"2021-09-02T17:12:25","guid":{"rendered":"https:\/\/pyx4.com\/?page_id=19231"},"modified":"2021-10-25T12:58:52","modified_gmt":"2021-10-25T12:58:52","slug":"servicios","status":"publish","type":"page","link":"https:\/\/pyx4.com\/es\/soluciones\/servicios\/","title":{"rendered":"Servicios"},"content":{"rendered":"<div class=\"gb-container gb-container-c687c2e9\"><div class=\"gb-inside-container\">\n<div class=\"gb-container gb-container-0cd4de71\"><div class=\"gb-inside-container\">\n<div class=\"gb-grid-wrapper gb-grid-wrapper-fedf4c93\">\n<div class=\"gb-grid-column gb-grid-column-3ec40e61\"><div class=\"gb-container gb-container-3ec40e61\"><div class=\"gb-inside-container\">\n<div class=\"gb-container gb-container-10f4130c\"><div class=\"gb-inside-container\">\n<div class=\"gb-container gb-container-f54ae11d\"><div class=\"gb-inside-container\">\n\n<h3 class=\"gb-headline gb-headline-b75a6825 gb-headline-text\"><strong>Nuestros servicios<\/strong><\/h3>\n\n<\/div><\/div>\n\n<div class=\"gb-container gb-container-6c3ec9c2\"><div class=\"gb-inside-container\">\n\n<h2 class=\"gb-headline gb-headline-e16c9a37 gb-headline-text\"><strong>Descubra los servicios de PYX4 complementarios a<br>nuestros m\u00f3dulos<br><\/strong><\/h2>\n\n<\/div><\/div>\n\n<div class=\"gb-container gb-container-6f1fdb2b\"><div class=\"gb-inside-container\">\n\n<p>Dado que cada organizaci\u00f3n es diferente con una forma de trabajar \u00fanica, PYX4 ofrece una gama de servicios para cumplir los objetivos de las organizaciones en movimiento.<\/p>\n\n<\/div><\/div>\n<\/div><\/div>\n\n<div class=\"gb-container gb-container-6a5cb1d0\"><div class=\"gb-inside-container\">\n<div class=\"gb-button-wrapper gb-button-wrapper-edb95db8\">\n\n<a class=\"gb-button gb-button-7a50a2a6 gb-button-text btn\" href=\"https:\/\/pyx4.com\/es\/soluciones\/plataforma-pyx4\/\">Descubra la plataforma PYX4<\/a>\n\n<\/div>\n<\/div><\/div>\n<\/div><\/div><\/div>\n\n<div class=\"gb-grid-column gb-grid-column-ca4cdf80\"><div class=\"gb-container gb-container-ca4cdf80 box white pyx4\" id=\"box-alt\"><a class=\"gb-container-link\" href=\"https:\/\/pyx4.com\/es\/soluciones\/servicios\/capacitaciones\/\"><\/a><div class=\"gb-inside-container\">\n\n<h4 class=\"gb-headline gb-headline-43a4a4ad\"><span class=\"gb-icon\"><svg xmlns=\"https:\/\/www.w3.org\/2000\/svg\" viewBox=\"0 0 256.71 230.16\"><defs><style>.cls-1{fill:inherit!important;}.cls-2{fill:inherit;}<\/style><\/defs><g id=\"Calque_2\" data-name=\"Calque 2\"><g id=\"Calque_1-2\" data-name=\"Calque 1\"><polygon class=\"cls-1\" points=\"183.75 141.74 192.61 160.08 223.74 160.08 206.49 123.8 183.75 141.74\"><\/polygon><path class=\"cls-1\" d=\"M211.43,78.85c-2.46,1.93-5.1,4-7.69,6.07l6.3,19.77.18.67,46.49-37.74H245.42c-13.28,0-24.69,3.92-34,11.23\"><\/path><path class=\"cls-2\" d=\"M86.46,8.77C84.17,4,86.67,0,92,0h69.54A14.18,14.18,0,0,1,174.2,9.25l30.9,97a15.11,15.11,0,0,1-4.67,15.24L70.24,224.17a32.69,32.69,0,0,1-17.32,6H4.73c-5.33,0-6.31-2.73-2.15-6.08L129.51,121.6a12.92,12.92,0,0,0,3.39-14.86Z\"><\/path><\/g><\/g><\/svg><\/span><span class=\"gb-headline-text\">Formaci\u00f3n<\/span><\/h4>\n\n\n\n<p>Le formamos en la metodolog\u00eda y el uso de nuestras soluciones. Benef\u00edciese de una formaci\u00f3n completa adaptada a las necesidades de su empresa para garantizar una gesti\u00f3n r\u00e1pida y eficaz de su instancia.<\/p>\n\n\n<div class=\"gb-button-wrapper gb-button-wrapper-f8beaed5\">\n\n<span class=\"gb-button gb-button-1f9451d8\"><span class=\"gb-button-text\"><strong>Descubra<\/strong><\/span><span class=\"gb-icon\"><svg aria-hidden=\"true\" role=\"img\" height=\"1em\" width=\"1em\" viewBox=\"0 0 256 512\" xmlns=\"https:\/\/www.w3.org\/2000\/svg\"><path fill=\"currentColor\" d=\"M224.3 273l-136 136c-9.4 9.4-24.6 9.4-33.9 0l-22.6-22.6c-9.4-9.4-9.4-24.6 0-33.9l96.4-96.4-96.4-96.4c-9.4-9.4-9.4-24.6 0-33.9L54.3 103c9.4-9.4 24.6-9.4 33.9 0l136 136c9.5 9.4 9.5 24.6.1 34z\"><\/path><\/svg><\/span><\/span>\n\n<\/div>\n<\/div><\/div><\/div>\n\n<div class=\"gb-grid-column gb-grid-column-89f5605f\"><div class=\"gb-container gb-container-89f5605f box white pyx4\" id=\"box-alt\"><a class=\"gb-container-link\" href=\"https:\/\/pyx4.com\/es\/soluciones\/servicios\/acompanamiento\/\"><\/a><div class=\"gb-inside-container\">\n\n<h4 class=\"gb-headline gb-headline-8495f26f\"><span class=\"gb-icon\"><svg xmlns=\"https:\/\/www.w3.org\/2000\/svg\" viewBox=\"0 0 256.71 230.16\"><defs><style>.cls-1{fill:inherit!important;}.cls-2{fill:inherit;}<\/style><\/defs><g id=\"Calque_2\" data-name=\"Calque 2\"><g id=\"Calque_1-2\" data-name=\"Calque 1\"><polygon class=\"cls-1\" points=\"183.75 141.74 192.61 160.08 223.74 160.08 206.49 123.8 183.75 141.74\"><\/polygon><path class=\"cls-1\" d=\"M211.43,78.85c-2.46,1.93-5.1,4-7.69,6.07l6.3,19.77.18.67,46.49-37.74H245.42c-13.28,0-24.69,3.92-34,11.23\"><\/path><path class=\"cls-2\" d=\"M86.46,8.77C84.17,4,86.67,0,92,0h69.54A14.18,14.18,0,0,1,174.2,9.25l30.9,97a15.11,15.11,0,0,1-4.67,15.24L70.24,224.17a32.69,32.69,0,0,1-17.32,6H4.73c-5.33,0-6.31-2.73-2.15-6.08L129.51,121.6a12.92,12.92,0,0,0,3.39-14.86Z\"><\/path><\/g><\/g><\/svg><\/span><span class=\"gb-headline-text\">Consejo<\/span><\/h4>\n\n\n\n<p>Podemos ayudarle en el lanzamiento de su proyecto y en la migraci\u00f3n de sus procesos existentes. La necesidad puede ser regular u ocasional, nos adaptamos a sus necesidades para encontrar la f\u00f3rmula m\u00e1s adecuada <\/p>\n\n\n<div class=\"gb-button-wrapper gb-button-wrapper-0547b42f\">\n\n<span class=\"gb-button gb-button-62d4ee62\"><span class=\"gb-button-text\"><strong>Descubra<\/strong><\/span><span class=\"gb-icon\"><svg aria-hidden=\"true\" role=\"img\" height=\"1em\" width=\"1em\" viewBox=\"0 0 256 512\" xmlns=\"https:\/\/www.w3.org\/2000\/svg\"><path fill=\"currentColor\" d=\"M224.3 273l-136 136c-9.4 9.4-24.6 9.4-33.9 0l-22.6-22.6c-9.4-9.4-9.4-24.6 0-33.9l96.4-96.4-96.4-96.4c-9.4-9.4-9.4-24.6 0-33.9L54.3 103c9.4-9.4 24.6-9.4 33.9 0l136 136c9.5 9.4 9.5 24.6.1 34z\"><\/path><\/svg><\/span><\/span>\n\n<\/div>\n<\/div><\/div><\/div>\n<\/div>\n<\/div><\/div>\n<\/div><\/div>\n\n<div class=\"gb-container gb-container-3ca86041 wp-block-image size-large is-resized\"><div class=\"gb-inside-container\">\n<div class=\"gb-grid-wrapper gb-grid-wrapper-b2a8bc69\">\n<div class=\"gb-grid-column gb-grid-column-b4e21c43\"><div class=\"gb-container gb-container-b4e21c43\"><div class=\"gb-inside-container\">\n\n<h5 class=\"has-text-align-center has-gray-color has-text-color wp-block-heading\">M\u00e1s de 30.000 usuarios conf\u00edan en nosotros.<\/h5>\n\n<\/div><\/div><\/div>\n<\/div>\n\n<div class=\"gb-grid-wrapper gb-grid-wrapper-3ba64612\">\n<div class=\"gb-grid-column gb-grid-column-2112e17d\"><div class=\"gb-container gb-container-2112e17d\"><div class=\"gb-inside-container\">\n<div class=\"wp-block-image grey-image\">\n<figure class=\"aligncenter size-medium is-resized\"><img decoding=\"async\" src=\"https:\/\/pyx4.com\/wp-content\/uploads\/2021\/05\/logo-Ministere_des_Armees-246x300.png\" alt=\"\" class=\"wp-image-13267\" width=\"68\" height=\"82\" srcset=\"https:\/\/pyx4.com\/wp-content\/uploads\/2021\/05\/logo-Ministere_des_Armees-246x300.png 246w, https:\/\/pyx4.com\/wp-content\/uploads\/2021\/05\/logo-Ministere_des_Armees-768x937.png 768w, https:\/\/pyx4.com\/wp-content\/uploads\/2021\/05\/logo-Ministere_des_Armees.png 839w\" sizes=\"(max-width: 68px) 100vw, 68px\" \/><\/figure>\n<\/div>\n<\/div><\/div><\/div>\n\n<div class=\"gb-grid-column gb-grid-column-77d56eea\"><div class=\"gb-container gb-container-77d56eea\"><div class=\"gb-inside-container\">\n<div class=\"wp-block-image grey-image\">\n<figure class=\"aligncenter size-medium is-resized\"><img decoding=\"async\" src=\"https:\/\/pyx4.com\/wp-content\/uploads\/2021\/05\/Colas_logo-300x125.png\" alt=\"\" class=\"wp-image-13272\" width=\"128\" height=\"82\"\/><\/figure>\n<\/div>\n<\/div><\/div><\/div>\n\n<div class=\"gb-grid-column gb-grid-column-67d4cf04\"><div class=\"gb-container gb-container-67d4cf04\"><div class=\"gb-inside-container\">\n<div class=\"wp-block-image grey-image\">\n<figure class=\"aligncenter size-medium is-resized\"><img decoding=\"async\" src=\"https:\/\/pyx4.com\/wp-content\/uploads\/2021\/05\/BNP-Paribas-logo-300x169.jpg\" alt=\"\" class=\"wp-image-13268\" width=\"128\" height=\"82\"\/><\/figure>\n<\/div>\n<\/div><\/div><\/div>\n\n<div class=\"gb-grid-column gb-grid-column-4e50e547\"><div class=\"gb-container gb-container-4e50e547\"><div class=\"gb-inside-container\">\n<div class=\"wp-block-image grey-image\">\n<figure class=\"aligncenter size-thumbnail is-resized\"><img decoding=\"async\" src=\"https:\/\/pyx4.com\/wp-content\/uploads\/2021\/05\/Orange_logo-150x150.png\" alt=\"\" class=\"wp-image-13269\" width=\"68\" height=\"82\"\/><\/figure>\n<\/div>\n<\/div><\/div><\/div>\n\n<div class=\"gb-grid-column gb-grid-column-7869004c\"><div class=\"gb-container gb-container-7869004c\"><div class=\"gb-inside-container\">\n<div class=\"wp-block-image grey-image\">\n<figure class=\"aligncenter size-large is-resized\"><img decoding=\"async\" src=\"https:\/\/pyx4.com\/wp-content\/uploads\/2021\/05\/Framatome_logo.jpg\" alt=\"\" class=\"wp-image-13270\" width=\"135\" srcset=\"https:\/\/pyx4.com\/wp-content\/uploads\/2021\/05\/Framatome_logo.jpg 780w, https:\/\/pyx4.com\/wp-content\/uploads\/2021\/05\/Framatome_logo-300x92.jpg 300w, https:\/\/pyx4.com\/wp-content\/uploads\/2021\/05\/Framatome_logo-768x235.jpg 768w\" sizes=\"(max-width: 780px) 100vw, 780px\" \/><\/figure>\n<\/div>\n<\/div><\/div><\/div>\n\n<div class=\"gb-grid-column gb-grid-column-66daa3a1\"><div class=\"gb-container gb-container-66daa3a1\"><div class=\"gb-inside-container\">\n<div class=\"wp-block-image grey-image\">\n<figure class=\"aligncenter size-large is-resized\"><img decoding=\"async\" src=\"https:\/\/pyx4.com\/wp-content\/uploads\/2021\/05\/Bouygues_Construction_logo.png\" alt=\"\" class=\"wp-image-13271\" width=\"135\" srcset=\"https:\/\/pyx4.com\/wp-content\/uploads\/2021\/05\/Bouygues_Construction_logo.png 1024w, https:\/\/pyx4.com\/wp-content\/uploads\/2021\/05\/Bouygues_Construction_logo-300x154.png 300w, https:\/\/pyx4.com\/wp-content\/uploads\/2021\/05\/Bouygues_Construction_logo-768x394.png 768w\" sizes=\"(max-width: 1024px) 100vw, 1024px\" \/><\/figure>\n<\/div>\n<\/div><\/div><\/div>\n<\/div>\n<\/div><\/div>","protected":false},"excerpt":{"rendered":"<p>Nuestros consultores est\u00e1n a su disposici\u00f3n para escuchar sus necesidades y ofrecerle formaci\u00f3n o apoyo adaptado a su contexto.<\/p>\n","protected":false},"author":8,"featured_media":0,"parent":19229,"menu_order":2,"comment_status":"closed","ping_status":"closed","template":"","meta":{"_acf_changed":false,"inline_featured_image":false,"footnotes":""},"type_contenu":[],"secteur_activite":[],"produit_pyx4":[],"class_list":["post-19231","page","type-page","status-publish"],"acf":[],"_links":{"self":[{"href":"https:\/\/pyx4.com\/es\/wp-json\/wp\/v2\/pages\/19231","targetHints":{"allow":["GET"]}}],"collection":[{"href":"https:\/\/pyx4.com\/es\/wp-json\/wp\/v2\/pages"}],"about":[{"href":"https:\/\/pyx4.com\/es\/wp-json\/wp\/v2\/types\/page"}],"author":[{"embeddable":true,"href":"https:\/\/pyx4.com\/es\/wp-json\/wp\/v2\/users\/8"}],"replies":[{"embeddable":true,"href":"https:\/\/pyx4.com\/es\/wp-json\/wp\/v2\/comments?post=19231"}],"version-history":[{"count":4,"href":"https:\/\/pyx4.com\/es\/wp-json\/wp\/v2\/pages\/19231\/revisions"}],"predecessor-version":[{"id":24065,"href":"https:\/\/pyx4.com\/es\/wp-json\/wp\/v2\/pages\/19231\/revisions\/24065"}],"up":[{"embeddable":true,"href":"https:\/\/pyx4.com\/es\/wp-json\/wp\/v2\/pages\/19229"}],"wp:attachment":[{"href":"https:\/\/pyx4.com\/es\/wp-json\/wp\/v2\/media?parent=19231"}],"wp:term":[{"taxonomy":"type_contenu","embeddable":true,"href":"https:\/\/pyx4.com\/es\/wp-json\/wp\/v2\/type_contenu?post=19231"},{"taxonomy":"secteur_activite","embeddable":true,"href":"https:\/\/pyx4.com\/es\/wp-json\/wp\/v2\/secteur_activite?post=19231"},{"taxonomy":"produit_pyx4","embeddable":true,"href":"https:\/\/pyx4.com\/es\/wp-json\/wp\/v2\/produit_pyx4?post=19231"}],"curies":[{"name":"wp","href":"https:\/\/api.w.org\/{rel}","templated":true}]}}