{"id":19229,"date":"2021-09-02T17:11:47","date_gmt":"2021-09-02T17:11:47","guid":{"rendered":"https:\/\/pyx4.com\/?page_id=19229"},"modified":"2021-09-03T17:56:23","modified_gmt":"2021-09-03T17:56:23","slug":"soluciones","status":"publish","type":"page","link":"https:\/\/pyx4.com\/es\/soluciones\/","title":{"rendered":"Soluciones"},"content":{"rendered":"<div class=\"gb-container gb-container-e853ef1e\"><div class=\"gb-inside-container\">\n<div class=\"gb-container gb-container-653b3c9f\"><div class=\"gb-inside-container\">\n<div class=\"gb-grid-wrapper gb-grid-wrapper-5a41fa6f\">\n<div class=\"gb-grid-column gb-grid-column-6a75eae1\"><div class=\"gb-container gb-container-6a75eae1\"><div class=\"gb-inside-container\">\n<div class=\"gb-container gb-container-d4bf46c6\"><div class=\"gb-inside-container\">\n<div class=\"gb-container gb-container-f3b495c7\"><div class=\"gb-inside-container\">\n\n<h3 class=\"gb-headline gb-headline-9f488ac0 gb-headline-text\"><strong>Nuestros servicios<\/strong><\/h3>\n\n<\/div><\/div>\n\n<div class=\"gb-container gb-container-278825db\"><div class=\"gb-inside-container\">\n\n<h2 class=\"gb-headline gb-headline-51f538d2 gb-headline-text\"><span class=\"ez-toc-section\" id=\"Descubra_los_servicios_de_PYX4_complementarios_a_nuestros_modulos\"><\/span>Descubra los servicios de PYX4 <strong>complementarios a<br>nuestros m\u00f3dulos<br><\/strong><span class=\"ez-toc-section-end\"><\/span><\/h2>\n\n<\/div><\/div>\n\n<div class=\"gb-container gb-container-f3c002da\"><div class=\"gb-inside-container\">\n\n<p>Porque cada organizaci\u00f3n es diferente y tiene una forma de trabajar \u00fanica, PYX4 ofrece una gama de productos y servicios para cumplir los objetivos de las organizaciones en movimiento.<\/p>\n\n<\/div><\/div>\n<\/div><\/div>\n\n<div class=\"gb-container gb-container-596d3552\"><div class=\"gb-inside-container\">\n<div class=\"gb-button-wrapper gb-button-wrapper-55eb883e\">\n\n<a class=\"gb-button gb-button-fb95428f gb-button-text btn\" href=\"https:\/\/pyx4.com\/es\/soluciones\/plataforma-pyx4\/\">Descubra la plataforma PYX4<\/a>\n\n<\/div>\n<\/div><\/div>\n<\/div><\/div><\/div>\n\n<div class=\"gb-grid-column gb-grid-column-dbe835ae\"><div class=\"gb-container gb-container-dbe835ae box white pyx4\" id=\"box-alt\"><a class=\"gb-container-link\" href=\"https:\/\/pyx4.com\/es\/soluciones\/plataforma-pyx4\/\"><\/a><div class=\"gb-inside-container\">\n\n<h4 class=\"gb-headline gb-headline-50fce160\"><span class=\"gb-icon\"><svg xmlns=\"https:\/\/www.w3.org\/2000\/svg\" viewBox=\"0 0 256.71 230.16\"><defs><style>.cls-1{fill:inherit!important;}.cls-2{fill:inherit;}<\/style><\/defs><g id=\"Calque_2\" data-name=\"Calque 2\"><g id=\"Calque_1-2\" data-name=\"Calque 1\"><polygon class=\"cls-1\" points=\"183.75 141.74 192.61 160.08 223.74 160.08 206.49 123.8 183.75 141.74\"><\/polygon><path class=\"cls-1\" d=\"M211.43,78.85c-2.46,1.93-5.1,4-7.69,6.07l6.3,19.77.18.67,46.49-37.74H245.42c-13.28,0-24.69,3.92-34,11.23\"><\/path><path class=\"cls-2\" d=\"M86.46,8.77C84.17,4,86.67,0,92,0h69.54A14.18,14.18,0,0,1,174.2,9.25l30.9,97a15.11,15.11,0,0,1-4.67,15.24L70.24,224.17a32.69,32.69,0,0,1-17.32,6H4.73c-5.33,0-6.31-2.73-2.15-6.08L129.51,121.6a12.92,12.92,0,0,0,3.39-14.86Z\"><\/path><\/g><\/g><\/svg><\/span><span class=\"gb-headline-text\">Plataforma PYX4<\/span><\/h4>\n\n\n\n<p>Nuestra suite consta de cuatro m\u00f3dulos complementarios dedicados a la gesti\u00f3n de organizaciones. Con PYX4, benef\u00edciese de la plataforma m\u00e1s sencilla e intuitiva del mercado<\/p>\n\n\n<div class=\"gb-button-wrapper gb-button-wrapper-2f45c395\">\n\n<a class=\"gb-button gb-button-937b2bc0\" href=\"https:\/\/pyx4.com\/es\/soluciones\/plataforma-pyx4\/\"><span class=\"gb-button-text\"><strong>Descubra<\/strong><\/span><span class=\"gb-icon\"><svg aria-hidden=\"true\" role=\"img\" height=\"1em\" width=\"1em\" viewBox=\"0 0 256 512\" xmlns=\"https:\/\/www.w3.org\/2000\/svg\"><path fill=\"currentColor\" d=\"M224.3 273l-136 136c-9.4 9.4-24.6 9.4-33.9 0l-22.6-22.6c-9.4-9.4-9.4-24.6 0-33.9l96.4-96.4-96.4-96.4c-9.4-9.4-9.4-24.6 0-33.9L54.3 103c9.4-9.4 24.6-9.4 33.9 0l136 136c9.5 9.4 9.5 24.6.1 34z\"><\/path><\/svg><\/span><\/a>\n\n<\/div>\n<\/div><\/div><\/div>\n\n<div class=\"gb-grid-column gb-grid-column-b070c55d\"><div class=\"gb-container gb-container-b070c55d box white pyx4\" id=\"box-alt\"><a class=\"gb-container-link\" href=\"https:\/\/pyx4.com\/es\/soluciones\/servicios\/\"><\/a><div class=\"gb-inside-container\">\n\n<h4 class=\"gb-headline gb-headline-11dc5e70\"><span class=\"gb-icon\"><svg xmlns=\"https:\/\/www.w3.org\/2000\/svg\" viewBox=\"0 0 256.71 230.16\"><defs><style>.cls-1{fill:inherit!important;}.cls-2{fill:inherit;}<\/style><\/defs><g id=\"Calque_2\" data-name=\"Calque 2\"><g id=\"Calque_1-2\" data-name=\"Calque 1\"><polygon class=\"cls-1\" points=\"183.75 141.74 192.61 160.08 223.74 160.08 206.49 123.8 183.75 141.74\"><\/polygon><path class=\"cls-1\" d=\"M211.43,78.85c-2.46,1.93-5.1,4-7.69,6.07l6.3,19.77.18.67,46.49-37.74H245.42c-13.28,0-24.69,3.92-34,11.23\"><\/path><path class=\"cls-2\" d=\"M86.46,8.77C84.17,4,86.67,0,92,0h69.54A14.18,14.18,0,0,1,174.2,9.25l30.9,97a15.11,15.11,0,0,1-4.67,15.24L70.24,224.17a32.69,32.69,0,0,1-17.32,6H4.73c-5.33,0-6.31-2.73-2.15-6.08L129.51,121.6a12.92,12.92,0,0,0,3.39-14.86Z\"><\/path><\/g><\/g><\/svg><\/span><span class=\"gb-headline-text\">Servicios PYX4<\/span><\/h4>\n\n\n\n<p>Nuestros asesores est\u00e1n a su servicio y le ofrecen formaci\u00f3n o apoyo adaptados a sus necesidades. Le apoyaremos en el lanzamiento de su proyecto y en la migraci\u00f3n de sus procesos existentes.<\/p>\n\n\n<div class=\"gb-button-wrapper gb-button-wrapper-67f4530f\">\n\n<a class=\"gb-button gb-button-6d06cd9c\" href=\"https:\/\/pyx4.com\/es\/soluciones\/servicios\/\"><span class=\"gb-button-text\"><strong>Descubra<\/strong><\/span><span class=\"gb-icon\"><svg aria-hidden=\"true\" role=\"img\" height=\"1em\" width=\"1em\" viewBox=\"0 0 256 512\" xmlns=\"https:\/\/www.w3.org\/2000\/svg\"><path fill=\"currentColor\" d=\"M224.3 273l-136 136c-9.4 9.4-24.6 9.4-33.9 0l-22.6-22.6c-9.4-9.4-9.4-24.6 0-33.9l96.4-96.4-96.4-96.4c-9.4-9.4-9.4-24.6 0-33.9L54.3 103c9.4-9.4 24.6-9.4 33.9 0l136 136c9.5 9.4 9.5 24.6.1 34z\"><\/path><\/svg><\/span><\/a>\n\n<\/div>\n<\/div><\/div><\/div>\n<\/div>\n<\/div><\/div>\n<\/div><\/div>\n\n<div class=\"gb-container gb-container-3ca86041 wp-block-image size-large is-resized\"><div class=\"gb-inside-container\">\n<div class=\"gb-grid-wrapper gb-grid-wrapper-b2a8bc69\">\n<div class=\"gb-grid-column gb-grid-column-b4e21c43\"><div class=\"gb-container gb-container-b4e21c43\"><div class=\"gb-inside-container\">\n\n<h5 class=\"has-text-align-center has-gray-color has-text-color wp-block-heading\">M\u00e1s de 30.000 usuarios conf\u00edan en nosotros.<\/h5>\n\n<\/div><\/div><\/div>\n<\/div>\n\n<div class=\"gb-grid-wrapper gb-grid-wrapper-3ba64612\">\n<div class=\"gb-grid-column gb-grid-column-2112e17d\"><div class=\"gb-container gb-container-2112e17d\"><div class=\"gb-inside-container\">\n<div class=\"wp-block-image grey-image\">\n<figure class=\"aligncenter size-medium is-resized\"><img decoding=\"async\" src=\"https:\/\/pyx4.com\/wp-content\/uploads\/2021\/05\/logo-Ministere_des_Armees-246x300.png\" alt=\"\" class=\"wp-image-13267\" width=\"68\" height=\"82\" srcset=\"https:\/\/pyx4.com\/wp-content\/uploads\/2021\/05\/logo-Ministere_des_Armees-246x300.png 246w, https:\/\/pyx4.com\/wp-content\/uploads\/2021\/05\/logo-Ministere_des_Armees-768x937.png 768w, https:\/\/pyx4.com\/wp-content\/uploads\/2021\/05\/logo-Ministere_des_Armees.png 839w\" sizes=\"(max-width: 68px) 100vw, 68px\" \/><\/figure>\n<\/div>\n<\/div><\/div><\/div>\n\n<div class=\"gb-grid-column gb-grid-column-77d56eea\"><div class=\"gb-container gb-container-77d56eea\"><div class=\"gb-inside-container\">\n<div class=\"wp-block-image grey-image\">\n<figure class=\"aligncenter size-medium is-resized\"><img decoding=\"async\" src=\"https:\/\/pyx4.com\/wp-content\/uploads\/2021\/05\/Colas_logo-300x125.png\" alt=\"\" class=\"wp-image-13272\" width=\"128\" height=\"82\"\/><\/figure>\n<\/div>\n<\/div><\/div><\/div>\n\n<div class=\"gb-grid-column gb-grid-column-67d4cf04\"><div class=\"gb-container gb-container-67d4cf04\"><div class=\"gb-inside-container\">\n<div class=\"wp-block-image grey-image\">\n<figure class=\"aligncenter size-medium is-resized\"><img decoding=\"async\" src=\"https:\/\/pyx4.com\/wp-content\/uploads\/2021\/05\/BNP-Paribas-logo-300x169.jpg\" alt=\"\" class=\"wp-image-13268\" width=\"128\" height=\"82\"\/><\/figure>\n<\/div>\n<\/div><\/div><\/div>\n\n<div class=\"gb-grid-column gb-grid-column-4e50e547\"><div class=\"gb-container gb-container-4e50e547\"><div class=\"gb-inside-container\">\n<div class=\"wp-block-image grey-image\">\n<figure class=\"aligncenter size-thumbnail is-resized\"><img decoding=\"async\" src=\"https:\/\/pyx4.com\/wp-content\/uploads\/2021\/05\/Orange_logo-150x150.png\" alt=\"\" class=\"wp-image-13269\" width=\"68\" height=\"82\"\/><\/figure>\n<\/div>\n<\/div><\/div><\/div>\n\n<div class=\"gb-grid-column gb-grid-column-7869004c\"><div class=\"gb-container gb-container-7869004c\"><div class=\"gb-inside-container\">\n<div class=\"wp-block-image grey-image\">\n<figure class=\"aligncenter size-large is-resized\"><img decoding=\"async\" src=\"https:\/\/pyx4.com\/wp-content\/uploads\/2021\/05\/Framatome_logo.jpg\" alt=\"\" class=\"wp-image-13270\" width=\"135\" srcset=\"https:\/\/pyx4.com\/wp-content\/uploads\/2021\/05\/Framatome_logo.jpg 780w, https:\/\/pyx4.com\/wp-content\/uploads\/2021\/05\/Framatome_logo-300x92.jpg 300w, https:\/\/pyx4.com\/wp-content\/uploads\/2021\/05\/Framatome_logo-768x235.jpg 768w\" sizes=\"(max-width: 780px) 100vw, 780px\" \/><\/figure>\n<\/div>\n<\/div><\/div><\/div>\n\n<div class=\"gb-grid-column gb-grid-column-66daa3a1\"><div class=\"gb-container gb-container-66daa3a1\"><div class=\"gb-inside-container\">\n<div class=\"wp-block-image grey-image\">\n<figure class=\"aligncenter size-large is-resized\"><img decoding=\"async\" src=\"https:\/\/pyx4.com\/wp-content\/uploads\/2021\/05\/Bouygues_Construction_logo.png\" alt=\"\" class=\"wp-image-13271\" width=\"135\" srcset=\"https:\/\/pyx4.com\/wp-content\/uploads\/2021\/05\/Bouygues_Construction_logo.png 1024w, https:\/\/pyx4.com\/wp-content\/uploads\/2021\/05\/Bouygues_Construction_logo-300x154.png 300w, https:\/\/pyx4.com\/wp-content\/uploads\/2021\/05\/Bouygues_Construction_logo-768x394.png 768w\" sizes=\"(max-width: 1024px) 100vw, 1024px\" \/><\/figure>\n<\/div>\n<\/div><\/div><\/div>\n<\/div>\n<\/div><\/div>\n\n<div class=\"gb-container gb-container-f5228c19\"><div class=\"gb-inside-container\">\n<div class=\"gb-container gb-container-55ae707a\"><div class=\"gb-inside-container\">\n<div class=\"gb-grid-wrapper gb-grid-wrapper-20d21eb6\">\n<div class=\"gb-grid-column gb-grid-column-ffa84691\"><div class=\"gb-container gb-container-ffa84691\"><div class=\"gb-inside-container\">\n<div class=\"gb-container gb-container-efc34349\"><div class=\"gb-inside-container\">\n<div class=\"gb-container gb-container-e901444e\"><div class=\"gb-inside-container\">\n\n<h2 class=\"gb-headline gb-headline-a935c983 gb-headline-text\"><span class=\"ez-toc-section\" id=\"%C2%BFDesea_hablar_con_un_experto\"><\/span><strong>\u00bfDesea hablar con un experto?<\/strong><span class=\"ez-toc-section-end\"><\/span><\/h2>\n\n<\/div><\/div>\n\n<div class=\"gb-container gb-container-24ab7f69\"><div class=\"gb-inside-container\">\n\n<p class=\"has-white-color has-text-color has-normal-font-size\">Para empezar con buen pie, hablemos juntos y comparta con nosotros sus problemas y retos, para que podamos ofrecerle las soluciones m\u00e1s adecuadas. Concierte una cita en la agenda de nuestro equipo para que le acompa\u00f1en en su proyecto.<\/p>\n\n<\/div><\/div>\n\n<div class=\"gb-container gb-container-650a9712\"><div class=\"gb-inside-container\">\n<div class=\"gb-button-wrapper gb-button-wrapper-fca27e6a\">\n\n<a class=\"gb-button gb-button-95450aa3 gb-button-text btn\" href=\"https:\/\/pyx4.com\/es\/prueba-gratis\/\">Prueba Gratuita<\/a>\n\n\n\n<a class=\"gb-button gb-button-27d7f204\" href=\"https:\/\/pyx4.com\/es\/solicite-una-demostracion-de-la-plataforma-pyx4\/\"><span class=\"gb-button-text\">Solicite una demostraci\u00f3n<\/span><span class=\"gb-icon\"><svg height=\"30\" width=\"30\" xmlns=\"https:\/\/www.w3.org\/2000\/svg\" fill=\"none\" viewBox=\"0 0 15 15\"><path fill=\"currentColor\" d=\"M8.5 4.793L11.207 7.5 8.5 10.207 7.793 9.5l1.5-1.5H4V7h5.293l-1.5-1.5.707-.707z\" clip-rule=\"evenodd\" fill-rule=\"evenodd\"><\/path><\/svg><\/span><\/a>\n\n<\/div>\n<\/div><\/div>\n\n<div class=\"gb-container gb-container-fcd76e6d\"><div class=\"gb-inside-container\">\n\n<p class=\"has-text-align-left has-white-color has-text-color\" style=\"font-size:14px\">Prueba gratuita de 30 d\u00edas &#8211; Sin pago &#8211; Sin compromiso<\/p>\n\n<\/div><\/div>\n<\/div><\/div>\n<\/div><\/div><\/div>\n\n<div class=\"gb-grid-column gb-grid-column-f071fc5c\"><div class=\"gb-container gb-container-f071fc5c\"><div class=\"gb-inside-container\">\n\n<figure class=\"wp-block-image size-large is-resized is-style-default\"><img decoding=\"async\" src=\"https:\/\/pyx4.com\/wp-content\/uploads\/2021\/07\/Webinar-pana-1-1024x1024.png\" alt=\"\" class=\"wp-image-15476\" width=\"528\" srcset=\"https:\/\/pyx4.com\/wp-content\/uploads\/2021\/07\/Webinar-pana-1-1024x1024.png 1024w, https:\/\/pyx4.com\/wp-content\/uploads\/2021\/07\/Webinar-pana-1-300x300.png 300w, https:\/\/pyx4.com\/wp-content\/uploads\/2021\/07\/Webinar-pana-1-150x150.png 150w, https:\/\/pyx4.com\/wp-content\/uploads\/2021\/07\/Webinar-pana-1-768x768.png 768w, https:\/\/pyx4.com\/wp-content\/uploads\/2021\/07\/Webinar-pana-1-1536x1536.png 1536w, https:\/\/pyx4.com\/wp-content\/uploads\/2021\/07\/Webinar-pana-1.png 2000w\" sizes=\"(max-width: 1024px) 100vw, 1024px\" \/><\/figure>\n\n<\/div><\/div><\/div>\n<\/div>\n<\/div><\/div>\n<\/div><\/div>","protected":false},"excerpt":{"rendered":"<p>Descubar las soluciones PYX4<\/p>\n","protected":false},"author":8,"featured_media":0,"parent":0,"menu_order":1,"comment_status":"closed","ping_status":"closed","template":"","meta":{"_acf_changed":false,"inline_featured_image":false,"footnotes":""},"type_contenu":[],"secteur_activite":[],"produit_pyx4":[],"class_list":["post-19229","page","type-page","status-publish"],"acf":[],"_links":{"self":[{"href":"https:\/\/pyx4.com\/es\/wp-json\/wp\/v2\/pages\/19229","targetHints":{"allow":["GET"]}}],"collection":[{"href":"https:\/\/pyx4.com\/es\/wp-json\/wp\/v2\/pages"}],"about":[{"href":"https:\/\/pyx4.com\/es\/wp-json\/wp\/v2\/types\/page"}],"author":[{"embeddable":true,"href":"https:\/\/pyx4.com\/es\/wp-json\/wp\/v2\/users\/8"}],"replies":[{"embeddable":true,"href":"https:\/\/pyx4.com\/es\/wp-json\/wp\/v2\/comments?post=19229"}],"version-history":[{"count":6,"href":"https:\/\/pyx4.com\/es\/wp-json\/wp\/v2\/pages\/19229\/revisions"}],"predecessor-version":[{"id":20089,"href":"https:\/\/pyx4.com\/es\/wp-json\/wp\/v2\/pages\/19229\/revisions\/20089"}],"wp:attachment":[{"href":"https:\/\/pyx4.com\/es\/wp-json\/wp\/v2\/media?parent=19229"}],"wp:term":[{"taxonomy":"type_contenu","embeddable":true,"href":"https:\/\/pyx4.com\/es\/wp-json\/wp\/v2\/type_contenu?post=19229"},{"taxonomy":"secteur_activite","embeddable":true,"href":"https:\/\/pyx4.com\/es\/wp-json\/wp\/v2\/secteur_activite?post=19229"},{"taxonomy":"produit_pyx4","embeddable":true,"href":"https:\/\/pyx4.com\/es\/wp-json\/wp\/v2\/produit_pyx4?post=19229"}],"curies":[{"name":"wp","href":"https:\/\/api.w.org\/{rel}","templated":true}]}}