{"id":19063,"date":"2021-09-02T15:14:55","date_gmt":"2021-09-02T15:14:55","guid":{"rendered":"https:\/\/pyx4.com\/?page_id=19063"},"modified":"2021-10-25T10:59:23","modified_gmt":"2021-10-25T10:59:23","slug":"profesiones","status":"publish","type":"page","link":"https:\/\/pyx4.com\/es\/necesidades-empresariales\/profesiones\/","title":{"rendered":"Sus profesiones"},"content":{"rendered":"<div class=\"gb-container gb-container-ddd70c9f\"><div class=\"gb-inside-container\">\n<div class=\"gb-container gb-container-03b6bbdb\"><div class=\"gb-inside-container\">\n<div class=\"gb-grid-wrapper gb-grid-wrapper-f5f45674\">\n<div class=\"gb-grid-column gb-grid-column-8ab879ae\"><div class=\"gb-container gb-container-8ab879ae\"><div class=\"gb-inside-container\">\n<div class=\"gb-container gb-container-650131d7\"><div class=\"gb-inside-container\">\n<div class=\"gb-container gb-container-a70eee2e\"><div class=\"gb-inside-container\">\n\n<h3 class=\"gb-headline gb-headline-21d1e368 gb-headline-text\"><strong>Su empresa<\/strong><\/h3>\n\n<\/div><\/div>\n\n<div class=\"gb-container gb-container-f6704c23\"><div class=\"gb-inside-container\">\n\n<h2 class=\"gb-headline gb-headline-49c5de20 gb-headline-text\"><strong>Su empresa y la suite PYX4<\/strong><\/h2>\n\n<\/div><\/div>\n\n<div class=\"gb-container gb-container-ccb78bc4\"><div class=\"gb-inside-container\">\n\n<p>Muchos profesionales utilizan las soluciones PYX4 en su trabajo diario. Descubra por qu\u00e9 estas empresas conf\u00edan en nuestra suite PYX4 para optimizar su organizaci\u00f3n y controlar su rendimiento.<\/p>\n\n<\/div><\/div>\n<\/div><\/div>\n\n<div class=\"gb-container gb-container-20e954dd\"><div class=\"gb-inside-container\">\n<div class=\"gb-button-wrapper gb-button-wrapper-ab61e47f\">\n\n<a class=\"gb-button gb-button-2052b9c1 gb-button-text btn\" href=\"https:\/\/pyx4.com\/es\/soluciones\/plataforma-pyx4\/\">Descubra la plataforma PYX4<\/a>\n\n<\/div>\n<\/div><\/div>\n<\/div><\/div><\/div>\n\n<div class=\"gb-grid-column gb-grid-column-fab0eacf\"><div class=\"gb-container gb-container-fab0eacf\"><div class=\"gb-inside-container\"><\/div><\/div><\/div>\n<\/div>\n<\/div><\/div>\n\n<div class=\"gb-container gb-container-7a86cc7b\"><div class=\"gb-inside-container\">\n<div class=\"gb-grid-wrapper gb-grid-wrapper-f55a305e\">\n<div class=\"gb-grid-column gb-grid-column-8baf9e19\"><div class=\"gb-container gb-container-8baf9e19 box white process\" id=\"box-survol\"><a class=\"gb-container-link\" href=\"https:\/\/pyx4.com\/es\/necesidades-empresariales\/profesiones\/calidad-mejora-continua\/\"><\/a><div class=\"gb-inside-container\">\n\n<h4 class=\"gb-headline gb-headline-debce217\"><span class=\"gb-icon\"> <svg viewBox=\"0 0 494.62 494.62\" xmlns=\"https:\/\/www.w3.org\/2000\/svg\"><defs><style>.cls-1{fill:inherit!important;}.cls-2{fill:inherit;}<\/style><\/defs><g data-name=\"Calque 2\" id=\"Calque_2\"><g data-name=\"Layer 1\" id=\"Layer_1\"><circle r=\"247.31\" cy=\"247.31\" cx=\"247.31\" class=\"cls-1\"><\/circle><path d=\"M216.08,231.45v-.1l0,.1s0,0,0,0h0l0,0Z\" class=\"cls-2\"><\/path><path d=\"M387,201.12c-13.14-54.86-63.33-96.4-119.61-99.15-.38,0-.75,0-1.09-.09-.64.2-.66.19,0,0-5.14-.62-6.35-3.73-6.44-8.19-.15-8.11.09-16.23-.16-24.34,0-1.63-1.52-3.23-2.34-4.84-.83,1.56-2.34,3.1-2.39,4.68-.24,8.52-.09,17.06-.14,25.59,0,3.57-1.15,5.89-4.3,6.82h0a10.61,10.61,0,0,1-2.22.4c-38.2,3.22-69.48,19.84-93.51,49.63-17,21.06-26.15,45.35-28.46,74.14,6.22-9.34,13.49-14.05,23.39-12.71,10.11,1.37,16.07,8.09,19.4,17.81h.29c4-12.14,11-17.61,20.48-17.92,12.27-.41,18.88,6.4,22.87,17.82,0,.25-.35.45-.35.57v.14l.34,0h.23l.07,0c2.54-9.2,7.3-15.85,15.94-17.79,10-2.26,16.28,1.26,22.2,7.13a24.69,24.69,0,0,1,3.53,4.57c.08,30.63.2,61.37.05,92.12,0,3.89-1.4,7.64-2.31,12.36.53,1.19,2,3,2,4.88,0,3.19-1.28,6.36-1.35,9.56-.22,9.77,0,19.55-.18,29.33-.11,5.3-3.05,9.76-8,10.68a17.69,17.69,0,0,1-11.95-2.53c-4.11-2.74-5.52-7.76-3.07-12.76,1.64-3.32,1.06-6.13-2.44-6.67-1.54-.23-4.48,2.26-5.18,4.12-2.95,7.87-1.47,15.3,4.59,21.18,6.21,6,13.75,7.56,21.85,4.18,7.83-3.27,12.27-9.43,12.23-17.89-.08-14.91-1-29.69-1.1-44.59-.15-34.34,0-68.93-.12-103a20.56,20.56,0,0,1,3.74-5.66c7.54-7.9,23.73-13.77,35.28,4.35a52.67,52.67,0,0,1,2.64,5.64v.18a.34.34,0,0,1,0-.1s0,.08,0,.11h0v-.23c5-12,11.47-17.62,21.5-17.76,10.6-.15,17.39,5.28,22.63,18.39,2.9-10.09,8.75-17.11,19.28-18.17,14.63-1.47,21.89,7.4,26.3,20.31C390.36,222.31,389.44,211.53,387,201.12Z\" class=\"cls-2\"><\/path><\/g><\/g><\/svg><\/span><\/h4>\n\n\n\n<h4 class=\"gb-headline gb-headline-48e1cf74 gb-headline-text\">Calidad y mejora continua<\/h4>\n\n\n\n<p>Optimice las operaciones de su organizaci\u00f3n para obtener un mejor rendimiento, con una <strong>comunicaci\u00f3n interfuncional a todos sus empleados<\/strong>.<\/p>\n\n\n<div class=\"gb-button-wrapper gb-button-wrapper-797658d5\">\n\n<a class=\"gb-button gb-button-e7750299\" href=\"https:\/\/pyx4.com\/es\/necesidades-empresariales\/profesiones\/calidad-mejora-continua\/\"><span class=\"gb-button-text\"><strong>Descubra<\/strong><\/span><span class=\"gb-icon\"><svg aria-hidden=\"true\" role=\"img\" height=\"1em\" width=\"1em\" viewBox=\"0 0 256 512\" xmlns=\"https:\/\/www.w3.org\/2000\/svg\"><path fill=\"currentColor\" d=\"M224.3 273l-136 136c-9.4 9.4-24.6 9.4-33.9 0l-22.6-22.6c-9.4-9.4-9.4-24.6 0-33.9l96.4-96.4-96.4-96.4c-9.4-9.4-9.4-24.6 0-33.9L54.3 103c9.4-9.4 24.6-9.4 33.9 0l136 136c9.5 9.4 9.5 24.6.1 34z\"><\/path><\/svg><\/span><\/a>\n\n<\/div>\n<\/div><\/div><\/div>\n\n<div class=\"gb-grid-column gb-grid-column-8af7ad42\"><div class=\"gb-container gb-container-8af7ad42 box white pyx4\" id=\"box-survol\"><a class=\"gb-container-link\" href=\"https:\/\/pyx4.com\/es\/necesidades-empresariales\/profesiones\/procesos-transformacion\/\"><\/a><div class=\"gb-inside-container\">\n\n<h4 class=\"gb-headline gb-headline-3aee6d6d\"><span class=\"gb-icon\"> <svg xmlns=\"https:\/\/www.w3.org\/2000\/svg\" viewBox=\"0 0 494.62 494.62\"><defs><style>.cls-1{fill:inherit!important;}.cls-2{fill:inherit;}<\/style><\/defs><g id=\"Calque_2\" data-name=\"Calque 2\"><g id=\"Layer_1\" data-name=\"Layer 1\"><circle class=\"cls-1\" cx=\"247.31\" cy=\"247.31\" r=\"247.31\"><\/circle><circle class=\"cls-2\" cx=\"226.73\" cy=\"139.76\" r=\"57.51\"><\/circle><path class=\"cls-2\" d=\"M225.2,333.09l81.42.34a22.16,22.16,0,0,0,16.14-6.59,14.35,14.35,0,0,0,4.41-11.74l.41-88.53s-10.18-25-28.63-.21l-1,1.1s3.64-15.45-2.83-20c0,0-12.86-16.06-26.38,5,0,0,3.3-22.43-9.11-24.67,0,0-12.12-5.79-20.3,10.91,0,0,1.2-39.2,0-42.66,0,0,3.51-28.11-13.2-27.82,0,0-21.3-3.84-14.91,40.24l-.33,68.13s.43,13.56-8.75,6.49l-13.72-24.22s-10.91-5.7-17.64-1.05-2.63,13.74-1.53,16.65c0,0,29.55,66.19,42,90.15A15.79,15.79,0,0,0,225.2,333.09Z\"><\/path><path class=\"cls-1\" d=\"M224.92,128.11a8,8,0,0,1,1.24.08h.26c16.41,0,12.94,27.82,12.94,27.82,1.21,3.46,0,42.66,0,42.66,4.83-9.86,11-11.88,15.31-11.88a12.6,12.6,0,0,1,5,1c12.41,2.24,9.11,24.67,9.11,24.67,5.36-8.34,10.61-10.86,15-10.86,6.7,0,11.39,5.86,11.39,5.86,6.47,4.58,2.83,20,2.83,20l1-1.1c6.11-8.22,11.32-11,15.55-11,8.53,0,13.08,11.18,13.08,11.18l-.41,88.53c1.35,12.59-14.61,18.36-14.61,18.36l-96.21-.41h-.07c-4,0-47-98.63-47-98.63-1.1-2.91-5.2-12,1.53-16.65a11.3,11.3,0,0,1,6.54-1.82,27.66,27.66,0,0,1,11.1,2.87l13.72,24.22c1.9,1.46,3.39,2,4.55,2,4.47,0,4.2-8.53,4.2-8.53l.33-68.13c-5.44-37.54,9.21-40.32,13.67-40.32m0-8.32h0a20.39,20.39,0,0,0-15.57,7.28c-7.13,8.24-9.23,22-6.41,41.93l-.28,58.05-7-12.32-1.21-2.13-2.18-1.14a35.76,35.76,0,0,0-14.94-3.81,19.4,19.4,0,0,0-11.26,3.29c-5.13,3.54-7.73,9.13-7.32,15.73a33.48,33.48,0,0,0,2.54,10.19l.2.51.07.19.09.19c.1.24,10.9,25,22.05,49.44,6.57,14.41,12,25.9,16.09,34.16,7.56,15.21,10.24,20,16.47,20l.44,0,95.81.41H314l1.39-.5c8.11-2.93,21.35-11.8,20.09-26.55l.41-88.11V225l-.62-1.53c-.69-1.67-7.06-16.35-20.78-16.35a19.63,19.63,0,0,0-8.55,2,16.63,16.63,0,0,0-5.06-7.75c-2.14-2.33-8.33-8.1-17.11-8.1a20.08,20.08,0,0,0-7.66,1.54c-1.93-7-6.09-13.19-14-15a21.73,21.73,0,0,0-14-.29c.22-14.62-.07-20.8-.41-23.67.51-5.21,1.2-20.52-6.73-29.5a18.85,18.85,0,0,0-14.35-6.44,16.23,16.23,0,0,0-1.74-.09Z\"><\/path><path class=\"cls-2\" d=\"M305.66,355.49l-76.66,0a8,8,0,0,1-8-8V336.18a8,8,0,0,1,8-8l76.66,0a8,8,0,0,1,8,8v11.31A8,8,0,0,1,305.66,355.49Z\"><\/path><rect class=\"cls-2\" x=\"212.67\" y=\"354.06\" width=\"109.34\" height=\"52\" rx=\"8.05\"><\/rect><\/g><\/g><\/svg><\/span><\/h4>\n\n\n\n<h4 class=\"gb-headline gb-headline-ee05552b gb-headline-text\">Proceso y transformaci\u00f3n<\/h4>\n\n\n\n<p>Construya sus repositorios de procesos, distrib\u00fayalos y gesti\u00f3nelos apuntando a <strong>objetivos de rendimiento espec\u00edficos para lograr la eficiencia<\/strong>.<\/p>\n\n\n<div class=\"gb-button-wrapper gb-button-wrapper-d8fed1dc\">\n\n<a class=\"gb-button gb-button-6015c38c\" href=\"https:\/\/pyx4.com\/es\/necesidades-empresariales\/profesiones\/procesos-transformacion\/\"><span class=\"gb-button-text\"><strong>Descubra<\/strong><\/span><span class=\"gb-icon\"><svg aria-hidden=\"true\" role=\"img\" height=\"1em\" width=\"1em\" viewBox=\"0 0 256 512\" xmlns=\"https:\/\/www.w3.org\/2000\/svg\"><path fill=\"currentColor\" d=\"M224.3 273l-136 136c-9.4 9.4-24.6 9.4-33.9 0l-22.6-22.6c-9.4-9.4-9.4-24.6 0-33.9l96.4-96.4-96.4-96.4c-9.4-9.4-9.4-24.6 0-33.9L54.3 103c9.4-9.4 24.6-9.4 33.9 0l136 136c9.5 9.4 9.5 24.6.1 34z\"><\/path><\/svg><\/span><\/a>\n\n<\/div>\n<\/div><\/div><\/div>\n\n<div class=\"gb-grid-column gb-grid-column-aed6ceb0\"><div class=\"gb-container gb-container-aed6ceb0 box white risk\" id=\"box-survol\"><a class=\"gb-container-link\" href=\"https:\/\/pyx4.com\/es\/necesidades-empresariales\/profesiones\/auditorias-riesgos-control-interno\/\"><\/a><div class=\"gb-inside-container\">\n\n<h4 class=\"gb-headline gb-headline-b8cc3486\"><span class=\"gb-icon\"> <svg xmlns=\"https:\/\/www.w3.org\/2000\/svg\" viewBox=\"0 0 516.73 516.73\"><defs><style>.cls-1{relleno:heredado!importante;}.cls-2{relleno:heredado;trazo:heredado;trazo-l\u00edmite:10;}<\/style><\/defs><g id=\"Calque_2\" data-name=\"Calque 2\"><g id=\"Layer_1\" data-name=\"Layer 1\"><circle class=\"cls-1\" cx=\"258.37\" cy=\"258.37\" r=\"258.37\"><\/circle><path class=\"cls-2\" d=\"M456,205.05a15.78,15.78,0,0,0-9-10.29c-2.9-.91-27.14-8.35-53.11-16.32-27.61-8.49-57.37-17.54-65.29-19.72-3.05-.92-8.84-2.18-11.71-1.23a15.8,15.8,0,0,0-11,19.37,15.54,15.54,0,0,0,10.1,10.72l.22.11,55.35,24.24L269.6,240a22.39,22.39,0,0,1,7.12,22.62l62.85-17.3,2.8,10.17-68.46,18.84,8.09,2.21c8,2.19,13.37,8.53,15.35,16l51.34-14.11,2.79,10.15-53.82,14.82c0,.24,0,.49,0,.74a22.4,22.4,0,0,1-27.56,15.67l-.1,0a21.91,21.91,0,0,1,.55,12.4,20.63,20.63,0,0,1-1.56,3c.57-.08,1.07.37,1.68.19l87.11-23.94,2.78,10.11L315.43,334v0a11.87,11.87,0,1,0,6.34,22.88l136.4-37.52c9-2.48,14.89-6.81,18.21-12.32s4.13-12.83,1.55-22.37Z\"><\/path><path class=\"cls-2\" d=\"M276.76,309.12l5.87-1.6a11.39,11.39,0,0,0,4.82-6.22c.55-2-.25-3.91-.71-5.83-1-4-3.3-7.61-7.56-8.76l-25.12-6.93-4.73-1.3-.19-.05h0l-14.88-4.09L174,257.76l2.76-10.14,65.48,18,9.66,2.67a9.15,9.15,0,0,0,3.31.26l4.41-1.21a2.38,2.38,0,0,1,.55-.15l.94-.26c.45-.27.53-.9.93-1.2,1.89-1.53,3.7-3.22,4.42-5.74a11.79,11.79,0,0,0-8.29-14.54l-2.18-.62-12.4-3.4L144.78,214.2,200.1,190l.19-.11a15.5,15.5,0,0,0,10.11-10.75,15.78,15.78,0,0,0-11-19.35c-2.93-1-8.68.3-11.76,1.21-7.84,2.19-37.69,11.26-65.31,19.73-25.95,8-50.12,15.39-53.06,16.33a15.75,15.75,0,0,0-8.95,10.27L38.46,286.92c-2.62,9.55-1.65,16.78,1.58,22.38s9.24,9.82,18.2,12.31l136.41,37.54A11.87,11.87,0,0,0,201,336.26h0l-45.13-12.41,2.78-10.12,87.19,23.95c1.3.37,2.46-.39,3.79-.46a11,11,0,0,0,9.49-6.19c.3-.64,1.11-.91,1.28-1.63,1.15-4.11-.58-7.78-3.27-10.68a11.4,11.4,0,0,0-4-3.09c-.42-.16-.6-.65-1-.8l-4.36-1.2L221,306.29l-56.08-15.44,2.8-10.16,50.53,13.9,10.89,3,24.92,6.83,2.18.63,6.5,1.79L273,309.64C274.27,310,275.43,309.24,276.76,309.12Z\"><\/path><\/g><\/g><\/svg><\/span><\/h4>\n\n\n\n<h4 class=\"gb-headline gb-headline-83bca099 gb-headline-text\">Auditor\u00eda, riesgo y control interno<\/h4>\n\n\n\n<p>Identifique las no conformidades, gestione las auditor\u00edas y centre sus acciones en los riesgos que pueden poner en peligro <strong>los objetivos estrat\u00e9gicos de<\/strong> la organizaci\u00f3n.<\/p>\n\n\n<div class=\"gb-button-wrapper gb-button-wrapper-04c0f0e8\">\n\n<a class=\"gb-button gb-button-a226702c\" href=\"https:\/\/pyx4.com\/es\/necesidades-empresariales\/profesiones\/auditorias-riesgos-control-interno\/\"><span class=\"gb-button-text\"><strong>Descubra<\/strong><\/span><span class=\"gb-icon\"><svg aria-hidden=\"true\" role=\"img\" height=\"1em\" width=\"1em\" viewBox=\"0 0 256 512\" xmlns=\"https:\/\/www.w3.org\/2000\/svg\"><path fill=\"currentColor\" d=\"M224.3 273l-136 136c-9.4 9.4-24.6 9.4-33.9 0l-22.6-22.6c-9.4-9.4-9.4-24.6 0-33.9l96.4-96.4-96.4-96.4c-9.4-9.4-9.4-24.6 0-33.9L54.3 103c9.4-9.4 24.6-9.4 33.9 0l136 136c9.5 9.4 9.5 24.6.1 34z\"><\/path><\/svg><\/span><\/a>\n\n<\/div>\n<\/div><\/div><\/div>\n\n<div class=\"gb-grid-column gb-grid-column-dc23f5de\"><div class=\"gb-container gb-container-dc23f5de box white pyx4\" id=\"box-survol\"><a class=\"gb-container-link\" href=\"https:\/\/pyx4.com\/es\/necesidades-empresariales\/profesiones\/direccion-servicios-informaticos\/\"><\/a><div class=\"gb-inside-container\">\n\n<h4 class=\"gb-headline gb-headline-960fe2e0\"><span class=\"gb-icon\"> <svg xmlns=\"https:\/\/www.w3.org\/2000\/svg\" viewBox=\"0 0 494.62 494.62\"><defs><style>.cls-1{fill:#1e9cd4;}.cls-2{fill:#fff;}<\/style><\/defs><g id=\"Calque_2\" data-name=\"Calque 2\"><g id=\"Layer_1\" data-name=\"Layer 1\"><circle class=\"cls-1\" cx=\"247.31\" cy=\"247.31\" r=\"247.31\"><\/circle><path class=\"cls-2\" d=\"M195.89,191.82,215,169.07c10.21,6.87,20.24,13.8,30.45,20.45,34.75,22.65,71.86,39.76,112.75,48,12.55,2.54,21.77-2.13,23.94-12.43,2-9.58-4.13-17.71-16.53-20.31-47.82-10.05-89-33.72-128.94-62.09l19.11-23.49-92.84-15.6Z\"><\/path><path class=\"cls-2\" d=\"M112.16,281.07c0,23.54-.06,47.08,0,70.61.06,16.41,5.87,22.19,22.17,22.34,3.51,0,7,.16,10.54-.07,11.21-.72,17.77-6.77,17.83-18.05q.36-74.83,0-149.66c-.06-11.28-6.62-17.35-17.84-18-4.2-.26-8.43-.18-12.64-.06-13.62.37-19.92,6.51-20,20.21C112,232.59,112.16,256.83,112.16,281.07Z\"><\/path><path class=\"cls-2\" d=\"M179.77,298.56c0,18.26-.13,36.52,0,54.78.13,14.37,6.27,20.37,20.62,20.67,4.21.09,8.45.22,12.64-.09,10.61-.8,17.14-6.83,17.22-17.54q.47-58.45,0-116.93c-.09-10.66-6.68-16.67-17.33-17.42a133,133,0,0,0-13.69-.08c-13,.45-19.27,6.61-19.44,19.72C179.6,260.63,179.77,279.59,179.77,298.56Z\"><\/path><path class=\"cls-2\" d=\"M298.06,314.4c0-13,.2-26,0-38.95s-6.47-19.25-19.45-19.69a130,130,0,0,0-13.68.07c-10.64.75-17.19,6.76-17.33,17.41q-.56,41.56,0,83.16c.14,10.69,6.62,16.75,17.23,17.51a124.8,124.8,0,0,0,14.73.06c11.81-.57,18.16-6.69,18.46-18.51C298.32,341.78,298.05,328.09,298.06,314.4Z\"><\/path><path class=\"cls-2\" d=\"M365.64,331.1c0-7.71.28-15.43-.05-23.13-.48-11.75-6.74-17.83-18.57-18.39a135.5,135.5,0,0,0-13.67,0c-11.36.6-17.9,6.51-18.2,17.62q-.66,24.71,0,49.43c.29,10.6,6.75,16.59,17.42,17.27a116.89,116.89,0,0,0,15.77,0c10.57-.75,16.66-6.85,17.19-17.56C366,348,365.63,339.52,365.64,331.1Z\"><\/path><\/g><\/g><\/svg><\/span><\/h4>\n\n\n\n<h4 class=\"gb-headline gb-headline-334291ba gb-headline-text\">Departamentos de sistemas de informaci\u00f3n<\/h4>\n\n\n\n<p>Modele y armonice sus m\u00e9todos de trabajo para controlar sus actividades. Implante r\u00e1pidamente una <strong>herramienta sencilla, f\u00e1cilmente adoptada por sus empleados<\/strong>.<\/p>\n\n\n<div class=\"gb-button-wrapper gb-button-wrapper-32cc5888\">\n\n<a class=\"gb-button gb-button-c8c6fd68\" href=\"https:\/\/pyx4.com\/es\/necesidades-empresariales\/profesiones\/direccion-servicios-informaticos\/\"><span class=\"gb-button-text\"><strong>Descubra<\/strong><\/span><span class=\"gb-icon\"><svg aria-hidden=\"true\" role=\"img\" height=\"1em\" width=\"1em\" viewBox=\"0 0 256 512\" xmlns=\"https:\/\/www.w3.org\/2000\/svg\"><path fill=\"currentColor\" d=\"M224.3 273l-136 136c-9.4 9.4-24.6 9.4-33.9 0l-22.6-22.6c-9.4-9.4-9.4-24.6 0-33.9l96.4-96.4-96.4-96.4c-9.4-9.4-9.4-24.6 0-33.9L54.3 103c9.4-9.4 24.6-9.4 33.9 0l136 136c9.5 9.4 9.5 24.6.1 34z\"><\/path><\/svg><\/span><\/a>\n\n<\/div>\n<\/div><\/div><\/div>\n\n<div class=\"gb-grid-column gb-grid-column-8559483c\"><div class=\"gb-container gb-container-8559483c box white pyx4\" id=\"box-survol\"><a class=\"gb-container-link\" href=\"https:\/\/pyx4.com\/es\/necesidades-empresariales\/profesiones\/direcciones-generales\/\"><\/a><div class=\"gb-inside-container\">\n\n<h4 class=\"gb-headline gb-headline-9c248719\"><span class=\"gb-icon\"> <svg xmlns=\"https:\/\/www.w3.org\/2000\/svg\" viewBox=\"0 0 494.62 494.62\"><defs><style>.cls-1{fill:#b1c80b;}.cls-2{fill:#fff;}<\/style><\/defs><g id=\"Calque_2\" data-name=\"Calque 2\"><g id=\"Layer_1\" data-name=\"Layer 1\"><circle class=\"cls-1\" cx=\"247.31\" cy=\"247.31\" r=\"247.31\"><\/circle><path class=\"cls-2\" d=\"M107.34,247.18c32.72-36,67.79-66.47,115.75-77.74a107.85,107.85,0,0,1,56.37,1.94c44.05,13.18,77.27,41.79,108.33,76.59-12.87,12.22-24.94,24.57-38,35.81-18.69,16.15-39.55,29-63.08,37.1s-47.6,9.44-71.65,2.26C171,310,137.84,281.33,107.34,247.18ZM247.2,186a61.24,61.24,0,1,0,61.33,61.69A61.29,61.29,0,0,0,247.2,186Z\"><\/path><path class=\"cls-2\" d=\"M247.34,298.45c-27.84,0-51.19-23.18-51.24-51a51.54,51.54,0,0,1,50.78-51.4c28.19-.24,51.61,23.06,51.59,51.3C298.46,275.21,275.23,298.4,247.34,298.45Z\"><\/path><circle class=\"cls-1\" cx=\"247.56\" cy=\"247.22\" r=\"19.42\" transform=\"translate(-102.3 247.46) rotate(-45)\"><\/circle><\/g><\/g><\/svg><\/span><\/h4>\n\n\n\n<h4 class=\"gb-headline gb-headline-fd519a61 gb-headline-text\">Direcci\u00f3n General<\/h4>\n\n\n\n<p>Implante un <strong>sistema de gesti\u00f3n moderno y \u00e1gil<\/strong> para unir a sus equipos en torno a objetivos estrat\u00e9gicos comunes.<\/p>\n\n\n<div class=\"gb-button-wrapper gb-button-wrapper-3931ad7b\">\n\n<a class=\"gb-button gb-button-a19d26bc\" href=\"https:\/\/pyx4.com\/es\/necesidades-empresariales\/profesiones\/direcciones-generales\/\"><span class=\"gb-button-text\"><strong>Descubra<\/strong><\/span><span class=\"gb-icon\"><svg aria-hidden=\"true\" role=\"img\" height=\"1em\" width=\"1em\" viewBox=\"0 0 256 512\" xmlns=\"https:\/\/www.w3.org\/2000\/svg\"><path fill=\"currentColor\" d=\"M224.3 273l-136 136c-9.4 9.4-24.6 9.4-33.9 0l-22.6-22.6c-9.4-9.4-9.4-24.6 0-33.9l96.4-96.4-96.4-96.4c-9.4-9.4-9.4-24.6 0-33.9L54.3 103c9.4-9.4 24.6-9.4 33.9 0l136 136c9.5 9.4 9.5 24.6.1 34z\"><\/path><\/svg><\/span><\/a>\n\n<\/div>\n<\/div><\/div><\/div>\n<\/div>\n<\/div><\/div>\n<\/div><\/div>","protected":false},"excerpt":{"rendered":"<p>Su Negocio y la Suite PYX4<\/p>\n","protected":false},"author":8,"featured_media":0,"parent":19051,"menu_order":1,"comment_status":"closed","ping_status":"closed","template":"","meta":{"_acf_changed":false,"inline_featured_image":false,"footnotes":""},"type_contenu":[],"secteur_activite":[],"produit_pyx4":[],"class_list":["post-19063","page","type-page","status-publish"],"acf":[],"_links":{"self":[{"href":"https:\/\/pyx4.com\/es\/wp-json\/wp\/v2\/pages\/19063","targetHints":{"allow":["GET"]}}],"collection":[{"href":"https:\/\/pyx4.com\/es\/wp-json\/wp\/v2\/pages"}],"about":[{"href":"https:\/\/pyx4.com\/es\/wp-json\/wp\/v2\/types\/page"}],"author":[{"embeddable":true,"href":"https:\/\/pyx4.com\/es\/wp-json\/wp\/v2\/users\/8"}],"replies":[{"embeddable":true,"href":"https:\/\/pyx4.com\/es\/wp-json\/wp\/v2\/comments?post=19063"}],"version-history":[{"count":12,"href":"https:\/\/pyx4.com\/es\/wp-json\/wp\/v2\/pages\/19063\/revisions"}],"predecessor-version":[{"id":23961,"href":"https:\/\/pyx4.com\/es\/wp-json\/wp\/v2\/pages\/19063\/revisions\/23961"}],"up":[{"embeddable":true,"href":"https:\/\/pyx4.com\/es\/wp-json\/wp\/v2\/pages\/19051"}],"wp:attachment":[{"href":"https:\/\/pyx4.com\/es\/wp-json\/wp\/v2\/media?parent=19063"}],"wp:term":[{"taxonomy":"type_contenu","embeddable":true,"href":"https:\/\/pyx4.com\/es\/wp-json\/wp\/v2\/type_contenu?post=19063"},{"taxonomy":"secteur_activite","embeddable":true,"href":"https:\/\/pyx4.com\/es\/wp-json\/wp\/v2\/secteur_activite?post=19063"},{"taxonomy":"produit_pyx4","embeddable":true,"href":"https:\/\/pyx4.com\/es\/wp-json\/wp\/v2\/produit_pyx4?post=19063"}],"curies":[{"name":"wp","href":"https:\/\/api.w.org\/{rel}","templated":true}]}}