{"id":19051,"date":"2021-09-02T15:11:17","date_gmt":"2021-09-02T15:11:17","guid":{"rendered":"https:\/\/pyx4.com\/?page_id=19051"},"modified":"2021-10-25T13:35:11","modified_gmt":"2021-10-25T13:35:11","slug":"necesidades-empresariales","status":"publish","type":"page","link":"https:\/\/pyx4.com\/es\/necesidades-empresariales\/","title":{"rendered":"Necesidades empresariales"},"content":{"rendered":"<div class=\"gb-container gb-container-08531967\"><div class=\"gb-inside-container\">\n<div class=\"gb-container gb-container-28e73bec\"><div class=\"gb-inside-container\">\n<div class=\"gb-grid-wrapper gb-grid-wrapper-b21456f3\">\n<div class=\"gb-grid-column gb-grid-column-5f3f475c\"><div class=\"gb-container gb-container-5f3f475c\"><div class=\"gb-inside-container\">\n<div class=\"gb-container gb-container-22a96b87\"><div class=\"gb-inside-container\">\n<div class=\"gb-container gb-container-91903c3f\"><div class=\"gb-inside-container\">\n\n<h3 class=\"gb-headline gb-headline-6c1cccae gb-headline-text\"><strong>Sus necesidades empresariales<\/strong><\/h3>\n\n<\/div><\/div>\n\n<div class=\"gb-container gb-container-74240984\"><div class=\"gb-inside-container\">\n\n<h2 class=\"gb-headline gb-headline-54be99b6 gb-headline-text\"><strong>Descubra la oferta de PYX4 adaptada a su negocio y a sus retos<br><\/strong><\/h2>\n\n<\/div><\/div>\n\n<div class=\"gb-container gb-container-b9f7c950\"><div class=\"gb-inside-container\">\n\n<p>Dado que cada organizaci\u00f3n es diferente y tiene una forma de trabajar \u00fanica, PYX4 ofrece una suite de software flexible y f\u00e1cil de usar que se adapta a su <a href=\"https:\/\/pyx4.com\/besoins-metiers\/metiers\/\">negocio<\/a> y a sus <a href=\"https:\/\/pyx4.com\/besoins-metiers\/enjeux\/\">retos estrat\u00e9gicos<\/a>.<\/p>\n\n<\/div><\/div>\n<\/div><\/div>\n\n<div class=\"gb-container gb-container-9c84baf7\"><div class=\"gb-inside-container\">\n<div class=\"gb-button-wrapper gb-button-wrapper-ec1075bb\">\n\n<a class=\"gb-button gb-button-c0fcb1b4 gb-button-text btn\" href=\"https:\/\/pyx4.com\/es\/soluciones\/plataforma-pyx4\/\">Descubra la plataforma PYX4<\/a>\n\n<\/div>\n<\/div><\/div>\n<\/div><\/div><\/div>\n\n<div class=\"gb-grid-column gb-grid-column-60f21303\"><div class=\"gb-container gb-container-60f21303 box white pyx4\" id=\"box-alt\"><a class=\"gb-container-link\" href=\"https:\/\/pyx4.com\/es\/necesidades-empresariales\/profesiones\/\"><\/a><div class=\"gb-inside-container\">\n\n<h4 class=\"gb-headline gb-headline-8c544c14\"><span class=\"gb-icon\"><svg xmlns=\"https:\/\/www.w3.org\/2000\/svg\" viewBox=\"0 0 256.71 230.16\"><defs><style>.cls-1{fill:inherit!important;}.cls-2{fill:inherit;}<\/style><\/defs><g id=\"Calque_2\" data-name=\"Calque 2\"><g id=\"Calque_1-2\" data-name=\"Calque 1\"><polygon class=\"cls-1\" points=\"183.75 141.74 192.61 160.08 223.74 160.08 206.49 123.8 183.75 141.74\"><\/polygon><path class=\"cls-1\" d=\"M211.43,78.85c-2.46,1.93-5.1,4-7.69,6.07l6.3,19.77.18.67,46.49-37.74H245.42c-13.28,0-24.69,3.92-34,11.23\"><\/path><path class=\"cls-2\" d=\"M86.46,8.77C84.17,4,86.67,0,92,0h69.54A14.18,14.18,0,0,1,174.2,9.25l30.9,97a15.11,15.11,0,0,1-4.67,15.24L70.24,224.17a32.69,32.69,0,0,1-17.32,6H4.73c-5.33,0-6.31-2.73-2.15-6.08L129.51,121.6a12.92,12.92,0,0,0,3.39-14.86Z\"><\/path><\/g><\/g><\/svg><\/span><span class=\"gb-headline-text\">Profesiones<\/span><\/h4>\n\n\n\n<p>Todas las l\u00edneas de negocio se preocupan por la aplicaci\u00f3n de <strong>procesos de Mejora Continua<\/strong> para mejorar la eficiencia. Descubra la visi\u00f3n de nuestros clientes y las <strong>soluciones PYX4<\/strong> adaptadas a su negocio para mejorar el rendimiento.<\/p>\n\n\n<div class=\"gb-button-wrapper gb-button-wrapper-38727524\">\n\n<a class=\"gb-button gb-button-1f45eeb3\" href=\"https:\/\/pyx4.com\/es\/necesidades-empresariales\/profesiones\/\"><span class=\"gb-button-text\"><strong>Descubra<\/strong><\/span><span class=\"gb-icon\"><svg aria-hidden=\"true\" role=\"img\" height=\"1em\" width=\"1em\" viewBox=\"0 0 256 512\" xmlns=\"https:\/\/www.w3.org\/2000\/svg\"><path fill=\"currentColor\" d=\"M224.3 273l-136 136c-9.4 9.4-24.6 9.4-33.9 0l-22.6-22.6c-9.4-9.4-9.4-24.6 0-33.9l96.4-96.4-96.4-96.4c-9.4-9.4-9.4-24.6 0-33.9L54.3 103c9.4-9.4 24.6-9.4 33.9 0l136 136c9.5 9.4 9.5 24.6.1 34z\"><\/path><\/svg><\/span><\/a>\n\n<\/div>\n<\/div><\/div><\/div>\n\n<div class=\"gb-grid-column gb-grid-column-e1741f8f\"><div class=\"gb-container gb-container-e1741f8f box white pyx4\" id=\"box-alt\"><a class=\"gb-container-link\" href=\"https:\/\/pyx4.com\/es\/necesidades-empresariales\/desafios\/\"><\/a><div class=\"gb-inside-container\">\n\n<h4 class=\"gb-headline gb-headline-81054be3\"><span class=\"gb-icon\"><svg xmlns=\"https:\/\/www.w3.org\/2000\/svg\" viewBox=\"0 0 256.71 230.16\"><defs><style>.cls-1{fill:inherit!important;}.cls-2{fill:inherit;}<\/style><\/defs><g id=\"Calque_2\" data-name=\"Calque 2\"><g id=\"Calque_1-2\" data-name=\"Calque 1\"><polygon class=\"cls-1\" points=\"183.75 141.74 192.61 160.08 223.74 160.08 206.49 123.8 183.75 141.74\"><\/polygon><path class=\"cls-1\" d=\"M211.43,78.85c-2.46,1.93-5.1,4-7.69,6.07l6.3,19.77.18.67,46.49-37.74H245.42c-13.28,0-24.69,3.92-34,11.23\"><\/path><path class=\"cls-2\" d=\"M86.46,8.77C84.17,4,86.67,0,92,0h69.54A14.18,14.18,0,0,1,174.2,9.25l30.9,97a15.11,15.11,0,0,1-4.67,15.24L70.24,224.17a32.69,32.69,0,0,1-17.32,6H4.73c-5.33,0-6.31-2.73-2.15-6.08L129.51,121.6a12.92,12.92,0,0,0,3.39-14.86Z\"><\/path><\/g><\/g><\/svg><\/span><span class=\"gb-headline-text\">Desaf\u00edos<\/span><\/h4>\n\n\n\n<p>Sean cuales sean los retos de su empresa, nos esforzamos por ofrecerle <strong>un software de alto rendimiento<\/strong> que le facilite el d\u00eda a d\u00eda. Descubra las ofertas adaptadas a sus retos para <strong>alcanzar los objetivos<\/strong> que se ha marcado.<\/p>\n\n\n<div class=\"gb-button-wrapper gb-button-wrapper-3cea7797\">\n\n<a class=\"gb-button gb-button-f5231dea\" href=\"https:\/\/pyx4.com\/es\/necesidades-empresariales\/desafios\/\"><span class=\"gb-button-text\"><strong>Descubra<\/strong><\/span><span class=\"gb-icon\"><svg aria-hidden=\"true\" role=\"img\" height=\"1em\" width=\"1em\" viewBox=\"0 0 256 512\" xmlns=\"https:\/\/www.w3.org\/2000\/svg\"><path fill=\"currentColor\" d=\"M224.3 273l-136 136c-9.4 9.4-24.6 9.4-33.9 0l-22.6-22.6c-9.4-9.4-9.4-24.6 0-33.9l96.4-96.4-96.4-96.4c-9.4-9.4-9.4-24.6 0-33.9L54.3 103c9.4-9.4 24.6-9.4 33.9 0l136 136c9.5 9.4 9.5 24.6.1 34z\"><\/path><\/svg><\/span><\/a>\n\n<\/div>\n<\/div><\/div><\/div>\n<\/div>\n<\/div><\/div>\n<\/div><\/div>\n\n<div class=\"gb-container gb-container-3ca86041 wp-block-image size-large is-resized\"><div class=\"gb-inside-container\">\n<div class=\"gb-grid-wrapper gb-grid-wrapper-b2a8bc69\">\n<div class=\"gb-grid-column gb-grid-column-b4e21c43\"><div class=\"gb-container gb-container-b4e21c43\"><div class=\"gb-inside-container\">\n\n<h5 class=\"has-text-align-center has-gray-color has-text-color wp-block-heading\">M\u00e1s de 30.000 usuarios conf\u00edan en nosotros.<\/h5>\n\n<\/div><\/div><\/div>\n<\/div>\n\n<div class=\"gb-grid-wrapper gb-grid-wrapper-3ba64612\">\n<div class=\"gb-grid-column gb-grid-column-2112e17d\"><div class=\"gb-container gb-container-2112e17d\"><div class=\"gb-inside-container\">\n<div class=\"wp-block-image grey-image\">\n<figure class=\"aligncenter size-medium is-resized\"><img decoding=\"async\" src=\"https:\/\/pyx4.com\/wp-content\/uploads\/2021\/05\/logo-Ministere_des_Armees-246x300.png\" alt=\"\" class=\"wp-image-13267\" width=\"68\" height=\"82\" srcset=\"https:\/\/pyx4.com\/wp-content\/uploads\/2021\/05\/logo-Ministere_des_Armees-246x300.png 246w, https:\/\/pyx4.com\/wp-content\/uploads\/2021\/05\/logo-Ministere_des_Armees-768x937.png 768w, https:\/\/pyx4.com\/wp-content\/uploads\/2021\/05\/logo-Ministere_des_Armees.png 839w\" sizes=\"(max-width: 68px) 100vw, 68px\" \/><\/figure>\n<\/div>\n<\/div><\/div><\/div>\n\n<div class=\"gb-grid-column gb-grid-column-77d56eea\"><div class=\"gb-container gb-container-77d56eea\"><div class=\"gb-inside-container\">\n<div class=\"wp-block-image grey-image\">\n<figure class=\"aligncenter size-medium is-resized\"><img decoding=\"async\" src=\"https:\/\/pyx4.com\/wp-content\/uploads\/2021\/05\/Colas_logo-300x125.png\" alt=\"\" class=\"wp-image-13272\" width=\"128\" height=\"82\"\/><\/figure>\n<\/div>\n<\/div><\/div><\/div>\n\n<div class=\"gb-grid-column gb-grid-column-67d4cf04\"><div class=\"gb-container gb-container-67d4cf04\"><div class=\"gb-inside-container\">\n<div class=\"wp-block-image grey-image\">\n<figure class=\"aligncenter size-medium is-resized\"><img decoding=\"async\" src=\"https:\/\/pyx4.com\/wp-content\/uploads\/2021\/05\/BNP-Paribas-logo-300x169.jpg\" alt=\"\" class=\"wp-image-13268\" width=\"128\" height=\"82\"\/><\/figure>\n<\/div>\n<\/div><\/div><\/div>\n\n<div class=\"gb-grid-column gb-grid-column-4e50e547\"><div class=\"gb-container gb-container-4e50e547\"><div class=\"gb-inside-container\">\n<div class=\"wp-block-image grey-image\">\n<figure class=\"aligncenter size-thumbnail is-resized\"><img decoding=\"async\" src=\"https:\/\/pyx4.com\/wp-content\/uploads\/2021\/05\/Orange_logo-150x150.png\" alt=\"\" class=\"wp-image-13269\" width=\"68\" height=\"82\"\/><\/figure>\n<\/div>\n<\/div><\/div><\/div>\n\n<div class=\"gb-grid-column gb-grid-column-7869004c\"><div class=\"gb-container gb-container-7869004c\"><div class=\"gb-inside-container\">\n<div class=\"wp-block-image grey-image\">\n<figure class=\"aligncenter size-large is-resized\"><img decoding=\"async\" src=\"https:\/\/pyx4.com\/wp-content\/uploads\/2021\/05\/Framatome_logo.jpg\" alt=\"\" class=\"wp-image-13270\" width=\"135\" srcset=\"https:\/\/pyx4.com\/wp-content\/uploads\/2021\/05\/Framatome_logo.jpg 780w, https:\/\/pyx4.com\/wp-content\/uploads\/2021\/05\/Framatome_logo-300x92.jpg 300w, https:\/\/pyx4.com\/wp-content\/uploads\/2021\/05\/Framatome_logo-768x235.jpg 768w\" sizes=\"(max-width: 780px) 100vw, 780px\" \/><\/figure>\n<\/div>\n<\/div><\/div><\/div>\n\n<div class=\"gb-grid-column gb-grid-column-66daa3a1\"><div class=\"gb-container gb-container-66daa3a1\"><div class=\"gb-inside-container\">\n<div class=\"wp-block-image grey-image\">\n<figure class=\"aligncenter size-large is-resized\"><img decoding=\"async\" src=\"https:\/\/pyx4.com\/wp-content\/uploads\/2021\/05\/Bouygues_Construction_logo.png\" alt=\"\" class=\"wp-image-13271\" width=\"135\" srcset=\"https:\/\/pyx4.com\/wp-content\/uploads\/2021\/05\/Bouygues_Construction_logo.png 1024w, https:\/\/pyx4.com\/wp-content\/uploads\/2021\/05\/Bouygues_Construction_logo-300x154.png 300w, https:\/\/pyx4.com\/wp-content\/uploads\/2021\/05\/Bouygues_Construction_logo-768x394.png 768w\" sizes=\"(max-width: 1024px) 100vw, 1024px\" \/><\/figure>\n<\/div>\n<\/div><\/div><\/div>\n<\/div>\n<\/div><\/div>","protected":false},"excerpt":{"rendered":"<p>Descubre la oferta PYX4 adaptada a sus desaf\u00edos y su profesi\u00f3n<\/p>\n","protected":false},"author":8,"featured_media":0,"parent":0,"menu_order":1,"comment_status":"closed","ping_status":"closed","template":"","meta":{"_acf_changed":false,"inline_featured_image":false,"footnotes":""},"type_contenu":[],"secteur_activite":[],"produit_pyx4":[],"class_list":["post-19051","page","type-page","status-publish"],"acf":[],"_links":{"self":[{"href":"https:\/\/pyx4.com\/es\/wp-json\/wp\/v2\/pages\/19051","targetHints":{"allow":["GET"]}}],"collection":[{"href":"https:\/\/pyx4.com\/es\/wp-json\/wp\/v2\/pages"}],"about":[{"href":"https:\/\/pyx4.com\/es\/wp-json\/wp\/v2\/types\/page"}],"author":[{"embeddable":true,"href":"https:\/\/pyx4.com\/es\/wp-json\/wp\/v2\/users\/8"}],"replies":[{"embeddable":true,"href":"https:\/\/pyx4.com\/es\/wp-json\/wp\/v2\/comments?post=19051"}],"version-history":[{"count":11,"href":"https:\/\/pyx4.com\/es\/wp-json\/wp\/v2\/pages\/19051\/revisions"}],"predecessor-version":[{"id":24091,"href":"https:\/\/pyx4.com\/es\/wp-json\/wp\/v2\/pages\/19051\/revisions\/24091"}],"wp:attachment":[{"href":"https:\/\/pyx4.com\/es\/wp-json\/wp\/v2\/media?parent=19051"}],"wp:term":[{"taxonomy":"type_contenu","embeddable":true,"href":"https:\/\/pyx4.com\/es\/wp-json\/wp\/v2\/type_contenu?post=19051"},{"taxonomy":"secteur_activite","embeddable":true,"href":"https:\/\/pyx4.com\/es\/wp-json\/wp\/v2\/secteur_activite?post=19051"},{"taxonomy":"produit_pyx4","embeddable":true,"href":"https:\/\/pyx4.com\/es\/wp-json\/wp\/v2\/produit_pyx4?post=19051"}],"curies":[{"name":"wp","href":"https:\/\/api.w.org\/{rel}","templated":true}]}}