{"id":18583,"date":"2021-07-01T15:00:19","date_gmt":"2021-07-01T15:00:19","guid":{"rendered":"https:\/\/pyx4.com\/?page_id=18583"},"modified":"2021-09-13T10:36:25","modified_gmt":"2021-09-13T10:36:25","slug":"about-pyx4","status":"publish","type":"page","link":"https:\/\/pyx4.com\/en\/about-pyx4\/","title":{"rendered":"About PYX4"},"content":{"rendered":"<div class=\"gb-container gb-container-0e5a4dd4\"><div class=\"gb-inside-container\">\n<div class=\"gb-container gb-container-cb23e85e\"><div class=\"gb-inside-container\">\n<div class=\"gb-grid-wrapper gb-grid-wrapper-9d1af70e\">\n<div class=\"gb-grid-column gb-grid-column-d1231cee\"><div class=\"gb-container gb-container-d1231cee\"><div class=\"gb-inside-container\">\n\n<div class=\"wp-block-image\"><figure class=\"aligncenter size-full\"><img decoding=\"async\" width=\"768\" height=\"768\" src=\"https:\/\/pyx4.com\/wp-content\/uploads\/2021\/08\/Edouard-Kodsi.png\" alt=\"\" class=\"wp-image-18104\" srcset=\"https:\/\/pyx4.com\/wp-content\/uploads\/2021\/08\/Edouard-Kodsi.png 768w, https:\/\/pyx4.com\/wp-content\/uploads\/2021\/08\/Edouard-Kodsi-300x300.png 300w, https:\/\/pyx4.com\/wp-content\/uploads\/2021\/08\/Edouard-Kodsi-150x150.png 150w\" sizes=\"(max-width: 768px) 100vw, 768px\" \/><\/figure><\/div>\n\n<\/div><\/div><\/div>\n\n<div class=\"gb-grid-column gb-grid-column-565b3b40\"><div class=\"gb-container gb-container-565b3b40\"><div class=\"gb-inside-container\">\n\n<h2 class=\"gb-headline gb-headline-e43dab68\"><span class=\"ez-toc-section\" id=\"Our_aim_is_to_be_recognised_as_an_activator_and_accelerator_of_sustainable_change_in_organisations\"><\/span><span class=\"gb-icon\"><svg xmlns=\"https:\/\/www.w3.org\/2000\/svg\" viewBox=\"0 0 40 28\"><path d=\"M30.6 28c-5.2 0-9.4-4.2-9.4-9.4C21.2 8 25.5 1 25.7.7l.5-.7H33l-.6 2C31.9 3.9 31 7.4 31 8.6v.6c2.4.1 4.6 1.1 6.3 2.8 1.7 1.8 2.7 4.1 2.7 6.6 0 5.2-4.2 9.4-9.4 9.4zM27.9 3.1c-1 2-3.6 7.7-3.6 15.5 0 3.4 2.8 6.2 6.2 6.2s6.2-2.8 6.2-6.2-2.7-6.2-6.1-6.2h-.1c-1.4 0-2-.7-2.4-1.3-.4-.7-.4-1.5-.4-2.4 0-1.2.6-3.7 1-5.5l-.8-.1zm2.7 6.1zM9.4 28C4.2 28 0 23.8 0 18.6 0 8 4.3 1 4.5.7l.4-.7h6.8l-.6 2c-.6 1.9-1.4 5.5-1.4 6.6v.6c2.4.1 4.6 1.1 6.3 2.8 1.7 1.8 2.7 4.1 2.7 6.6 0 5.2-4.2 9.4-9.3 9.4zM6.7 3.1c-1 2-3.6 7.7-3.6 15.5 0 3.4 2.8 6.2 6.2 6.2s6.2-2.8 6.2-6.2-2.7-6.2-6.1-6.2c-1.4 0-2-.7-2.4-1.3-.4-.7-.4-1.5-.4-2.4 0-1.2.6-3.7 1-5.5l-.9-.1zm2.7 6.1z\"><\/path><\/svg><\/span><span class=\"gb-headline-text\"><em>Our aim is to be recognised as an activator and accelerator of sustainable change in organisations.<\/em><\/span><span class=\"ez-toc-section-end\"><\/span><\/h2>\n\n<\/div><\/div><\/div>\n<\/div>\n<\/div><\/div>\n\n<div class=\"gb-container gb-container-b942d90e shadow\"><div class=\"gb-inside-container\">\n<div class=\"gb-grid-wrapper gb-grid-wrapper-f7b99481\">\n<div class=\"gb-grid-column gb-grid-column-5921b09f\"><div class=\"gb-container gb-container-5921b09f\"><div class=\"gb-inside-container\">\n<div class=\"gb-grid-column gb-grid-column-fa36b00a\"><div class=\"gb-container gb-container-fa36b00a\"><div class=\"gb-inside-container\">\n<div class=\"gb-container gb-container-deed7db3\"><div class=\"gb-inside-container\">\n\n<h3 class=\"gb-headline gb-headline-ba7ec507 gb-headline-text\">Our CEO<\/h3>\n\n<\/div><\/div>\n\n<div class=\"gb-container gb-container-0fd5d08d\"><div class=\"gb-inside-container\">\n\n<h2 class=\"gb-headline gb-headline-d8020609 gb-headline-text\"><span class=\"ez-toc-section\" id=\"Edouard_Kodsi\"><\/span><strong>Edouard<\/strong> Kodsi<span class=\"ez-toc-section-end\"><\/span><\/h2>\n\n<\/div><\/div>\n\n<div class=\"gb-container gb-container-7a6774e4\"><div class=\"gb-inside-container\">\n\n<p> <span class=\"has-inline-color has-white-color\">Edouard Kodsi, a Canadian citizen, has a dual education in Applied Sciences (Chemical Engineering) and Psychology\/Sociology, which he complemented with a degree in Quality Management. Edouard has developed his expertise for nearly a decade in Quality Consulting, BPM, and Integration through a consulting company he founded in Montreal. Edouard shares with his associates the desire to put forward their competence, their energy and their capacity to make their company grow by federating the talents of their teams.<\/span> <\/p>\n\n<\/div><\/div>\n<\/div><\/div><\/div>\n<\/div><\/div><\/div>\n<\/div>\n\n<div class=\"gb-grid-wrapper gb-grid-wrapper-cb32fcca\">\n<div class=\"gb-grid-column gb-grid-column-a1ed7bb7\"><div class=\"gb-container gb-container-a1ed7bb7\"><div class=\"gb-inside-container\">\n<div class=\"gb-grid-column gb-grid-column-2cce53c1\"><div class=\"gb-container gb-container-2cce53c1\"><div class=\"gb-inside-container\">\n<div class=\"gb-container gb-container-130017c5\"><div class=\"gb-inside-container\">\n\n<h3 class=\"gb-headline gb-headline-4f98d0bb gb-headline-text\"><strong>Our values<\/strong><\/h3>\n\n<\/div><\/div>\n\n<div class=\"gb-container gb-container-558c77b0\"><div class=\"gb-inside-container\">\n\n<h2 class=\"gb-headline gb-headline-8f369aed gb-headline-text\"><span class=\"ez-toc-section\" id=\"They_are_illustrated_through_4_axes\"><\/span>They are illustrated <strong>through 4 axes<\/strong><span class=\"ez-toc-section-end\"><\/span><\/h2>\n\n<\/div><\/div>\n\n<div class=\"gb-container gb-container-9f26a9e2\"><div class=\"gb-inside-container\">\n\n<p><\/p>\n\n<\/div><\/div>\n<\/div><\/div><\/div>\n<\/div><\/div><\/div>\n<\/div>\n<\/div><\/div>\n<\/div><\/div>\n\n<div class=\"gb-container gb-container-227fdd16\"><div class=\"gb-inside-container\">\n<div class=\"gb-container gb-container-4aabf650\"><div class=\"gb-inside-container\">\n<div class=\"gb-grid-wrapper gb-grid-wrapper-f15c8ddc\">\n<div class=\"gb-grid-column gb-grid-column-5a0c1a42\"><div class=\"gb-container gb-container-5a0c1a42 box white improver\" id=\"box-survol\"><a class=\"gb-container-link\" href=\"https:\/\/pyx4.com\/solutions\/produits\/pyx4-process\/\"><\/a><div class=\"gb-inside-container\">\n\n<h4 class=\"gb-headline gb-headline-cb49c3f1 gb-headline-text\">Benevolence<\/h4>\n\n\n\n<p>Considering others in a sincere and respectful manner, while favouring the collective.<\/p>\n\n<\/div><\/div><\/div>\n\n<div class=\"gb-grid-column gb-grid-column-bc930e78\"><div class=\"gb-container gb-container-bc930e78 box white pyx4\" id=\"box-survol\"><a class=\"gb-container-link\" href=\"https:\/\/pyx4.com\/solutions\/produits\/pyx4-improver\/\"><\/a><div class=\"gb-inside-container\">\n\n<h4 class=\"gb-headline gb-headline-673a934c gb-headline-text\">Responsibility<\/h4>\n\n\n\n<p>To be reliable in carrying out our missions, while being autonomous and free in our actions.<\/p>\n\n<\/div><\/div><\/div>\n\n<div class=\"gb-grid-column gb-grid-column-55a7b119\"><div class=\"gb-container gb-container-55a7b119 box white process\" id=\"box-survol\"><a class=\"gb-container-link\" href=\"https:\/\/pyx4.com\/solutions\/produits\/pyx4-risk\/\"><\/a><div class=\"gb-inside-container\">\n\n<h4 class=\"gb-headline gb-headline-501657f0 gb-headline-text\">Pragmatism<\/h4>\n\n\n\n<p>Favouring realistic and concrete solutions to our challenges and those of our clients.<\/p>\n\n<\/div><\/div><\/div>\n\n<div class=\"gb-grid-column gb-grid-column-c265189f\"><div class=\"gb-container gb-container-c265189f box white risk\" id=\"box-survol\"><a class=\"gb-container-link\" href=\"https:\/\/pyx4.com\/solutions\/produits\/pyx4-risk\/\"><\/a><div class=\"gb-inside-container\">\n\n<h4 class=\"gb-headline gb-headline-c9556630 gb-headline-text\">Rigour<\/h4>\n\n\n\n<p>Acting conscientiously and with integrity by reducing the distance between words and actions.<\/p>\n\n<\/div><\/div><\/div>\n<\/div>\n<\/div><\/div>\n<\/div><\/div>\n\n<div class=\"gb-container gb-container-e6c33493 timeline-wrapper\"><div class=\"gb-inside-container\">\n<div class=\"gb-container gb-container-a6619834\"><div class=\"gb-inside-container\">\n<div class=\"gb-grid-wrapper gb-grid-wrapper-1a9210f2\">\n<div class=\"gb-grid-column gb-grid-column-6f9934f6\"><div class=\"gb-container gb-container-6f9934f6\"><div class=\"gb-inside-container\">\n<div class=\"gb-container gb-container-b787631f\"><div class=\"gb-inside-container\">\n<div class=\"gb-container gb-container-e728d01a\"><div class=\"gb-inside-container\">\n\n<h3 class=\"gb-headline gb-headline-82da3889 gb-headline-text\"><strong>Our history<\/strong><\/h3>\n\n<\/div><\/div>\n\n<div class=\"gb-container gb-container-c29f7e44\"><div class=\"gb-inside-container\">\n\n<h2 class=\"gb-headline gb-headline-d932d84f gb-headline-text\"><span class=\"ez-toc-section\" id=\"AN_INTEGRATED_SUITE\"><\/span><strong>AN INTEGRATED SUITE<\/strong><span class=\"ez-toc-section-end\"><\/span><\/h2>\n\n<\/div><\/div>\n\n<div class=\"gb-container gb-container-6f9f38c5\"><div class=\"gb-inside-container\">\n\n<p>Our suite consists of four complementary modules dedicated to the management of organisations. With PYX4, benefit from the simplest and most intuitive platform on the market!<\/p>\n\n<\/div><\/div>\n<\/div><\/div>\n<\/div><\/div><\/div>\n\n<div class=\"gb-grid-column gb-grid-column-931425e0\"><div class=\"gb-container gb-container-931425e0\"><div class=\"gb-inside-container\"><\/div><\/div><\/div>\n<\/div>\n<\/div><\/div>\n\n<div class=\"gb-container gb-container-1f1c5e22\"><div class=\"gb-inside-container\">\n\n<section class=\"timeline timeline-section\">\n   <div class=\"container\">\n      <div class=\"timeline-item\">\n          <div class=\"timeline-img\"><\/div>\n          <div class=\"timeline-content js--fadeInLeft\">\n             <h2 class=\"h2-timeline\"><span class=\"ez-toc-section\" id=\"Laventure_continue_a_tres_vite_pour_de_nouvelles_aventures\"><\/span>L&#8217;aventure continue, \u00e0 tr\u00e8s vite pour de nouvelles aventures<span class=\"ez-toc-section-end\"><\/span><\/h2>\n             <div class=\"date\">2021<\/div>\n             <p><\/p>\n          <\/div>\n      <\/div>\n      <div class=\"timeline-item\">\n          <div class=\"timeline-img\"><\/div>\n          <div class=\"timeline-content timeline-card js--fadeInRight\">\n             <div class=\"timeline-img-header\">\n                <h2 class=\"h2-timeline\"><span class=\"ez-toc-section\" id=\"PYX4_Risk_Module_complementaire_dedie_a_la_gestion_des_risques\"><\/span>PYX4 Risk : Module compl\u00e9mentaire d\u00e9di\u00e9 \u00e0 la gestion des risques<span class=\"ez-toc-section-end\"><\/span><\/h2><\/div>\n             <div class=\"date\">2020<\/div>\n             <p><\/p>\n          <\/div>\n      <\/div>\n      <div class=\"timeline-item\">\n         <div class=\"timeline-img\"><\/div>\n         <div class=\"timeline-content js--fadeInLeft\">\n            <h2 class=\"h2-timeline\"><span class=\"ez-toc-section\" id=\"Nouvelle_version_de_PYX4_Improver\"><\/span>Nouvelle version de PYX4 Improver<span class=\"ez-toc-section-end\"><\/span><\/h2>\n            <div class=\"date\">2019<\/div>\n            <p>Ergonomie et nouvelles options revisit\u00e9es pour une utilisation encore plus performante.<\/p>\n         <\/div>\n      <\/div>\n      <div class=\"timeline-item\">\n         <div class=\"timeline-img\"><\/div>\n         <div class=\"timeline-content timeline-card js--fadeInRight\">\n            <div class=\"timeline-img-header\">\n               <h2 class=\"h2-timeline\"><span class=\"ez-toc-section\" id=\"Ouverture_de_PYX4_Canada\"><\/span>Ouverture de PYX4 Canada<span class=\"ez-toc-section-end\"><\/span><\/h2><\/div>\n            <div class=\"date\">2018<\/div>\n            <p>PYX4 se d\u00e9veloppe \u00e0 l&#8217;international avec un nouveau bureau au Canada \u00e0 Montr\u00e9al.<\/p>\n         <\/div>\n      <\/div>\n      <div class=\"timeline-item\">\n         <div class=\"timeline-img\"><\/div>\n         <div class=\"timeline-content js--fadeInLeft\">\n            <div class=\"date\">2017<\/div>\n            <h2 class=\"h2-timeline\"><span class=\"ez-toc-section\" id=\"Sortie_de_PYX4_Store\"><\/span>Sortie de PYX4 Store<span class=\"ez-toc-section-end\"><\/span><\/h2>\n            <p>Sortie de PYX4 Store, plateforme communautaire et collaborative, dont le but est de partager les meilleures pratiques par secteurs.<\/p>\n         <\/div>\n      <\/div>\n     <div class=\"timeline-item\">\n         <div class=\"timeline-img\"><\/div>\n         <div class=\"timeline-content timeline-card js--fadeInRight\">\n            <div class=\"timeline-img-header\">\n               <h2 class=\"h2-timeline\"><span class=\"ez-toc-section\" id=\"Premiere_edition_du_Barometre_de_la_Qualite\"><\/span>Premi\u00e8re \u00e9dition du Barom\u00e8tre de la Qualit\u00e9<span class=\"ez-toc-section-end\"><\/span><\/h2><\/div>\n            <div class=\"date\">2016<\/div>\n            <p>Sortie du Barom\u00e8tre de la Qualit\u00e9 pour f\u00e9d\u00e9rer et renforcer les connaissances m\u00e9tier.<\/p>\n         <\/div>\n      <\/div>\n      <div class=\"timeline-item\">\n         <div class=\"timeline-img\"><\/div>\n         <div class=\"timeline-content js--fadeInLeft\">\n            <div class=\"date\">2016<\/div>\n            <h2 class=\"h2-timeline\"><span class=\"ez-toc-section\" id=\"Lapplication_PYX4_connait_une_croissance_rapide\"><\/span>L\u2019application PYX4 conna\u00eet une croissance rapide<span class=\"ez-toc-section-end\"><\/span><\/h2>\n            <p>L\u2019application PYX4 conna\u00eet une croissance rapide, et d\u00e9passe en Ao\u00fbt 2015 les 3000 utilisateurs.<\/p>\n         <\/div>\n      <\/div>\n   <\/div>\n      \n      <div class=\"timeline-item\">\n         <div class=\"timeline-img\"><\/div>\n         <div class=\"timeline-content timeline-card js--fadeInRight\">\n            <div class=\"timeline-img-header\">\n               <h2 class=\"h2-timeline\"><span class=\"ez-toc-section\" id=\"OTC_Agregator_et_ACG_Management_investissent\"><\/span>OTC Agregator et ACG Management investissent<span class=\"ez-toc-section-end\"><\/span><\/h2><\/div>\n            <div class=\"date\">2015<\/div>\n            <p>OTC Agregator et ACG Management investissent simultan\u00e9ment 1,4 Millions et 1,6 Millions d\u2019Euros dans le projet PYX4. Objectifs : intensifier la R&amp;D et acc\u00e9l\u00e9rer le d\u00e9veloppement \u00e0 l\u2019international.\n<\/p>\n         <\/div>\n      <\/div>\n      <div class=\"timeline-item\">\n         <div class=\"timeline-img\"><\/div>\n         <div class=\"timeline-content js--fadeInLeft\">\n            <div class=\"date\">2015<\/div>\n            <h2 class=\"h2-timeline\"><span class=\"ez-toc-section\" id=\"PYX4_Improver_Premier_module_complementaire\"><\/span>PYX4 Improver : Premier module compl\u00e9mentaire<span class=\"ez-toc-section-end\"><\/span><\/h2>\n            <p>PYX4 Improver, premier module compl\u00e9mentaire \u00e0 PYX4 Process sort et r\u00e9pond \u00e0 une demande forte du march\u00e9 sur la gestion de la qualit\u00e9 et de l\u2019am\u00e9lioration continue.<\/p>\n         <\/div>\n      <\/div>\n      <div class=\"timeline-item\">\n         <div class=\"timeline-img\"><\/div>\n         <div class=\"timeline-content timeline-card js--fadeInRight\">\n            <div class=\"timeline-img-header\">\n               <h2 class=\"h2-timeline\"><span class=\"ez-toc-section\" id=\"La_solution_PYX4_est_citee_par_le_Gartner\"><\/span>La solution PYX4 est cit\u00e9e par le Gartner<span class=\"ez-toc-section-end\"><\/span><\/h2><\/div>\n            <div class=\"date\">2015<\/div>\n            <p>La solution PYX4 est cit\u00e9e par le Gartner comme &#8220;Representative Vendor&#8221; dans le Market Guide for Business Process Analysis 2015.<\/p>\n         <\/div>\n      <\/div>\n      <div class=\"timeline-item\">\n         <div class=\"timeline-img\"><\/div>\n         <div class=\"timeline-content js--fadeInLeft\">\n            <div class=\"date\">2013<\/div>\n            <h2 class=\"h2-timeline\"><span class=\"ez-toc-section\" id=\"Lancement_de_PYX4\"><\/span>Lancement de PYX4<span class=\"ez-toc-section-end\"><\/span><\/h2>\n            <p>Lancement de PYX4, descendant de r\u00e9f\u00e9rence sur le march\u00e9 du BPM Qualigram \u2026 La r\u00e9volution est en marche !<\/p>\n         <\/div>\n      <\/div>\n   \n<\/section>\n\n<\/div><\/div>\n<\/div><div class=\"gb-shapes\"><div class=\"gb-shape gb-shape-1\"><svg xmlns=\"http:\/\/www.w3.org\/2000\/svg\" viewBox=\"0 0 1200 100\" preserveAspectRatio=\"none\"><path d=\"M1200 77.2L400 0 0 77.2V100h1200z\"\/><\/svg><\/div><div class=\"gb-shape gb-shape-2\"><svg xmlns=\"http:\/\/www.w3.org\/2000\/svg\" viewBox=\"0 0 1200 100\" preserveAspectRatio=\"none\"><path d=\"M1200 100H0V0l400 77.2L1200 0z\"\/><\/svg><\/div><\/div><\/div>\n\n<div class=\"gb-container gb-container-fb95d250\"><div class=\"gb-inside-container\">\n<div class=\"gb-grid-wrapper gb-grid-wrapper-ffa65a58\">\n<div class=\"gb-grid-column gb-grid-column-bda040e1\"><div class=\"gb-container gb-container-bda040e1\"><div class=\"gb-inside-container\">\n<div class=\"gb-container gb-container-4dc57c94\"><div class=\"gb-inside-container\">\n\n<h3 class=\"gb-headline gb-headline-16d33fb2 gb-headline-text\"><strong><strong>DISCOVER PYX4<\/strong><\/strong><\/h3>\n\n<\/div><\/div>\n\n<div class=\"gb-container gb-container-df7aa3c0\"><div class=\"gb-inside-container\">\n\n<h2 class=\"gb-headline gb-headline-1503671f gb-headline-text\"><span class=\"ez-toc-section\" id=\"GO_FURTHER_IN_THE_DISCOVERY_OF_PYX4\"><\/span><strong><strong>GO FURTHER<\/strong><\/strong> IN THE DISCOVERY OF PYX4<span class=\"ez-toc-section-end\"><\/span><\/h2>\n\n<\/div><\/div>\n\n<div class=\"gb-container gb-container-bd60ba66\"><div class=\"gb-inside-container\">\n\n<p>Would you like to find out more about PYX4, our team or our products? Then please click on one of the following links to continue your visit.<\/p>\n\n<\/div><\/div>\n<\/div><\/div><\/div>\n\n<div class=\"gb-grid-column gb-grid-column-3558c172\"><div class=\"gb-container gb-container-3558c172 box pyx4\" id=\"box-survol\"><a class=\"gb-container-link\" href=\"https:\/\/pyx4.com\/en\/pyx4-team\/\"><\/a><div class=\"gb-inside-container\">\n<div class=\"gb-container gb-container-b27896ae\"><div class=\"gb-inside-container\">\n\n<h4 class=\"gb-headline gb-headline-b7f3c281 gb-headline-text\"><strong>Our team<\/strong><\/h4>\n\n<\/div><\/div>\n\n<div class=\"gb-container gb-container-88c7c309\"><div class=\"gb-inside-container\">\n\n<p><span class=\"has-inline-color has-gray-color\">Discover the PYX4 team! Composed of business experts, it will be dedicated to your project.<\/span><\/p>\n\n\n<div class=\"gb-button-wrapper gb-button-wrapper-6a512041\">\n\n<a class=\"gb-button gb-button-17947714\" href=\"https:\/\/pyx4.com\/en\/pyx4-team\/\"><span class=\"gb-button-text\"><strong>Discover<\/strong><\/span><span class=\"gb-icon\"><svg aria-hidden=\"true\" role=\"img\" height=\"1em\" width=\"1em\" viewBox=\"0 0 256 512\" xmlns=\"https:\/\/www.w3.org\/2000\/svg\"><path fill=\"currentColor\" d=\"M224.3 273l-136 136c-9.4 9.4-24.6 9.4-33.9 0l-22.6-22.6c-9.4-9.4-9.4-24.6 0-33.9l96.4-96.4-96.4-96.4c-9.4-9.4-9.4-24.6 0-33.9L54.3 103c9.4-9.4 24.6-9.4 33.9 0l136 136c9.5 9.4 9.5 24.6.1 34z\"><\/path><\/svg><\/span><\/a>\n\n<\/div>\n<\/div><\/div>\n<\/div><\/div><\/div>\n\n<div class=\"gb-grid-column gb-grid-column-383a42d7\"><div class=\"gb-container gb-container-383a42d7 box pyx4\" id=\"box-survol\"><a class=\"gb-container-link\" href=\"https:\/\/pyx4.com\/en\/software-pyx4\/products\/\"><\/a><div class=\"gb-inside-container\">\n<div class=\"gb-container gb-container-cf1c4c19\"><div class=\"gb-inside-container\">\n\n<h4 class=\"gb-headline gb-headline-ebdf163a gb-headline-text\"><strong>PYX4 platform<\/strong><\/h4>\n\n<\/div><\/div>\n\n<div class=\"gb-container gb-container-7de3428c\"><div class=\"gb-inside-container\">\n\n<p><span class=\"has-inline-color has-gray-color\">Discover the PYX4 suite composed of 4 modules dedicated to the management of organizations.<\/span><\/p>\n\n\n<div class=\"gb-button-wrapper gb-button-wrapper-39ae23d0\">\n\n<a class=\"gb-button gb-button-491febd2\" href=\"https:\/\/pyx4.com\/en\/software-pyx4\/products\/\"><span class=\"gb-button-text\"><strong>Discover<\/strong><\/span><span class=\"gb-icon\"><svg aria-hidden=\"true\" role=\"img\" height=\"1em\" width=\"1em\" viewBox=\"0 0 256 512\" xmlns=\"https:\/\/www.w3.org\/2000\/svg\"><path fill=\"currentColor\" d=\"M224.3 273l-136 136c-9.4 9.4-24.6 9.4-33.9 0l-22.6-22.6c-9.4-9.4-9.4-24.6 0-33.9l96.4-96.4-96.4-96.4c-9.4-9.4-9.4-24.6 0-33.9L54.3 103c9.4-9.4 24.6-9.4 33.9 0l136 136c9.5 9.4 9.5 24.6.1 34z\"><\/path><\/svg><\/span><\/a>\n\n<\/div>\n<\/div><\/div>\n<\/div><\/div><\/div>\n<\/div>\n<\/div><\/div>\n\n<div class=\"gb-container gb-container-b67cf340\"><div class=\"gb-inside-container\">\n<div class=\"gb-container gb-container-571ce878\"><div class=\"gb-inside-container\">\n<div class=\"gb-grid-wrapper gb-grid-wrapper-e2a9974c\">\n<div class=\"gb-grid-column gb-grid-column-6d3db6a4\"><div class=\"gb-container gb-container-6d3db6a4\"><div class=\"gb-inside-container\">\n<div class=\"gb-container gb-container-c33b39a6\"><div class=\"gb-inside-container\">\n<div class=\"gb-container gb-container-26e9a93c\"><div class=\"gb-inside-container\">\n\n<h3 class=\"gb-headline gb-headline-e889ba2a gb-headline-text\"><strong>Are you interested in our team?<\/strong><\/h3>\n\n\n\n<p class=\"has-white-color has-text-color\">Do you like challenges, progress, learning and taking on new challenges? Then join our dynamic, creative and passionate team<\/p>\n\n<\/div><\/div>\n\n<div class=\"gb-container gb-container-650a5e7b\"><div class=\"gb-inside-container\">\n\n<p class=\"has-white-color has-text-color has-normal-font-size\"><\/p>\n\n<\/div><\/div>\n\n<div class=\"gb-container gb-container-01cbadc2\"><div class=\"gb-inside-container\">\n<div class=\"gb-button-wrapper gb-button-wrapper-98e69a30\">\n\n<a class=\"gb-button gb-button-c096e3f5 gb-button-text btn\" href=\"https:\/\/pyx4.com\/en\/hiring\/\">See the job offers<\/a>\n\n<\/div>\n<\/div><\/div>\n<\/div><\/div>\n<\/div><\/div><\/div>\n\n<div class=\"gb-grid-column gb-grid-column-a90c6038\"><div class=\"gb-container gb-container-a90c6038\"><div class=\"gb-inside-container\">\n\n<figure class=\"wp-block-image size-large is-resized is-style-default\"><img decoding=\"async\" src=\"https:\/\/pyx4.com\/wp-content\/uploads\/2021\/07\/Webinar-pana-1-1024x1024.png\" alt=\"\" class=\"wp-image-15476\" width=\"528\" srcset=\"https:\/\/pyx4.com\/wp-content\/uploads\/2021\/07\/Webinar-pana-1-1024x1024.png 1024w, https:\/\/pyx4.com\/wp-content\/uploads\/2021\/07\/Webinar-pana-1-300x300.png 300w, https:\/\/pyx4.com\/wp-content\/uploads\/2021\/07\/Webinar-pana-1-150x150.png 150w, https:\/\/pyx4.com\/wp-content\/uploads\/2021\/07\/Webinar-pana-1-768x768.png 768w, https:\/\/pyx4.com\/wp-content\/uploads\/2021\/07\/Webinar-pana-1-1536x1536.png 1536w, https:\/\/pyx4.com\/wp-content\/uploads\/2021\/07\/Webinar-pana-1.png 2000w\" sizes=\"(max-width: 1024px) 100vw, 1024px\" \/><\/figure>\n\n<\/div><\/div><\/div>\n<\/div>\n<\/div><\/div>\n<\/div><\/div>","protected":false},"excerpt":{"rendered":"<p>Our mission is to create solutions that develop complicity between people and their organisations to build their success.<\/p>\n","protected":false},"author":8,"featured_media":0,"parent":0,"menu_order":7,"comment_status":"closed","ping_status":"closed","template":"","meta":{"_acf_changed":false,"inline_featured_image":false,"footnotes":""},"type_contenu":[],"secteur_activite":[],"produit_pyx4":[],"class_list":["post-18583","page","type-page","status-publish"],"acf":[],"_links":{"self":[{"href":"https:\/\/pyx4.com\/en\/wp-json\/wp\/v2\/pages\/18583","targetHints":{"allow":["GET"]}}],"collection":[{"href":"https:\/\/pyx4.com\/en\/wp-json\/wp\/v2\/pages"}],"about":[{"href":"https:\/\/pyx4.com\/en\/wp-json\/wp\/v2\/types\/page"}],"author":[{"embeddable":true,"href":"https:\/\/pyx4.com\/en\/wp-json\/wp\/v2\/users\/8"}],"replies":[{"embeddable":true,"href":"https:\/\/pyx4.com\/en\/wp-json\/wp\/v2\/comments?post=18583"}],"version-history":[{"count":8,"href":"https:\/\/pyx4.com\/en\/wp-json\/wp\/v2\/pages\/18583\/revisions"}],"predecessor-version":[{"id":21063,"href":"https:\/\/pyx4.com\/en\/wp-json\/wp\/v2\/pages\/18583\/revisions\/21063"}],"wp:attachment":[{"href":"https:\/\/pyx4.com\/en\/wp-json\/wp\/v2\/media?parent=18583"}],"wp:term":[{"taxonomy":"type_contenu","embeddable":true,"href":"https:\/\/pyx4.com\/en\/wp-json\/wp\/v2\/type_contenu?post=18583"},{"taxonomy":"secteur_activite","embeddable":true,"href":"https:\/\/pyx4.com\/en\/wp-json\/wp\/v2\/secteur_activite?post=18583"},{"taxonomy":"produit_pyx4","embeddable":true,"href":"https:\/\/pyx4.com\/en\/wp-json\/wp\/v2\/produit_pyx4?post=18583"}],"curies":[{"name":"wp","href":"https:\/\/api.w.org\/{rel}","templated":true}]}}